{"id":23355,"date":"2024-06-18T04:50:16","date_gmt":"2024-06-17T20:50:16","guid":{"rendered":"https:\/\/shuji.ca\/?post_type=product&#038;p=23355"},"modified":"2024-08-19T05:10:44","modified_gmt":"2024-08-19T09:10:44","slug":"trendy-panda-portable-teapot-set-with-2-teacups-comes-with-leather-carrying-case","status":"publish","type":"product","link":"https:\/\/shuji.ca\/fr\/shop\/home-kitchen\/kitchen-appliances-home-kitchen\/trendy-panda-portable-teapot-set-with-2-teacups-comes-with-leather-carrying-case\/","title":{"rendered":"Trendy Panda Portable Teapot Set with 2 Teacups- Comes with Leather Carrying Case"},"content":{"rendered":"<p><strong>Caract\u00e9ristiques :<\/strong><\/p>\n<ul>\n<li>Le pot est bien construit avec du verre borosilicat\u00e9 et de la c\u00e9ramique de haute qualit\u00e9.<\/li>\n<li>Mignon panda dans une petite tasse \u00e0 th\u00e9 !<\/li>\n<li>Filtre int\u00e9gr\u00e9 pour une utilisation pratique<\/li>\n<li>\u00c9tui de transport en bois v\u00e9ritable et en cuir pour une meilleure stabilit\u00e9<\/li>\n<li>Design multifonctionnel et \u00e9l\u00e9gant<\/li>\n<\/ul>\n<p><strong>Mat\u00e9riau :<\/strong><\/p>\n<ul>\n<li>Fabriqu\u00e9 en c\u00e9ramique de haute qualit\u00e9 et en verre borosilicat\u00e9 sans danger pour les familles et les enfants<\/li>\n<\/ul>\n<p><img fetchpriority=\"high\" decoding=\"async\" class=\"alignnone size-full wp-image-23357 aligncenter\" src=\"https:\/\/shuji.ca\/wp-content\/uploads\/2024\/06\/ppp4.jpg\" alt=\"\" width=\"790\" height=\"876\" srcset=\"https:\/\/shuji.ca\/wp-content\/uploads\/2024\/06\/ppp4.jpg 790w, https:\/\/shuji.ca\/wp-content\/uploads\/2024\/06\/ppp4-271x300.jpg 271w, https:\/\/shuji.ca\/wp-content\/uploads\/2024\/06\/ppp4-768x852.jpg 768w, https:\/\/shuji.ca\/wp-content\/uploads\/2024\/06\/ppp4-600x665.jpg 600w\" sizes=\"(max-width: 790px) 100vw, 790px\" \/> <img decoding=\"async\" class=\"alignnone size-full wp-image-23356 aligncenter\" src=\"https:\/\/shuji.ca\/wp-content\/uploads\/2024\/06\/ppp5.jpg\" alt=\"\" width=\"790\" height=\"1152\" srcset=\"https:\/\/shuji.ca\/wp-content\/uploads\/2024\/06\/ppp5.jpg 790w, https:\/\/shuji.ca\/wp-content\/uploads\/2024\/06\/ppp5-206x300.jpg 206w, https:\/\/shuji.ca\/wp-content\/uploads\/2024\/06\/ppp5-702x1024.jpg 702w, https:\/\/shuji.ca\/wp-content\/uploads\/2024\/06\/ppp5-768x1120.jpg 768w, https:\/\/shuji.ca\/wp-content\/uploads\/2024\/06\/ppp5-600x875.jpg 600w\" sizes=\"(max-width: 790px) 100vw, 790px\" \/> <img decoding=\"async\" class=\"alignnone size-full wp-image-23359 aligncenter\" src=\"https:\/\/shuji.ca\/wp-content\/uploads\/2024\/06\/ppp2.jpg\" alt=\"\" width=\"790\" height=\"1125\" srcset=\"https:\/\/shuji.ca\/wp-content\/uploads\/2024\/06\/ppp2.jpg 790w, https:\/\/shuji.ca\/wp-content\/uploads\/2024\/06\/ppp2-211x300.jpg 211w, https:\/\/shuji.ca\/wp-content\/uploads\/2024\/06\/ppp2-719x1024.jpg 719w, https:\/\/shuji.ca\/wp-content\/uploads\/2024\/06\/ppp2-768x1094.jpg 768w, https:\/\/shuji.ca\/wp-content\/uploads\/2024\/06\/ppp2-600x854.jpg 600w\" sizes=\"(max-width: 790px) 100vw, 790px\" \/> <img loading=\"lazy\" decoding=\"async\" class=\"alignnone size-full wp-image-23361 aligncenter\" src=\"https:\/\/shuji.ca\/wp-content\/uploads\/2024\/06\/ppp7.jpg\" alt=\"\" width=\"800\" height=\"800\" srcset=\"https:\/\/shuji.ca\/wp-content\/uploads\/2024\/06\/ppp7.jpg 800w, https:\/\/shuji.ca\/wp-content\/uploads\/2024\/06\/ppp7-300x300.jpg 300w, https:\/\/shuji.ca\/wp-content\/uploads\/2024\/06\/ppp7-150x150.jpg 150w, https:\/\/shuji.ca\/wp-content\/uploads\/2024\/06\/ppp7-768x768.jpg 768w, https:\/\/shuji.ca\/wp-content\/uploads\/2024\/06\/ppp7-600x600.jpg 600w, https:\/\/shuji.ca\/wp-content\/uploads\/2024\/06\/ppp7-100x100.jpg 100w\" sizes=\"(max-width: 800px) 100vw, 800px\" \/><\/p>","protected":false},"excerpt":{"rendered":"<p>Features: The pot is well built with high grade borosilicate glass and ceramic Cute panda in a small tea cup! Integrated filter for convenient use Carrying case made of real wood and leather for stability Multi-functional and stylish design Material: Made from high-quality ceramic and borosilicate glass safe for families and kids<\/p>","protected":false},"featured_media":23360,"comment_status":"open","ping_status":"closed","template":"","meta":[],"product_brand":[],"product_cat":[1204,1245],"product_tag":[],"class_list":{"0":"post-23355","1":"product","2":"type-product","3":"status-publish","4":"has-post-thumbnail","6":"product_cat-home-kitchen","7":"product_cat-kitchen-appliances-home-kitchen","8":"product_shipping_class-havestock","10":"first","11":"instock","12":"taxable","13":"shipping-taxable","14":"purchasable","15":"product-type-simple"},"_links":{"self":[{"href":"https:\/\/shuji.ca\/fr\/wp-json\/wp\/v2\/product\/23355","targetHints":{"allow":["GET"]}}],"collection":[{"href":"https:\/\/shuji.ca\/fr\/wp-json\/wp\/v2\/product"}],"about":[{"href":"https:\/\/shuji.ca\/fr\/wp-json\/wp\/v2\/types\/product"}],"replies":[{"embeddable":true,"href":"https:\/\/shuji.ca\/fr\/wp-json\/wp\/v2\/comments?post=23355"}],"wp:featuredmedia":[{"embeddable":true,"href":"https:\/\/shuji.ca\/fr\/wp-json\/wp\/v2\/media\/23360"}],"wp:attachment":[{"href":"https:\/\/shuji.ca\/fr\/wp-json\/wp\/v2\/media?parent=23355"}],"wp:term":[{"taxonomy":"product_brand","embeddable":true,"href":"https:\/\/shuji.ca\/fr\/wp-json\/wp\/v2\/product_brand?post=23355"},{"taxonomy":"product_cat","embeddable":true,"href":"https:\/\/shuji.ca\/fr\/wp-json\/wp\/v2\/product_cat?post=23355"},{"taxonomy":"product_tag","embeddable":true,"href":"https:\/\/shuji.ca\/fr\/wp-json\/wp\/v2\/product_tag?post=23355"}],"curies":[{"name":"wp","href":"https:\/\/api.w.org\/{rel}","templated":true}]}}