{"id":23067,"date":"2024-06-17T14:03:42","date_gmt":"2024-06-17T06:03:42","guid":{"rendered":"https:\/\/shuji.ca\/?post_type=product&#038;p=23067"},"modified":"2024-10-17T02:27:45","modified_gmt":"2024-10-17T06:27:45","slug":"japanese-tea-set-starlight-blue-porcelain-tea-set-with-1-teapot-6-tea-cups-1-tea-tray-and-1-stainless-infuser-elegant-japanese-tea-set-for-tea-lovers","status":"publish","type":"product","link":"https:\/\/shuji.ca\/fr\/shop\/home-kitchen\/kitchen-appliances-home-kitchen\/japanese-tea-set-starlight-blue-porcelain-tea-set-with-1-teapot-6-tea-cups-1-tea-tray-and-1-stainless-infuser-elegant-japanese-tea-set-for-tea-lovers\/","title":{"rendered":"Service \u00e0 th\u00e9 japonais, service \u00e0 th\u00e9 en porcelaine bleu \u00e9toil\u00e9 avec 1 th\u00e9i\u00e8re et 6 tasses \u00e0 th\u00e9, 1 plateau \u00e0 th\u00e9 et 1 infuseur en inox - Service \u00e0 th\u00e9 japonais \u00e9l\u00e9gant pour les amateurs de th\u00e9"},"content":{"rendered":"<p>Caract\u00e9ristiques :<\/p>\n<ul class=\"a-unordered-list a-vertical a-spacing-mini\">\n<li class=\"a-spacing-mini\"><span class=\"a-list-item\">Classique et exquis, cet ensemble de th\u00e9i\u00e8res pr\u00e9sente un style d'art japonais traditionnel serein. Satisfaites votre d\u00e9sir de vie pastorale. Vivant, r\u00e9el et beau. Boire du th\u00e9 avec ce service \u00e0 th\u00e9, c'est comme tenir dans ses mains la beaut\u00e9 d'un style japonais lointain. Vous serez heureux de partager ce sentiment avec votre famille ou vos amis.<\/span><\/li>\n<li class=\"a-spacing-mini\"><span class=\"a-list-item\">La poign\u00e9e de la th\u00e9i\u00e8re est en corde de chanvre traditionnelle, r\u00e9tro et anti-chaleur, vous vous sentirez \u00e0 l'aise en la saisissant. Le filtre en acier inoxydable int\u00e9gr\u00e9 permet de s\u00e9parer le th\u00e9 et de le boire facilement. Un bec verseur lisse permet \u00e0 l'eau de s'\u00e9couler en douceur. Livr\u00e9 avec un plateau \u00e0 th\u00e9 amovible, vous pouvez nettoyer l'ensemble en 2 minutes. La ficelle rouge est utilis\u00e9e pour lier le couvercle et la poign\u00e9e, vous n'avez donc pas \u00e0 vous inqui\u00e9ter que le couvercle tombe lorsque vous faites du th\u00e9.<\/span><\/li>\n<li class=\"a-spacing-mini\"><span class=\"a-list-item\">Ce service \u00e0 th\u00e9 japonais est mignon et pittoresque, il est pratique, appr\u00e9ci\u00e9 et a une valeur de collection. Il peut \u00e9galement \u00eatre utilis\u00e9 comme pi\u00e8ce d\u00e9corative dans votre cuisine ou votre salon. Parfait pour les voyages ou les sorties loin de la maison. Un beau cadeau pour les amateurs de th\u00e9 ou vos amis qui sont fascin\u00e9s par la culture et l'art japonais. Un sourire s'affichera sur leur visage lorsqu'ils recevront ce service \u00e0 th\u00e9.<\/span><\/li>\n<li class=\"a-spacing-mini\"><span class=\"a-list-item\">Ce service \u00e0 th\u00e9 comprend 1 th\u00e9i\u00e8re (27.7oz\/820ml) avec filtre en acier inoxydable, 6 tasses \u00e0 th\u00e9 (6.1oz\/180ml), et 1 plateau \u00e0 th\u00e9 d\u00e9tachable (12.2\"\/31cm*8.7\"\/22cm). Le service \u00e0 th\u00e9 est fabriqu\u00e9 en kaolin naturel de haute qualit\u00e9, durable et de haute qualit\u00e9. Il ne contient ni cadmium ni plomb et a pass\u00e9 les tests SGS et MSDS.<\/span><\/li>\n<\/ul>\n<p><img fetchpriority=\"high\" decoding=\"async\" class=\"alignnone size-full wp-image-23092 aligncenter\" src=\"https:\/\/shuji.ca\/wp-content\/uploads\/2024\/06\/914216-9.jpg\" alt=\"\" width=\"800\" height=\"800\" srcset=\"https:\/\/shuji.ca\/wp-content\/uploads\/2024\/06\/914216-9.jpg 800w, https:\/\/shuji.ca\/wp-content\/uploads\/2024\/06\/914216-9-300x300.jpg 300w, https:\/\/shuji.ca\/wp-content\/uploads\/2024\/06\/914216-9-150x150.jpg 150w, https:\/\/shuji.ca\/wp-content\/uploads\/2024\/06\/914216-9-768x768.jpg 768w, https:\/\/shuji.ca\/wp-content\/uploads\/2024\/06\/914216-9-600x600.jpg 600w, https:\/\/shuji.ca\/wp-content\/uploads\/2024\/06\/914216-9-100x100.jpg 100w\" sizes=\"(max-width: 800px) 100vw, 800px\" \/> <img decoding=\"async\" class=\"alignnone size-full wp-image-23086 aligncenter\" src=\"https:\/\/shuji.ca\/wp-content\/uploads\/2024\/06\/370318-8.jpg\" alt=\"\" width=\"800\" height=\"800\" srcset=\"https:\/\/shuji.ca\/wp-content\/uploads\/2024\/06\/370318-8.jpg 800w, https:\/\/shuji.ca\/wp-content\/uploads\/2024\/06\/370318-8-300x300.jpg 300w, https:\/\/shuji.ca\/wp-content\/uploads\/2024\/06\/370318-8-150x150.jpg 150w, https:\/\/shuji.ca\/wp-content\/uploads\/2024\/06\/370318-8-768x768.jpg 768w, https:\/\/shuji.ca\/wp-content\/uploads\/2024\/06\/370318-8-600x600.jpg 600w, https:\/\/shuji.ca\/wp-content\/uploads\/2024\/06\/370318-8-100x100.jpg 100w\" sizes=\"(max-width: 800px) 100vw, 800px\" \/> <img decoding=\"async\" class=\"alignnone size-full wp-image-23089 aligncenter\" src=\"https:\/\/shuji.ca\/wp-content\/uploads\/2024\/06\/590967-10.jpg\" alt=\"\" width=\"800\" height=\"800\" srcset=\"https:\/\/shuji.ca\/wp-content\/uploads\/2024\/06\/590967-10.jpg 800w, https:\/\/shuji.ca\/wp-content\/uploads\/2024\/06\/590967-10-300x300.jpg 300w, https:\/\/shuji.ca\/wp-content\/uploads\/2024\/06\/590967-10-150x150.jpg 150w, https:\/\/shuji.ca\/wp-content\/uploads\/2024\/06\/590967-10-768x768.jpg 768w, https:\/\/shuji.ca\/wp-content\/uploads\/2024\/06\/590967-10-600x600.jpg 600w, https:\/\/shuji.ca\/wp-content\/uploads\/2024\/06\/590967-10-100x100.jpg 100w\" sizes=\"(max-width: 800px) 100vw, 800px\" \/><\/p>","protected":false},"excerpt":{"rendered":"<p>Features: Classic and exquisite, this teapot set features a serene traditional Japanese art style. Satisfy your yearning for pastoral life. Vivid, real and beautiful. Drinking tea with this tea set is just like holding the beauty of distant Japanese style in your hands. You will be happy sharing this feeling with your families or friends. [&hellip;]<\/p>","protected":false},"featured_media":23092,"comment_status":"open","ping_status":"closed","template":"","meta":[],"product_brand":[],"product_cat":[1204,1245],"product_tag":[],"class_list":{"0":"post-23067","1":"product","2":"type-product","3":"status-publish","4":"has-post-thumbnail","6":"product_cat-home-kitchen","7":"product_cat-kitchen-appliances-home-kitchen","8":"product_shipping_class-preorder","9":"product-has-variation-images","11":"first","12":"instock","13":"taxable","14":"shipping-taxable","15":"purchasable","16":"product-type-variable"},"_links":{"self":[{"href":"https:\/\/shuji.ca\/fr\/wp-json\/wp\/v2\/product\/23067","targetHints":{"allow":["GET"]}}],"collection":[{"href":"https:\/\/shuji.ca\/fr\/wp-json\/wp\/v2\/product"}],"about":[{"href":"https:\/\/shuji.ca\/fr\/wp-json\/wp\/v2\/types\/product"}],"replies":[{"embeddable":true,"href":"https:\/\/shuji.ca\/fr\/wp-json\/wp\/v2\/comments?post=23067"}],"wp:featuredmedia":[{"embeddable":true,"href":"https:\/\/shuji.ca\/fr\/wp-json\/wp\/v2\/media\/23092"}],"wp:attachment":[{"href":"https:\/\/shuji.ca\/fr\/wp-json\/wp\/v2\/media?parent=23067"}],"wp:term":[{"taxonomy":"product_brand","embeddable":true,"href":"https:\/\/shuji.ca\/fr\/wp-json\/wp\/v2\/product_brand?post=23067"},{"taxonomy":"product_cat","embeddable":true,"href":"https:\/\/shuji.ca\/fr\/wp-json\/wp\/v2\/product_cat?post=23067"},{"taxonomy":"product_tag","embeddable":true,"href":"https:\/\/shuji.ca\/fr\/wp-json\/wp\/v2\/product_tag?post=23067"}],"curies":[{"name":"wp","href":"https:\/\/api.w.org\/{rel}","templated":true}]}}