{"id":23046,"date":"2024-06-17T13:36:55","date_gmt":"2024-06-17T05:36:55","guid":{"rendered":"https:\/\/shuji.ca\/?post_type=product&#038;p=23046"},"modified":"2024-08-19T06:02:50","modified_gmt":"2024-08-19T10:02:50","slug":"6-pcs-cute-kitten-coasters-with-holders-absorbent-ceramic-material","status":"publish","type":"product","link":"https:\/\/shuji.ca\/fr\/shop\/home-kitchen\/kitchen-appliances-home-kitchen\/6-pcs-cute-kitten-coasters-with-holders-absorbent-ceramic-material\/","title":{"rendered":"6 sous-verres avec support en forme de chaton - Mat\u00e9riau c\u00e9ramique absorbant"},"content":{"rendered":"<ul class=\"a-unordered-list a-vertical a-spacing-mini\">\n<li class=\"a-spacing-mini\"><span class=\"a-list-item\">Comprend 6 sous-verres super mignons en forme de chat et un support de sous-verres en m\u00e9tal dor\u00e9<\/span><\/li>\n<li class=\"a-spacing-mini\"><span class=\"a-list-item\">Fabriqu\u00e9 en pierre absorbante, la surface des sous-verres absorbe rapidement l'eau en 5 \u00e0 10 secondes, et ne colle pas \u00e0 votre table.<\/span><\/li>\n<li class=\"a-spacing-mini\"><span class=\"a-list-item\">Le fond est en li\u00e8ge, qui ne raye pas les tables et autres surfaces et offre une surface antid\u00e9rapante.<\/span><\/li>\n<li class=\"a-spacing-mini\"><span class=\"a-list-item\">Sous-verres d\u00e9coratifs pour la maison, la cuisine, le salon, le bar, l'h\u00f4tel, le restaurant. Vous pouvez utiliser les dessous de verre sur votre table \u00e0 manger, votre table basse ou m\u00eame au bureau.<\/span><\/li>\n<\/ul>\n<p><img fetchpriority=\"high\" decoding=\"async\" class=\"alignnone size-full wp-image-23056 aligncenter\" src=\"https:\/\/shuji.ca\/wp-content\/uploads\/2024\/06\/8-1.jpg\" alt=\"\" width=\"1600\" height=\"1600\" srcset=\"https:\/\/shuji.ca\/wp-content\/uploads\/2024\/06\/8-1.jpg 1600w, https:\/\/shuji.ca\/wp-content\/uploads\/2024\/06\/8-1-300x300.jpg 300w, https:\/\/shuji.ca\/wp-content\/uploads\/2024\/06\/8-1-1024x1024.jpg 1024w, https:\/\/shuji.ca\/wp-content\/uploads\/2024\/06\/8-1-150x150.jpg 150w, https:\/\/shuji.ca\/wp-content\/uploads\/2024\/06\/8-1-768x768.jpg 768w, https:\/\/shuji.ca\/wp-content\/uploads\/2024\/06\/8-1-1536x1536.jpg 1536w, https:\/\/shuji.ca\/wp-content\/uploads\/2024\/06\/8-1-600x600.jpg 600w, https:\/\/shuji.ca\/wp-content\/uploads\/2024\/06\/8-1-100x100.jpg 100w\" sizes=\"(max-width: 1600px) 100vw, 1600px\" \/><img decoding=\"async\" class=\"alignnone size-full wp-image-23048 aligncenter\" style=\"font-family: var(--mt-font__main); font-size: 1rem;\" src=\"https:\/\/shuji.ca\/wp-content\/uploads\/2024\/06\/10-1.jpg\" alt=\"\" width=\"1600\" height=\"1600\" srcset=\"https:\/\/shuji.ca\/wp-content\/uploads\/2024\/06\/10-1.jpg 1600w, https:\/\/shuji.ca\/wp-content\/uploads\/2024\/06\/10-1-300x300.jpg 300w, https:\/\/shuji.ca\/wp-content\/uploads\/2024\/06\/10-1-1024x1024.jpg 1024w, https:\/\/shuji.ca\/wp-content\/uploads\/2024\/06\/10-1-150x150.jpg 150w, https:\/\/shuji.ca\/wp-content\/uploads\/2024\/06\/10-1-768x768.jpg 768w, https:\/\/shuji.ca\/wp-content\/uploads\/2024\/06\/10-1-1536x1536.jpg 1536w, https:\/\/shuji.ca\/wp-content\/uploads\/2024\/06\/10-1-600x600.jpg 600w, https:\/\/shuji.ca\/wp-content\/uploads\/2024\/06\/10-1-100x100.jpg 100w\" sizes=\"(max-width: 1600px) 100vw, 1600px\" \/><span style=\"font-family: var(--mt-font__main); font-size: 1rem;\">\u00a0<\/span><\/p>","protected":false},"excerpt":{"rendered":"<p>Includes 6 pcs super cute cat coasters and gold metal coaster holder Built with absorbent stone, the surface of the coasters absorbs water quickly within 5-10 seconds, will not stick to your table. The bottom is made of cork, which won\u2019t scratch your tables and other surfaces and provides a non-slip surface. Decorative table coasters [&hellip;]<\/p>","protected":false},"featured_media":23057,"comment_status":"open","ping_status":"closed","template":"","meta":[],"product_brand":[],"product_cat":[1204,1245],"product_tag":[],"class_list":{"0":"post-23046","1":"product","2":"type-product","3":"status-publish","4":"has-post-thumbnail","6":"product_cat-home-kitchen","7":"product_cat-kitchen-appliances-home-kitchen","8":"product_shipping_class-havestock","10":"first","11":"instock","12":"taxable","13":"shipping-taxable","14":"purchasable","15":"product-type-simple"},"_links":{"self":[{"href":"https:\/\/shuji.ca\/fr\/wp-json\/wp\/v2\/product\/23046","targetHints":{"allow":["GET"]}}],"collection":[{"href":"https:\/\/shuji.ca\/fr\/wp-json\/wp\/v2\/product"}],"about":[{"href":"https:\/\/shuji.ca\/fr\/wp-json\/wp\/v2\/types\/product"}],"replies":[{"embeddable":true,"href":"https:\/\/shuji.ca\/fr\/wp-json\/wp\/v2\/comments?post=23046"}],"wp:featuredmedia":[{"embeddable":true,"href":"https:\/\/shuji.ca\/fr\/wp-json\/wp\/v2\/media\/23057"}],"wp:attachment":[{"href":"https:\/\/shuji.ca\/fr\/wp-json\/wp\/v2\/media?parent=23046"}],"wp:term":[{"taxonomy":"product_brand","embeddable":true,"href":"https:\/\/shuji.ca\/fr\/wp-json\/wp\/v2\/product_brand?post=23046"},{"taxonomy":"product_cat","embeddable":true,"href":"https:\/\/shuji.ca\/fr\/wp-json\/wp\/v2\/product_cat?post=23046"},{"taxonomy":"product_tag","embeddable":true,"href":"https:\/\/shuji.ca\/fr\/wp-json\/wp\/v2\/product_tag?post=23046"}],"curies":[{"name":"wp","href":"https:\/\/api.w.org\/{rel}","templated":true}]}}