{"id":22954,"date":"2024-06-17T07:45:47","date_gmt":"2024-06-16T23:45:47","guid":{"rendered":"https:\/\/shuji.ca\/?post_type=product&#038;p=22954"},"modified":"2024-08-19T06:13:52","modified_gmt":"2024-08-19T10:13:52","slug":"digital-alarm-clock-radio-with-wireless-charging-15w-bluetooth-speakerwith-fm-radio-dual-alarm-night-light-led-display-and-rhythm-rgb-light","status":"publish","type":"product","link":"https:\/\/shuji.ca\/fr\/shop\/electronics\/home-appliances\/digital-alarm-clock-radio-with-wireless-charging-15w-bluetooth-speakerwith-fm-radio-dual-alarm-night-light-led-display-and-rhythm-rgb-light\/","title":{"rendered":"Radio-r\u00e9veil num\u00e9rique avec recharge sans fil 15W - Haut-parleur Bluetooth avec radio FM, double alarme, veilleuse, \u00e9cran LED et lumi\u00e8re RVB rythm\u00e9e"},"content":{"rendered":"<p>Caract\u00e9ristiques :<\/p>\n<ul class=\"a-unordered-list a-vertical a-spacing-mini\">\n<li class=\"a-spacing-mini\"><span class=\"a-list-item\">Ce radio-r\u00e9veil int\u00e8gre un haut-parleur Bluetooth, une radio FM, un chargeur sans fil, un compte \u00e0 rebours, une m\u00e9moire d'extinction et une veilleuse RVB dans un seul appareil pratique.<\/span><\/li>\n<li class=\"a-spacing-mini\"><span class=\"a-list-item\">Comprend une station de recharge sans fil adaptative int\u00e9gr\u00e9e de 15 W - gardez vos appareils charg\u00e9s et pr\u00eats \u00e0 l'emploi !<\/span><\/li>\n<li class=\"a-spacing-mini\"><span class=\"a-list-item\">Profitez de vos stations de radio pr\u00e9f\u00e9r\u00e9es gr\u00e2ce \u00e0 la radio FM int\u00e9gr\u00e9e, ou du streaming via la connexion Bluetooth, avec un son clair et dynamique et une interface de r\u00e9glage num\u00e9rique simple.<\/span><\/li>\n<li class=\"a-spacing-mini\"><span class=\"a-list-item\"> Sert \u00e9galement de veilleuse ! Elle fournit juste la bonne quantit\u00e9 d'\u00e9clairage pour votre maison.<\/span><\/li>\n<\/ul>\n<p><img fetchpriority=\"high\" decoding=\"async\" class=\"aligncenter\" src=\"https:\/\/cbu01.alicdn.com\/img\/ibank\/O1CN01HLZY3w1aEzVcq2RhJ_!!952763299-0-cib.jpg\" width=\"1129\" height=\"1129\" \/><img decoding=\"async\" class=\"aligncenter\" src=\"https:\/\/cbu01.alicdn.com\/img\/ibank\/O1CN01UJDyXA1aEzVgEz7DP_!!952763299-0-cib.jpg\" width=\"1128\" height=\"1128\" \/><img decoding=\"async\" class=\"aligncenter\" src=\"https:\/\/cbu01.alicdn.com\/img\/ibank\/O1CN01qSQbiE1aEzVa19xNq_!!952763299-0-cib.jpg\" width=\"1130\" height=\"1130\" \/><\/p>","protected":false},"excerpt":{"rendered":"<p>Features: This Alarm Clock Radio embodies a Bluetooth Speaker, FM Radio, Wireless Charger, Countdown Timer, Power-off Memory and RGB Night light into one convenient device. Features built-in 15W adaptive wireless charging station &#8211; keep your devices charged and ready to go! Enjoy your favourite radio stations with the integrated FM radio, or steaming via Bluetooth [&hellip;]<\/p>","protected":false},"featured_media":22980,"comment_status":"open","ping_status":"closed","template":"","meta":[],"product_brand":[],"product_cat":[1198,1238],"product_tag":[],"class_list":{"0":"post-22954","1":"product","2":"type-product","3":"status-publish","4":"has-post-thumbnail","6":"product_cat-electronics","7":"product_cat-home-appliances","9":"first","10":"onbackorder","11":"taxable","12":"shipping-taxable","13":"purchasable","14":"product-type-simple"},"_links":{"self":[{"href":"https:\/\/shuji.ca\/fr\/wp-json\/wp\/v2\/product\/22954","targetHints":{"allow":["GET"]}}],"collection":[{"href":"https:\/\/shuji.ca\/fr\/wp-json\/wp\/v2\/product"}],"about":[{"href":"https:\/\/shuji.ca\/fr\/wp-json\/wp\/v2\/types\/product"}],"replies":[{"embeddable":true,"href":"https:\/\/shuji.ca\/fr\/wp-json\/wp\/v2\/comments?post=22954"}],"wp:featuredmedia":[{"embeddable":true,"href":"https:\/\/shuji.ca\/fr\/wp-json\/wp\/v2\/media\/22980"}],"wp:attachment":[{"href":"https:\/\/shuji.ca\/fr\/wp-json\/wp\/v2\/media?parent=22954"}],"wp:term":[{"taxonomy":"product_brand","embeddable":true,"href":"https:\/\/shuji.ca\/fr\/wp-json\/wp\/v2\/product_brand?post=22954"},{"taxonomy":"product_cat","embeddable":true,"href":"https:\/\/shuji.ca\/fr\/wp-json\/wp\/v2\/product_cat?post=22954"},{"taxonomy":"product_tag","embeddable":true,"href":"https:\/\/shuji.ca\/fr\/wp-json\/wp\/v2\/product_tag?post=22954"}],"curies":[{"name":"wp","href":"https:\/\/api.w.org\/{rel}","templated":true}]}}