{"id":22916,"date":"2024-06-17T06:18:31","date_gmt":"2024-06-16T22:18:31","guid":{"rendered":"https:\/\/shuji.ca\/?post_type=product&#038;p=22916"},"modified":"2024-08-19T06:24:02","modified_gmt":"2024-08-19T10:24:02","slug":"office-tea-infuser-glass-cup-with-walnut-wood-handle-and-wooden-lid","status":"publish","type":"product","link":"https:\/\/shuji.ca\/fr\/shop\/home-kitchen\/kitchen-appliances-home-kitchen\/office-tea-infuser-glass-cup-with-walnut-wood-handle-and-wooden-lid\/","title":{"rendered":"Office Tea Infuser Glass Cup with Walnut Wood Handle and Wooden Lid (Tasse en verre avec poign\u00e9e en bois de noyer et couvercle en bois)"},"content":{"rendered":"<p>Caract\u00e9ristiques<\/p>\n<ul>\n<li>Fabriqu\u00e9 en verre borosilicat\u00e9 de haute qualit\u00e9, sans danger pour le contact alimentaire.<\/li>\n<li>Convient \u00e0 divers environnements tels que le bureau, la maison et la cuisine<\/li>\n<li>Comprend un filtre amovible pour un nettoyage facile<\/li>\n<li>Poign\u00e9e et couvercle en bois de noyer v\u00e9ritable avec rev\u00eatement int\u00e9rieur en acier inoxydable<\/li>\n<li>Convient aux cuisini\u00e8res \u00e9lectriques en c\u00e9ramique et aux micro-ondes<\/li>\n<\/ul>\n<p>D\u00e9tails du produit :<\/p>\n<ul>\n<li>Capacit\u00e9 : 500ml<\/li>\n<li>Dimensions : 13 cm de hauteur, 8 cm de diam\u00e8tre (12 cm avec la poign\u00e9e)<\/li>\n<\/ul>\n<p><img fetchpriority=\"high\" decoding=\"async\" class=\"alignnone size-full wp-image-23169 aligncenter\" src=\"https:\/\/shuji.ca\/wp-content\/uploads\/2024\/06\/kjds-5.jpg\" alt=\"\" width=\"800\" height=\"800\" srcset=\"https:\/\/shuji.ca\/wp-content\/uploads\/2024\/06\/kjds-5.jpg 800w, https:\/\/shuji.ca\/wp-content\/uploads\/2024\/06\/kjds-5-300x300.jpg 300w, https:\/\/shuji.ca\/wp-content\/uploads\/2024\/06\/kjds-5-150x150.jpg 150w, https:\/\/shuji.ca\/wp-content\/uploads\/2024\/06\/kjds-5-768x768.jpg 768w, https:\/\/shuji.ca\/wp-content\/uploads\/2024\/06\/kjds-5-600x600.jpg 600w, https:\/\/shuji.ca\/wp-content\/uploads\/2024\/06\/kjds-5-100x100.jpg 100w\" sizes=\"(max-width: 800px) 100vw, 800px\" \/> <img decoding=\"async\" class=\"alignnone size-full wp-image-23168 aligncenter\" src=\"https:\/\/shuji.ca\/wp-content\/uploads\/2024\/06\/kjds-4.jpg\" alt=\"\" width=\"783\" height=\"891\" srcset=\"https:\/\/shuji.ca\/wp-content\/uploads\/2024\/06\/kjds-4.jpg 783w, https:\/\/shuji.ca\/wp-content\/uploads\/2024\/06\/kjds-4-264x300.jpg 264w, https:\/\/shuji.ca\/wp-content\/uploads\/2024\/06\/kjds-4-768x874.jpg 768w, https:\/\/shuji.ca\/wp-content\/uploads\/2024\/06\/kjds-4-600x683.jpg 600w\" sizes=\"(max-width: 783px) 100vw, 783px\" \/><\/p>","protected":false},"excerpt":{"rendered":"<p>Features Made with high borosilicate glass, safe for food contact Suitable for various settings like the office, home, and kitchen Includes a removable filter for easy cleaning Real walnut wood handle and lid with stainless steel inner lining Suitable for use with electric ceramic stoves and microwaves Product Details: Capacity: 500ml Dimensions: 13cm height, 8cm [&hellip;]<\/p>","protected":false},"featured_media":23171,"comment_status":"open","ping_status":"closed","template":"","meta":[],"product_brand":[],"product_cat":[1204,1245],"product_tag":[],"class_list":{"0":"post-22916","1":"product","2":"type-product","3":"status-publish","4":"has-post-thumbnail","6":"product_cat-home-kitchen","7":"product_cat-kitchen-appliances-home-kitchen","8":"product_shipping_class-preorder","9":"product-has-variation-images","11":"first","12":"onbackorder","13":"taxable","14":"shipping-taxable","15":"purchasable","16":"product-type-variable"},"_links":{"self":[{"href":"https:\/\/shuji.ca\/fr\/wp-json\/wp\/v2\/product\/22916","targetHints":{"allow":["GET"]}}],"collection":[{"href":"https:\/\/shuji.ca\/fr\/wp-json\/wp\/v2\/product"}],"about":[{"href":"https:\/\/shuji.ca\/fr\/wp-json\/wp\/v2\/types\/product"}],"replies":[{"embeddable":true,"href":"https:\/\/shuji.ca\/fr\/wp-json\/wp\/v2\/comments?post=22916"}],"wp:featuredmedia":[{"embeddable":true,"href":"https:\/\/shuji.ca\/fr\/wp-json\/wp\/v2\/media\/23171"}],"wp:attachment":[{"href":"https:\/\/shuji.ca\/fr\/wp-json\/wp\/v2\/media?parent=22916"}],"wp:term":[{"taxonomy":"product_brand","embeddable":true,"href":"https:\/\/shuji.ca\/fr\/wp-json\/wp\/v2\/product_brand?post=22916"},{"taxonomy":"product_cat","embeddable":true,"href":"https:\/\/shuji.ca\/fr\/wp-json\/wp\/v2\/product_cat?post=22916"},{"taxonomy":"product_tag","embeddable":true,"href":"https:\/\/shuji.ca\/fr\/wp-json\/wp\/v2\/product_tag?post=22916"}],"curies":[{"name":"wp","href":"https:\/\/api.w.org\/{rel}","templated":true}]}}