{"id":22882,"date":"2024-06-17T06:57:10","date_gmt":"2024-06-16T22:57:10","guid":{"rendered":"https:\/\/shuji.ca\/?post_type=product&#038;p=22882"},"modified":"2024-08-19T06:18:25","modified_gmt":"2024-08-19T10:18:25","slug":"fragrance-salt-lamp-with-usb-color-changing-feature-fragrance-lamp-for-home-and-bedroom","status":"publish","type":"product","link":"https:\/\/shuji.ca\/fr\/shop\/home-living\/housekeeping\/fragrance-salt-lamp-with-usb-color-changing-feature-fragrance-lamp-for-home-and-bedroom\/","title":{"rendered":"Lampe de sel de parfum avec USB, changement de couleur, lampe de parfum pour la maison et la chambre \u00e0 coucher"},"content":{"rendered":"<p>Caract\u00e9ristiques<\/p>\n<ul>\n<li>Les lumi\u00e8res chaudes en d\u00e9grad\u00e9 cr\u00e9ent une sensation de s\u00e9r\u00e9nit\u00e9 et de chaleur<\/li>\n<li>Fabriqu\u00e9 en PC+ABC de haute qualit\u00e9, ce produit est r\u00e9sistant aux chocs.<\/li>\n<li>Batterie d'une capacit\u00e9 de 1200 mAh, offrant une autonomie de plus de 16 heures.<\/li>\n<li>Diffuseur d'huiles essentielles pour plus de parfum<\/li>\n<li>Fonctionnement silencieux, adapt\u00e9 \u00e0 divers environnements : maison, bureau, voiture<\/li>\n<\/ul>\n<p>Mat\u00e9riau<\/p>\n<ul>\n<li>ABS sans COV<\/li>\n<li>Alimentation : Micro USB rechargeable, 2 heures de temps de charge<\/li>\n<li>Base antid\u00e9rapante en silicone<\/li>\n<li>Comprend 10 ml d'huile essentielle<\/li>\n<li>Utilisation : D\u00e9poser de l'huile essentielle sur les cristaux de sel pour les parfumer.<\/li>\n<\/ul>\n<p><img fetchpriority=\"high\" decoding=\"async\" class=\"aligncenter\" src=\"https:\/\/cbu01.alicdn.com\/img\/ibank\/O1CN01IEI6aj1JPf84SiBo3_!!2101201021-0-cib.jpg\" width=\"1323\" height=\"1323\" \/><img decoding=\"async\" class=\"aligncenter\" src=\"https:\/\/cbu01.alicdn.com\/img\/ibank\/O1CN01b7DCI028IpkdDsjPx_!!2500717910-0-cib.jpg\" width=\"1322\" height=\"1322\" \/><\/p>","protected":false},"excerpt":{"rendered":"<p>Features Warm gradient lights create a serene and warm feeling Made with high quality PC+ABC material, this product is shock-resistent Features battery capacity of 1200 mAh, providing battery life of 16+ hours Essential oil diffuser for added fragrance Quiet operation, suitable for various settings: home, office, car Material VOC-free ABS Power: Micro USB rechargeable, 2 [&hellip;]<\/p>","protected":false},"featured_media":23107,"comment_status":"open","ping_status":"closed","template":"","meta":[],"product_brand":[],"product_cat":[1199,1232],"product_tag":[],"class_list":{"0":"post-22882","1":"product","2":"type-product","3":"status-publish","4":"has-post-thumbnail","6":"product_cat-home-living","7":"product_cat-housekeeping","8":"product_shipping_class-havestock","9":"product-has-variation-images","11":"first","12":"instock","13":"taxable","14":"shipping-taxable","15":"purchasable","16":"product-type-variable"},"_links":{"self":[{"href":"https:\/\/shuji.ca\/fr\/wp-json\/wp\/v2\/product\/22882","targetHints":{"allow":["GET"]}}],"collection":[{"href":"https:\/\/shuji.ca\/fr\/wp-json\/wp\/v2\/product"}],"about":[{"href":"https:\/\/shuji.ca\/fr\/wp-json\/wp\/v2\/types\/product"}],"replies":[{"embeddable":true,"href":"https:\/\/shuji.ca\/fr\/wp-json\/wp\/v2\/comments?post=22882"}],"wp:featuredmedia":[{"embeddable":true,"href":"https:\/\/shuji.ca\/fr\/wp-json\/wp\/v2\/media\/23107"}],"wp:attachment":[{"href":"https:\/\/shuji.ca\/fr\/wp-json\/wp\/v2\/media?parent=22882"}],"wp:term":[{"taxonomy":"product_brand","embeddable":true,"href":"https:\/\/shuji.ca\/fr\/wp-json\/wp\/v2\/product_brand?post=22882"},{"taxonomy":"product_cat","embeddable":true,"href":"https:\/\/shuji.ca\/fr\/wp-json\/wp\/v2\/product_cat?post=22882"},{"taxonomy":"product_tag","embeddable":true,"href":"https:\/\/shuji.ca\/fr\/wp-json\/wp\/v2\/product_tag?post=22882"}],"curies":[{"name":"wp","href":"https:\/\/api.w.org\/{rel}","templated":true}]}}