{"id":22878,"date":"2024-06-16T20:26:42","date_gmt":"2024-06-16T12:26:42","guid":{"rendered":"https:\/\/shuji.ca\/?post_type=product&#038;p=22878"},"modified":"2024-08-19T06:26:09","modified_gmt":"2024-08-19T10:26:09","slug":"the-magnetic-award-winning-party-game-of-skill-for-kids-and-adults-of-all-ages-thats-half-foosball-half-air-hockey","status":"publish","type":"product","link":"https:\/\/shuji.ca\/fr\/shop\/toys-games\/card-board-games\/the-magnetic-award-winning-party-game-of-skill-for-kids-and-adults-of-all-ages-thats-half-foosball-half-air-hockey\/","title":{"rendered":"Le jeu d'adresse magn\u00e9tique prim\u00e9 - pour enfants et adultes de tous \u00e2ges - moiti\u00e9 baby-foot, moiti\u00e9 hockey sur gazon."},"content":{"rendered":"<p><strong>Caract\u00e9ristiques :<\/strong><\/p>\n<ul>\n<li>Deux modes de jeu : Profitez de deux modes de jeu passionnants sur une m\u00eame table - le jeu de la balle magn\u00e9tique et le mini jeu de football, pour des heures de plaisir pour les enfants et les adultes.<\/li>\n<li>Interaction parents-enfants : Favorise le lien et l'interaction entre parents et enfants, ce qui en fait un jeu id\u00e9al pour les r\u00e9unions de famille et les moments de jeu.<\/li>\n<li>\u00c9ducatif et amusant : Permet aux joueurs d'apprendre les techniques de football et les strat\u00e9gies de comp\u00e9tition tout en s'amusant.<\/li>\n<li>Construction en bois durable : Fabriqu\u00e9 en bois de haute qualit\u00e9, il garantit la durabilit\u00e9 et une sensation de qualit\u00e9 sup\u00e9rieure, en \u00e9vitant les mat\u00e9riaux plastiques.<\/li>\n<li>Conception s\u00fbre et stable : \u00c9quip\u00e9 de coussinets antid\u00e9rapants et de coins arrondis pour garantir la s\u00e9curit\u00e9 et \u00e9viter les accidents pendant les jeux intenses.<\/li>\n<li>Portable et facile \u00e0 assembler : L\u00e9ger et facile \u00e0 installer, il est pratique \u00e0 transporter et \u00e0 jouer n'importe o\u00f9, n'importe quand.<\/li>\n<\/ul>\n<p><img fetchpriority=\"high\" decoding=\"async\" class=\"aligncenter wp-image-28148\" src=\"https:\/\/shuji.ca\/wp-content\/uploads\/2024\/06\/JASLKDJASLKDJ1.png\" alt=\"\" width=\"1163\" height=\"888\" srcset=\"https:\/\/shuji.ca\/wp-content\/uploads\/2024\/06\/JASLKDJASLKDJ1.png 1266w, https:\/\/shuji.ca\/wp-content\/uploads\/2024\/06\/JASLKDJASLKDJ1-300x229.png 300w, https:\/\/shuji.ca\/wp-content\/uploads\/2024\/06\/JASLKDJASLKDJ1-1024x782.png 1024w, https:\/\/shuji.ca\/wp-content\/uploads\/2024\/06\/JASLKDJASLKDJ1-768x587.png 768w, https:\/\/shuji.ca\/wp-content\/uploads\/2024\/06\/JASLKDJASLKDJ1-600x458.png 600w\" sizes=\"(max-width: 1163px) 100vw, 1163px\" \/> <img decoding=\"async\" class=\"aligncenter size-full wp-image-28147\" src=\"https:\/\/shuji.ca\/wp-content\/uploads\/2024\/06\/saldjlasjdlkasj1.png\" alt=\"\" width=\"1161\" height=\"1078\" srcset=\"https:\/\/shuji.ca\/wp-content\/uploads\/2024\/06\/saldjlasjdlkasj1.png 1161w, https:\/\/shuji.ca\/wp-content\/uploads\/2024\/06\/saldjlasjdlkasj1-300x279.png 300w, https:\/\/shuji.ca\/wp-content\/uploads\/2024\/06\/saldjlasjdlkasj1-1024x951.png 1024w, https:\/\/shuji.ca\/wp-content\/uploads\/2024\/06\/saldjlasjdlkasj1-768x713.png 768w, https:\/\/shuji.ca\/wp-content\/uploads\/2024\/06\/saldjlasjdlkasj1-600x557.png 600w\" sizes=\"(max-width: 1161px) 100vw, 1161px\" \/> <img decoding=\"async\" class=\"aligncenter wp-image-28150\" src=\"https:\/\/shuji.ca\/wp-content\/uploads\/2024\/06\/jalskjdasaksljdas.jpg\" alt=\"\" width=\"1163\" height=\"1162\" srcset=\"https:\/\/shuji.ca\/wp-content\/uploads\/2024\/06\/jalskjdasaksljdas.jpg 1920w, https:\/\/shuji.ca\/wp-content\/uploads\/2024\/06\/jalskjdasaksljdas-300x300.jpg 300w, https:\/\/shuji.ca\/wp-content\/uploads\/2024\/06\/jalskjdasaksljdas-1024x1024.jpg 1024w, https:\/\/shuji.ca\/wp-content\/uploads\/2024\/06\/jalskjdasaksljdas-150x150.jpg 150w, https:\/\/shuji.ca\/wp-content\/uploads\/2024\/06\/jalskjdasaksljdas-768x768.jpg 768w, https:\/\/shuji.ca\/wp-content\/uploads\/2024\/06\/jalskjdasaksljdas-1536x1536.jpg 1536w, https:\/\/shuji.ca\/wp-content\/uploads\/2024\/06\/jalskjdasaksljdas-600x600.jpg 600w, https:\/\/shuji.ca\/wp-content\/uploads\/2024\/06\/jalskjdasaksljdas-100x100.jpg 100w\" sizes=\"(max-width: 1163px) 100vw, 1163px\" \/><\/p>","protected":false},"excerpt":{"rendered":"<p>Features: Dual Game Modes: Enjoy two exciting game modes in one table \u2013 magnetic ball game and mini soccer game, providing hours of fun for both children and adults. Parent-Child Interaction: Promotes parent-child bonding and interaction, making it a perfect game for family gatherings and playtime. Educational and Fun: Helps players learn about football techniques [&hellip;]<\/p>","protected":false},"featured_media":28149,"comment_status":"open","ping_status":"closed","template":"","meta":[],"product_brand":[],"product_cat":[1228,1203],"product_tag":[],"class_list":{"0":"post-22878","1":"product","2":"type-product","3":"status-publish","4":"has-post-thumbnail","6":"product_cat-card-board-games","7":"product_cat-toys-games","8":"product_shipping_class-havestock","10":"first","11":"instock","12":"taxable","13":"shipping-taxable","14":"purchasable","15":"product-type-simple"},"_links":{"self":[{"href":"https:\/\/shuji.ca\/fr\/wp-json\/wp\/v2\/product\/22878","targetHints":{"allow":["GET"]}}],"collection":[{"href":"https:\/\/shuji.ca\/fr\/wp-json\/wp\/v2\/product"}],"about":[{"href":"https:\/\/shuji.ca\/fr\/wp-json\/wp\/v2\/types\/product"}],"replies":[{"embeddable":true,"href":"https:\/\/shuji.ca\/fr\/wp-json\/wp\/v2\/comments?post=22878"}],"wp:featuredmedia":[{"embeddable":true,"href":"https:\/\/shuji.ca\/fr\/wp-json\/wp\/v2\/media\/28149"}],"wp:attachment":[{"href":"https:\/\/shuji.ca\/fr\/wp-json\/wp\/v2\/media?parent=22878"}],"wp:term":[{"taxonomy":"product_brand","embeddable":true,"href":"https:\/\/shuji.ca\/fr\/wp-json\/wp\/v2\/product_brand?post=22878"},{"taxonomy":"product_cat","embeddable":true,"href":"https:\/\/shuji.ca\/fr\/wp-json\/wp\/v2\/product_cat?post=22878"},{"taxonomy":"product_tag","embeddable":true,"href":"https:\/\/shuji.ca\/fr\/wp-json\/wp\/v2\/product_tag?post=22878"}],"curies":[{"name":"wp","href":"https:\/\/api.w.org\/{rel}","templated":true}]}}