{"id":22825,"date":"2024-06-16T19:47:07","date_gmt":"2024-06-16T11:47:07","guid":{"rendered":"https:\/\/shuji.ca\/?post_type=product&#038;p=22825"},"modified":"2024-08-19T06:33:19","modified_gmt":"2024-08-19T10:33:19","slug":"ring-toss-games-for-adults-hook-and-ring-game-with-exclusive-carrying-case-unique-stainless-shot-glass-super-easy-to-assemble-shot-ladder-tabletop-drinking-outdoor","status":"publish","type":"product","link":"https:\/\/shuji.ca\/fr\/shop\/toys-games\/card-board-games\/ring-toss-games-for-adults-hook-and-ring-game-with-exclusive-carrying-case-unique-stainless-shot-glass-super-easy-to-assemble-shot-ladder-tabletop-drinking-outdoor\/","title":{"rendered":"Jeu de lancer d'anneaux pour adultes, jeu de crochets et d'anneaux avec \u00e9tui de transport exclusif et verre \u00e0 shot unique en acier inoxydable, \u00e9chelle de shooter tr\u00e8s facile \u00e0 assembler, boisson de table, ext\u00e9rieur"},"content":{"rendered":"<p><strong>Caract\u00e9ristiques :<\/strong><\/p>\n<ul>\n<li>Convient \u00e0 tous les \u00e2ges, am\u00e9liore la coordination \u0153il-main et procure des heures de plaisir.<\/li>\n<li>Facile \u00e0 jouer : placez le cylindre, enlevez les boucles et commencez le jeu. D\u00e9placez le gobelet en bois vers votre adversaire \u00e0 chaque crochet. Le premier \u00e0 retirer le gobelet de l'\u00e9chelle gagne.<\/li>\n<li>Id\u00e9al pour les jeux d'\u00e9quipe avec les coll\u00e8gues, les amis et la famille, parfait pour les f\u00eates, les vacances et le camping.<\/li>\n<li>Bois de premi\u00e8re qualit\u00e9, durable, avec des n\u0153uds et des rainures uniques, fra\u00eechement ponc\u00e9 pour un aspect naturel.<\/li>\n<li>Assemblage facile avec les pi\u00e8ces et les instructions incluses, et d\u00e9montage ais\u00e9 pour le stockage.<\/li>\n<\/ul>\n<p><img fetchpriority=\"high\" decoding=\"async\" class=\"aligncenter size-full wp-image-28122\" src=\"https:\/\/shuji.ca\/wp-content\/uploads\/2024\/06\/AJSDLKJASD1.jpg\" alt=\"\" width=\"800\" height=\"800\" srcset=\"https:\/\/shuji.ca\/wp-content\/uploads\/2024\/06\/AJSDLKJASD1.jpg 800w, https:\/\/shuji.ca\/wp-content\/uploads\/2024\/06\/AJSDLKJASD1-300x300.jpg 300w, https:\/\/shuji.ca\/wp-content\/uploads\/2024\/06\/AJSDLKJASD1-150x150.jpg 150w, https:\/\/shuji.ca\/wp-content\/uploads\/2024\/06\/AJSDLKJASD1-768x768.jpg 768w, https:\/\/shuji.ca\/wp-content\/uploads\/2024\/06\/AJSDLKJASD1-600x600.jpg 600w, https:\/\/shuji.ca\/wp-content\/uploads\/2024\/06\/AJSDLKJASD1-100x100.jpg 100w\" sizes=\"(max-width: 800px) 100vw, 800px\" \/> <img decoding=\"async\" class=\"aligncenter size-full wp-image-28121\" src=\"https:\/\/shuji.ca\/wp-content\/uploads\/2024\/06\/AJSLKDJASLD1.jpg\" alt=\"\" width=\"800\" height=\"800\" srcset=\"https:\/\/shuji.ca\/wp-content\/uploads\/2024\/06\/AJSLKDJASLD1.jpg 800w, https:\/\/shuji.ca\/wp-content\/uploads\/2024\/06\/AJSLKDJASLD1-300x300.jpg 300w, https:\/\/shuji.ca\/wp-content\/uploads\/2024\/06\/AJSLKDJASLD1-150x150.jpg 150w, https:\/\/shuji.ca\/wp-content\/uploads\/2024\/06\/AJSLKDJASLD1-768x768.jpg 768w, https:\/\/shuji.ca\/wp-content\/uploads\/2024\/06\/AJSLKDJASLD1-600x600.jpg 600w, https:\/\/shuji.ca\/wp-content\/uploads\/2024\/06\/AJSLKDJASLD1-100x100.jpg 100w\" sizes=\"(max-width: 800px) 100vw, 800px\" \/> <img decoding=\"async\" class=\"aligncenter size-full wp-image-28125\" src=\"https:\/\/shuji.ca\/wp-content\/uploads\/2024\/06\/AJDLKASJLKDJ1.jpg\" alt=\"\" width=\"800\" height=\"800\" srcset=\"https:\/\/shuji.ca\/wp-content\/uploads\/2024\/06\/AJDLKASJLKDJ1.jpg 800w, https:\/\/shuji.ca\/wp-content\/uploads\/2024\/06\/AJDLKASJLKDJ1-300x300.jpg 300w, https:\/\/shuji.ca\/wp-content\/uploads\/2024\/06\/AJDLKASJLKDJ1-150x150.jpg 150w, https:\/\/shuji.ca\/wp-content\/uploads\/2024\/06\/AJDLKASJLKDJ1-768x768.jpg 768w, https:\/\/shuji.ca\/wp-content\/uploads\/2024\/06\/AJDLKASJLKDJ1-600x600.jpg 600w, https:\/\/shuji.ca\/wp-content\/uploads\/2024\/06\/AJDLKASJLKDJ1-100x100.jpg 100w\" sizes=\"(max-width: 800px) 100vw, 800px\" \/><\/p>","protected":false},"excerpt":{"rendered":"<p>Features: Suitable for all ages, improves hand-eye coordination, and provides hours of fun. Easy to play: place the cylinder, remove loops, and start the game. Move the wooden cup towards your opponent with each hook. First to move the cup off the ladder wins. Great for team games with colleagues, friends, and family, perfect for [&hellip;]<\/p>","protected":false},"featured_media":28122,"comment_status":"open","ping_status":"closed","template":"","meta":[],"product_brand":[],"product_cat":[1228,1203],"product_tag":[],"class_list":{"0":"post-22825","1":"product","2":"type-product","3":"status-publish","4":"has-post-thumbnail","6":"product_cat-card-board-games","7":"product_cat-toys-games","8":"product_shipping_class-havestock","9":"product-has-variation-images","11":"first","12":"instock","13":"taxable","14":"shipping-taxable","15":"purchasable","16":"product-type-variable"},"_links":{"self":[{"href":"https:\/\/shuji.ca\/fr\/wp-json\/wp\/v2\/product\/22825","targetHints":{"allow":["GET"]}}],"collection":[{"href":"https:\/\/shuji.ca\/fr\/wp-json\/wp\/v2\/product"}],"about":[{"href":"https:\/\/shuji.ca\/fr\/wp-json\/wp\/v2\/types\/product"}],"replies":[{"embeddable":true,"href":"https:\/\/shuji.ca\/fr\/wp-json\/wp\/v2\/comments?post=22825"}],"wp:featuredmedia":[{"embeddable":true,"href":"https:\/\/shuji.ca\/fr\/wp-json\/wp\/v2\/media\/28122"}],"wp:attachment":[{"href":"https:\/\/shuji.ca\/fr\/wp-json\/wp\/v2\/media?parent=22825"}],"wp:term":[{"taxonomy":"product_brand","embeddable":true,"href":"https:\/\/shuji.ca\/fr\/wp-json\/wp\/v2\/product_brand?post=22825"},{"taxonomy":"product_cat","embeddable":true,"href":"https:\/\/shuji.ca\/fr\/wp-json\/wp\/v2\/product_cat?post=22825"},{"taxonomy":"product_tag","embeddable":true,"href":"https:\/\/shuji.ca\/fr\/wp-json\/wp\/v2\/product_tag?post=22825"}],"curies":[{"name":"wp","href":"https:\/\/api.w.org\/{rel}","templated":true}]}}