{"id":22784,"date":"2024-06-16T14:03:20","date_gmt":"2024-06-16T06:03:20","guid":{"rendered":"https:\/\/shuji.ca\/?post_type=product&#038;p=22784"},"modified":"2024-08-19T06:40:50","modified_gmt":"2024-08-19T10:40:50","slug":"mini-projector-with-5g-wifi-and-bluetooth-wimius-1080p-portable-projecteur-outdoor-movie-projector-300-screen-home-theater-projector-compatible-with-ios-android-tv-stick-hdmi-ps5","status":"publish","type":"product","link":"https:\/\/shuji.ca\/fr\/shop\/electronics\/home-appliances\/mini-projector-with-5g-wifi-and-bluetooth-wimius-1080p-portable-projecteur-outdoor-movie-projector-300-screen-home-theater-projector-compatible-with-ios-android-tv-stick-hdmi-ps5\/","title":{"rendered":"Mini Projecteur avec 5G WiFi et Bluetooth, Projecteur Portable 1080P, Projecteur Cin\u00e9ma Ext\u00e9rieur, Ecran 300\u2033, Projecteur Home Cin\u00e9ma Compatible iOS\/Android\/TV Stick\/HDMI\/PS5"},"content":{"rendered":"<p><strong>Caract\u00e9ristiques :<\/strong><\/p>\n<ul>\n<li>Mise au point \u00e9lectrique et conception portable : Ce projecteur est dot\u00e9 d'une mise au point \u00e9lectrique pour une installation rapide \u00e0 l'aide d'une t\u00e9l\u00e9commande, ce qui permet d'obtenir une image claire en quelques secondes. Sa taille compacte (5.3\u00d74.1\u00d76.1 pouces) et son poids l\u00e9ger (1.9 lbs) le rendent tr\u00e8s portable et facile \u00e0 transporter.<\/li>\n<li>Des images de haute qualit\u00e9 : R\u00e9solution de 1280x720P (1080P pris en charge) et rapport de contraste de 15000:1. Gr\u00e2ce \u00e0 la technologie 99% NTSC, il offre une qualit\u00e9 d'image vibrante et dynamique pour une v\u00e9ritable exp\u00e9rience cin\u00e9matographique.<\/li>\n<li>WiFi 5G ultra-rapide et Bluetooth 5.2 : \u00e9quip\u00e9 d'un WiFi 5G\/2.4G \u00e0 double bande pour une transmission stable et rapide du signal. La derni\u00e8re puce Bluetooth 5.2 garantit des connexions fiables avec les haut-parleurs, \u00e9couteurs et autres appareils Bluetooth pour un son immersif.<\/li>\n<li>\u00c9cran g\u00e9ant de 300 pouces et haut-parleur HIFI : Offre une taille d'affichage de 40\u2033 \u00e0 300\u2033 avec des rapports d'aspect 4:3\/16:9, id\u00e9al pour l'int\u00e9rieur et l'ext\u00e9rieur. Les haut-parleurs int\u00e9gr\u00e9s de 2*6W avec un syst\u00e8me de son SRS offrent un son st\u00e9r\u00e9o cin\u00e9matique et des basses profondes.<\/li>\n<li>Connectivit\u00e9 multi-appareils : Comprend HDMI, USBx2, AV et une prise casque de 3,5 mm, compatible avec des appareils tels que Fire TV Stick, Chromecast, Roku, lecteurs DVD, ordinateurs portables, cl\u00e9s USB, haut-parleurs externes, iPhones, Androids, iPads, PS5, etc. Parfait pour les home cin\u00e9mas, les f\u00eates de jardin, le camping en plein air et le yoga.<\/li>\n<\/ul>\n<p>&nbsp;<\/p>\n<p><img fetchpriority=\"high\" decoding=\"async\" class=\"aligncenter size-full wp-image-26980\" src=\"https:\/\/shuji.ca\/wp-content\/uploads\/2024\/06\/JSJSJKDLAJSLJDL1.jpg\" alt=\"\" width=\"1500\" height=\"1200\" srcset=\"https:\/\/shuji.ca\/wp-content\/uploads\/2024\/06\/JSJSJKDLAJSLJDL1.jpg 1500w, https:\/\/shuji.ca\/wp-content\/uploads\/2024\/06\/JSJSJKDLAJSLJDL1-300x240.jpg 300w, https:\/\/shuji.ca\/wp-content\/uploads\/2024\/06\/JSJSJKDLAJSLJDL1-1024x819.jpg 1024w, https:\/\/shuji.ca\/wp-content\/uploads\/2024\/06\/JSJSJKDLAJSLJDL1-768x614.jpg 768w, https:\/\/shuji.ca\/wp-content\/uploads\/2024\/06\/JSJSJKDLAJSLJDL1-600x480.jpg 600w\" sizes=\"(max-width: 1500px) 100vw, 1500px\" \/> <img decoding=\"async\" class=\"aligncenter size-full wp-image-26979\" src=\"https:\/\/shuji.ca\/wp-content\/uploads\/2024\/06\/ASKLDJASLKJD1.jpg\" alt=\"\" width=\"1500\" height=\"1200\" srcset=\"https:\/\/shuji.ca\/wp-content\/uploads\/2024\/06\/ASKLDJASLKJD1.jpg 1500w, https:\/\/shuji.ca\/wp-content\/uploads\/2024\/06\/ASKLDJASLKJD1-300x240.jpg 300w, https:\/\/shuji.ca\/wp-content\/uploads\/2024\/06\/ASKLDJASLKJD1-1024x819.jpg 1024w, https:\/\/shuji.ca\/wp-content\/uploads\/2024\/06\/ASKLDJASLKJD1-768x614.jpg 768w, https:\/\/shuji.ca\/wp-content\/uploads\/2024\/06\/ASKLDJASLKJD1-600x480.jpg 600w\" sizes=\"(max-width: 1500px) 100vw, 1500px\" \/> <img decoding=\"async\" class=\"aligncenter size-full wp-image-26978\" src=\"https:\/\/shuji.ca\/wp-content\/uploads\/2024\/06\/ASDASSD1.jpg\" alt=\"\" width=\"1500\" height=\"1200\" srcset=\"https:\/\/shuji.ca\/wp-content\/uploads\/2024\/06\/ASDASSD1.jpg 1500w, https:\/\/shuji.ca\/wp-content\/uploads\/2024\/06\/ASDASSD1-300x240.jpg 300w, https:\/\/shuji.ca\/wp-content\/uploads\/2024\/06\/ASDASSD1-1024x819.jpg 1024w, https:\/\/shuji.ca\/wp-content\/uploads\/2024\/06\/ASDASSD1-768x614.jpg 768w, https:\/\/shuji.ca\/wp-content\/uploads\/2024\/06\/ASDASSD1-600x480.jpg 600w\" sizes=\"(max-width: 1500px) 100vw, 1500px\" \/> <img loading=\"lazy\" decoding=\"async\" class=\"aligncenter size-full wp-image-26977\" src=\"https:\/\/shuji.ca\/wp-content\/uploads\/2024\/06\/O1CN01oFGKA41GdSHtDoosD_2201284830645-0-cib.jpg\" alt=\"\" width=\"1500\" height=\"1200\" srcset=\"https:\/\/shuji.ca\/wp-content\/uploads\/2024\/06\/O1CN01oFGKA41GdSHtDoosD_2201284830645-0-cib.jpg 1500w, https:\/\/shuji.ca\/wp-content\/uploads\/2024\/06\/O1CN01oFGKA41GdSHtDoosD_2201284830645-0-cib-300x240.jpg 300w, https:\/\/shuji.ca\/wp-content\/uploads\/2024\/06\/O1CN01oFGKA41GdSHtDoosD_2201284830645-0-cib-1024x819.jpg 1024w, https:\/\/shuji.ca\/wp-content\/uploads\/2024\/06\/O1CN01oFGKA41GdSHtDoosD_2201284830645-0-cib-768x614.jpg 768w, https:\/\/shuji.ca\/wp-content\/uploads\/2024\/06\/O1CN01oFGKA41GdSHtDoosD_2201284830645-0-cib-600x480.jpg 600w\" sizes=\"(max-width: 1500px) 100vw, 1500px\" \/><\/p>","protected":false},"excerpt":{"rendered":"<p>Features: Electric Focus &amp; Portable Design: This projector features electric focus for quick setup with a remote control, delivering a clear picture in seconds. Its compact size (5.3&#215;4.1&#215;6.1 inches) and lightweight (1.9 lbs) design make it highly portable for easy transportation. High-Quality Visuals: Supports 1280x720P resolution (1080P supported) and a 15000:1 contrast ratio. With 99% [&hellip;]<\/p>","protected":false},"featured_media":26980,"comment_status":"open","ping_status":"closed","template":"","meta":[],"product_brand":[],"product_cat":[1198,1238],"product_tag":[],"class_list":{"0":"post-22784","1":"product","2":"type-product","3":"status-publish","4":"has-post-thumbnail","6":"product_cat-electronics","7":"product_cat-home-appliances","8":"product_shipping_class-preorder","10":"first","11":"onbackorder","12":"taxable","13":"shipping-taxable","14":"purchasable","15":"product-type-simple"},"_links":{"self":[{"href":"https:\/\/shuji.ca\/fr\/wp-json\/wp\/v2\/product\/22784","targetHints":{"allow":["GET"]}}],"collection":[{"href":"https:\/\/shuji.ca\/fr\/wp-json\/wp\/v2\/product"}],"about":[{"href":"https:\/\/shuji.ca\/fr\/wp-json\/wp\/v2\/types\/product"}],"replies":[{"embeddable":true,"href":"https:\/\/shuji.ca\/fr\/wp-json\/wp\/v2\/comments?post=22784"}],"wp:featuredmedia":[{"embeddable":true,"href":"https:\/\/shuji.ca\/fr\/wp-json\/wp\/v2\/media\/26980"}],"wp:attachment":[{"href":"https:\/\/shuji.ca\/fr\/wp-json\/wp\/v2\/media?parent=22784"}],"wp:term":[{"taxonomy":"product_brand","embeddable":true,"href":"https:\/\/shuji.ca\/fr\/wp-json\/wp\/v2\/product_brand?post=22784"},{"taxonomy":"product_cat","embeddable":true,"href":"https:\/\/shuji.ca\/fr\/wp-json\/wp\/v2\/product_cat?post=22784"},{"taxonomy":"product_tag","embeddable":true,"href":"https:\/\/shuji.ca\/fr\/wp-json\/wp\/v2\/product_tag?post=22784"}],"curies":[{"name":"wp","href":"https:\/\/api.w.org\/{rel}","templated":true}]}}