{"id":22726,"date":"2024-06-16T13:08:31","date_gmt":"2024-06-16T05:08:31","guid":{"rendered":"https:\/\/shuji.ca\/?post_type=product&#038;p=22726"},"modified":"2024-08-19T06:47:12","modified_gmt":"2024-08-19T10:47:12","slug":"radio-shaped-cat-scratching-board-cat-house-durable-cat-scratching-toy-cat-beds-for-indoor-cats-cat-cave","status":"publish","type":"product","link":"https:\/\/shuji.ca\/fr\/shop\/pet-supplies\/pet-accessories\/radio-shaped-cat-scratching-board-cat-house-durable-cat-scratching-toy-cat-beds-for-indoor-cats-cat-cave\/","title":{"rendered":"Maison pour chat en forme de radio, jouet \u00e0 gratter durable pour chat, lit pour chat d'int\u00e9rieur, grotte pour chat"},"content":{"rendered":"<p><strong>Caract\u00e9ristiques :<\/strong><\/p>\n<ul class=\"a-unordered-list a-vertical a-spacing-mini\">\n<li class=\"a-spacing-mini\"><span class=\"a-list-item\">Size: 43.5*42*22cm<\/span><\/li>\n<li class=\"a-spacing-mini\"><span class=\"a-list-item\">Easy Assembly\uff1aIt takes you only 10 minutes to assemble the product.<\/span><\/li>\n<li class=\"a-spacing-mini\"><span class=\"a-list-item\">Durable: High quality corrugated cardboard, very sturdy and durable,can withstand bites and scratches of pets and can last long.<\/span><\/li>\n<li class=\"a-spacing-mini\"><span class=\"a-list-item\">Perfect Design: Provide hours of fun and play time for your feline pets, and reduce furniture damage caused by scratches.<\/span><\/li>\n<li class=\"a-spacing-mini\"><span class=\"a-list-item\">Widely Use: fits cats of all sizes and breeds.<\/span><\/li>\n<\/ul>\n<p><img fetchpriority=\"high\" decoding=\"async\" class=\"aligncenter\" src=\"https:\/\/cbu01.alicdn.com\/img\/ibank\/O1CN01kxebzg1SDbKbCKHEY_!!2929202213-0-cib.jpg\" width=\"1181\" height=\"1181\" \/><img decoding=\"async\" class=\"aligncenter\" src=\"https:\/\/cbu01.alicdn.com\/img\/ibank\/O1CN011KXjsK1SDbEEmZpgr_!!2929202213-0-cib.jpg\" width=\"1180\" height=\"1180\" \/><img decoding=\"async\" class=\"aligncenter\" src=\"https:\/\/cbu01.alicdn.com\/img\/ibank\/O1CN01fWA1cL1SDbANFvQy3_!!2929202213-0-cib.jpg\" width=\"1179\" height=\"1179\" \/><\/p>","protected":false},"excerpt":{"rendered":"<p>Features: Size: 43.5*42*22cm Easy Assembly\uff1aIt takes you only 10 minutes to assemble the product. Durable: High quality corrugated cardboard, very sturdy and durable,can withstand bites and scratches of pets and can last long. Perfect Design: Provide hours of fun and play time for your feline pets, and reduce furniture damage caused by scratches. Widely Use: [&hellip;]<\/p>","protected":false},"featured_media":26704,"comment_status":"open","ping_status":"closed","template":"","meta":[],"product_brand":[],"product_cat":[1236,1205],"product_tag":[],"class_list":{"0":"post-22726","1":"product","2":"type-product","3":"status-publish","4":"has-post-thumbnail","6":"product_cat-pet-accessories","7":"product_cat-pet-supplies","8":"product_shipping_class-preorder","9":"product-has-variation-images","11":"first","12":"onbackorder","13":"taxable","14":"shipping-taxable","15":"purchasable","16":"product-type-variable"},"_links":{"self":[{"href":"https:\/\/shuji.ca\/fr\/wp-json\/wp\/v2\/product\/22726","targetHints":{"allow":["GET"]}}],"collection":[{"href":"https:\/\/shuji.ca\/fr\/wp-json\/wp\/v2\/product"}],"about":[{"href":"https:\/\/shuji.ca\/fr\/wp-json\/wp\/v2\/types\/product"}],"replies":[{"embeddable":true,"href":"https:\/\/shuji.ca\/fr\/wp-json\/wp\/v2\/comments?post=22726"}],"wp:featuredmedia":[{"embeddable":true,"href":"https:\/\/shuji.ca\/fr\/wp-json\/wp\/v2\/media\/26704"}],"wp:attachment":[{"href":"https:\/\/shuji.ca\/fr\/wp-json\/wp\/v2\/media?parent=22726"}],"wp:term":[{"taxonomy":"product_brand","embeddable":true,"href":"https:\/\/shuji.ca\/fr\/wp-json\/wp\/v2\/product_brand?post=22726"},{"taxonomy":"product_cat","embeddable":true,"href":"https:\/\/shuji.ca\/fr\/wp-json\/wp\/v2\/product_cat?post=22726"},{"taxonomy":"product_tag","embeddable":true,"href":"https:\/\/shuji.ca\/fr\/wp-json\/wp\/v2\/product_tag?post=22726"}],"curies":[{"name":"wp","href":"https:\/\/api.w.org\/{rel}","templated":true}]}}