{"id":22714,"date":"2024-06-16T13:48:45","date_gmt":"2024-06-16T05:48:45","guid":{"rendered":"https:\/\/shuji.ca\/?post_type=product&#038;p=22714"},"modified":"2024-08-19T06:45:10","modified_gmt":"2024-08-19T10:45:10","slug":"pioneer-portable-wireless-bluetooth-5-0-speaker-with-extra-bass-compact-home-outdoor-mini-speaker","status":"publish","type":"product","link":"https:\/\/shuji.ca\/fr\/shop\/electronics\/home-appliances\/pioneer-portable-wireless-bluetooth-5-0-speaker-with-extra-bass-compact-home-outdoor-mini-speaker\/","title":{"rendered":"Pioneer Enceinte portable sans fil Bluetooth 5.0 avec basses extra, mini enceinte compacte pour la maison et l'ext\u00e9rieur"},"content":{"rendered":"<p><span class=\"a-list-item\">\u00a0Ce haut-parleur Bluetooth portable offre des basses riches et un son de haute qualit\u00e9 sans les inconv\u00e9nients du poids et de la taille.\u00a0<\/span><\/p>\n<ul class=\"a-unordered-list a-vertical a-spacing-mini\">\n<li class=\"a-spacing-mini\"><span class=\"a-list-item\">Compatibilit\u00e9 Bluetooth 5.0, transmission du signal jusqu'\u00e0 10 m<\/span><\/li>\n<li><span class=\"a-list-item\">La nouvelle g\u00e9n\u00e9ration de technologie Bluetooth 5.0, transmise par la technologie A2DP, consomme moins d'\u00e9nergie que la technologie Bluetooth 4.2, mais transmet plus rapidement, a une meilleure capacit\u00e9 anti-interf\u00e9rence et un signal plus stable, sans aucun retard.<\/span><\/li>\n<li class=\"a-spacing-mini\">Super compact et l\u00e9ger (0,3 kg), fabriqu\u00e9 en aluminium durable et en plastique ABS<\/li>\n<li><span class=\"a-list-item\">Deux haut-parleurs peuvent \u00eatre coupl\u00e9s pour une lecture sans fil Bluetooth sur les canaux gauche et droit.<\/span><\/li>\n<\/ul>\n<p><img fetchpriority=\"high\" decoding=\"async\" class=\"aligncenter wp-image-26701\" src=\"https:\/\/shuji.ca\/wp-content\/uploads\/2024\/06\/AJSLKDSALKJD1.jpg\" alt=\"\" width=\"1151\" height=\"2343\" srcset=\"https:\/\/shuji.ca\/wp-content\/uploads\/2024\/06\/AJSLKDSALKJD1.jpg 785w, https:\/\/shuji.ca\/wp-content\/uploads\/2024\/06\/AJSLKDSALKJD1-147x300.jpg 147w, https:\/\/shuji.ca\/wp-content\/uploads\/2024\/06\/AJSLKDSALKJD1-503x1024.jpg 503w, https:\/\/shuji.ca\/wp-content\/uploads\/2024\/06\/AJSLKDSALKJD1-768x1563.jpg 768w, https:\/\/shuji.ca\/wp-content\/uploads\/2024\/06\/AJSLKDSALKJD1-755x1536.jpg 755w, https:\/\/shuji.ca\/wp-content\/uploads\/2024\/06\/AJSLKDSALKJD1-600x1221.jpg 600w\" sizes=\"(max-width: 1151px) 100vw, 1151px\" \/><img decoding=\"async\" class=\"aligncenter\" src=\"https:\/\/cbu01.alicdn.com\/img\/ibank\/O1CN01aTBeOf1O1SUUEqiPo_!!2209718521645-0-cib.jpg\" width=\"1154\" height=\"1154\" \/><\/p>","protected":false},"excerpt":{"rendered":"<p>\u00a0This portable bluetooth speaker features rich bass and high sound quality without hazzles of weight and size.\u00a0 Features Bluetooth 5.0 compatibility, signal transmission for up to 10m A new generation of Bluetooth 5.0 technology, transmitted by A2DP technology, has lower power consumption than Bluetooth 4.2 but with faster transmission, stronger anti-interference ability and more stable [&hellip;]<\/p>","protected":false},"featured_media":23121,"comment_status":"open","ping_status":"closed","template":"","meta":[],"product_brand":[],"product_cat":[1198,1238],"product_tag":[],"class_list":{"0":"post-22714","1":"product","2":"type-product","3":"status-publish","4":"has-post-thumbnail","6":"product_cat-electronics","7":"product_cat-home-appliances","8":"product_shipping_class-havestock","9":"product-has-variation-images","11":"first","12":"instock","13":"taxable","14":"shipping-taxable","15":"purchasable","16":"product-type-variable"},"_links":{"self":[{"href":"https:\/\/shuji.ca\/fr\/wp-json\/wp\/v2\/product\/22714","targetHints":{"allow":["GET"]}}],"collection":[{"href":"https:\/\/shuji.ca\/fr\/wp-json\/wp\/v2\/product"}],"about":[{"href":"https:\/\/shuji.ca\/fr\/wp-json\/wp\/v2\/types\/product"}],"replies":[{"embeddable":true,"href":"https:\/\/shuji.ca\/fr\/wp-json\/wp\/v2\/comments?post=22714"}],"wp:featuredmedia":[{"embeddable":true,"href":"https:\/\/shuji.ca\/fr\/wp-json\/wp\/v2\/media\/23121"}],"wp:attachment":[{"href":"https:\/\/shuji.ca\/fr\/wp-json\/wp\/v2\/media?parent=22714"}],"wp:term":[{"taxonomy":"product_brand","embeddable":true,"href":"https:\/\/shuji.ca\/fr\/wp-json\/wp\/v2\/product_brand?post=22714"},{"taxonomy":"product_cat","embeddable":true,"href":"https:\/\/shuji.ca\/fr\/wp-json\/wp\/v2\/product_cat?post=22714"},{"taxonomy":"product_tag","embeddable":true,"href":"https:\/\/shuji.ca\/fr\/wp-json\/wp\/v2\/product_tag?post=22714"}],"curies":[{"name":"wp","href":"https:\/\/api.w.org\/{rel}","templated":true}]}}