{"id":22624,"date":"2024-06-16T10:39:18","date_gmt":"2024-06-16T02:39:18","guid":{"rendered":"https:\/\/shuji.ca\/?post_type=product&#038;p=22624"},"modified":"2024-08-19T08:46:29","modified_gmt":"2024-08-19T12:46:29","slug":"glossy-black-coffee-table-round-edge-cloud-coffee-table-with-4-short-legs-irregular-black-end-table-for-small-space-modern-center-coffee-table-for-living-room","status":"publish","type":"product","link":"https:\/\/shuji.ca\/fr\/shop\/home-living\/coffee-side-tables\/glossy-black-coffee-table-round-edge-cloud-coffee-table-with-4-short-legs-irregular-black-end-table-for-small-space-modern-center-coffee-table-for-living-room\/","title":{"rendered":"Table basse noire brillante, table basse ronde avec 4 pieds courts, table d'appoint noire irr\u00e9guli\u00e8re pour petit espace, table basse centrale moderne pour salon"},"content":{"rendered":"<p>Caract\u00e9ristiques :<\/p>\n<ul>\n<li>Peinture au four \u00e0 haute temp\u00e9rature : Dimensions du plateau de la table basse : 100*70*40cm. Planche de bois recycl\u00e9 E1, 36 fois ponc\u00e9e et peinte, 1 couche de peinture au four \u00e0 haute temp\u00e9rature, surface lisse et couleur uniforme, le premier choix pour une table basse moderne.<\/li>\n<li>Table basse \u00e0 bord rond irr\u00e9gulier pour le salon : Le bord arrondi lisse et profil\u00e9 prot\u00e8ge des chocs et fait de cette pi\u00e8ce d\u00e9corative abstraite un \u00e9l\u00e9ment accrocheur, convenant aux styles minimaliste, contemporain, etc.<\/li>\n<li>Table basse en forme de nuage : Cette table basse en forme de nuage est dot\u00e9e d'un design unique, d'une ligne minimaliste et de pieds ronds. Elle cr\u00e9e une d\u00e9coration mignonne et funky pour le salon et l'agr\u00e9mente.<\/li>\n<li>Support robuste et durable : piedsCette table basse blanche a 3 pieds ronds de 6,29\u2033 de largeur, la table basse pour s'asseoir sur le sol est tr\u00e8s stable et le support puissant.Vous pouvez profiter d'un caf\u00e9 ou d'un dessert \u00e0 l'heure douillette.<\/li>\n<\/ul>\n<p><img fetchpriority=\"high\" decoding=\"async\" class=\"aligncenter\" src=\"https:\/\/cbu01.alicdn.com\/img\/ibank\/O1CN01u2DV572MTjtAg8l1z_!!2217955879829-0-cib.jpg\" width=\"997\" height=\"997\" \/><img decoding=\"async\" class=\"aligncenter\" src=\"https:\/\/cbu01.alicdn.com\/img\/ibank\/O1CN01zDnfS62MTjtCayMkw_!!2217955879829-0-cib.jpg\" width=\"993\" height=\"993\" \/><img decoding=\"async\" class=\"aligncenter\" src=\"https:\/\/cbu01.alicdn.com\/img\/ibank\/O1CN01QMVXnp2MTjtADx2nw_!!2217955879829-0-cib.jpg\" width=\"992\" height=\"992\" \/><\/p>","protected":false},"excerpt":{"rendered":"<p>Features: High-temperature baking paint: Coffee table top size:100*70*40cm. Featured E1 reclaimed wood board, 36 times of repeated grinding and painting, 1 layer of high-temperature baking paint, smooth surface, and uniform color, which is the first choice for modern coffee table Irregular round edge coffee table for living room: Smooth streamlined rounded live edge protecting from [&hellip;]<\/p>","protected":false},"featured_media":22638,"comment_status":"open","ping_status":"closed","template":"","meta":[],"product_brand":[],"product_cat":[1221,1199],"product_tag":[],"class_list":{"0":"post-22624","1":"product","2":"type-product","3":"status-publish","4":"has-post-thumbnail","6":"product_cat-coffee-side-tables","7":"product_cat-home-living","8":"product_shipping_class-preorderoversize","9":"product-has-variation-images","11":"first","12":"onbackorder","13":"taxable","14":"shipping-taxable","15":"purchasable","16":"product-type-variable"},"_links":{"self":[{"href":"https:\/\/shuji.ca\/fr\/wp-json\/wp\/v2\/product\/22624","targetHints":{"allow":["GET"]}}],"collection":[{"href":"https:\/\/shuji.ca\/fr\/wp-json\/wp\/v2\/product"}],"about":[{"href":"https:\/\/shuji.ca\/fr\/wp-json\/wp\/v2\/types\/product"}],"replies":[{"embeddable":true,"href":"https:\/\/shuji.ca\/fr\/wp-json\/wp\/v2\/comments?post=22624"}],"wp:featuredmedia":[{"embeddable":true,"href":"https:\/\/shuji.ca\/fr\/wp-json\/wp\/v2\/media\/22638"}],"wp:attachment":[{"href":"https:\/\/shuji.ca\/fr\/wp-json\/wp\/v2\/media?parent=22624"}],"wp:term":[{"taxonomy":"product_brand","embeddable":true,"href":"https:\/\/shuji.ca\/fr\/wp-json\/wp\/v2\/product_brand?post=22624"},{"taxonomy":"product_cat","embeddable":true,"href":"https:\/\/shuji.ca\/fr\/wp-json\/wp\/v2\/product_cat?post=22624"},{"taxonomy":"product_tag","embeddable":true,"href":"https:\/\/shuji.ca\/fr\/wp-json\/wp\/v2\/product_tag?post=22624"}],"curies":[{"name":"wp","href":"https:\/\/api.w.org\/{rel}","templated":true}]}}