{"id":22529,"date":"2024-06-15T19:52:08","date_gmt":"2024-06-15T11:52:08","guid":{"rendered":"https:\/\/shuji.ca\/?post_type=product&#038;p=22529"},"modified":"2024-08-19T08:54:42","modified_gmt":"2024-08-19T12:54:42","slug":"single-sofa-small-apartment-living-room-tofu-block-taji-sofa-bed-folding-dual-purpose-cream-style-module-lazy-sofa","status":"publish","type":"product","link":"https:\/\/shuji.ca\/fr\/shop\/home-living\/sofa\/single-sofa-small-apartment-living-room-tofu-block-taji-sofa-bed-folding-dual-purpose-cream-style-module-lazy-sofa\/","title":{"rendered":"Canap\u00e9 simple Petit Appartement Salon Canap\u00e9-lit Tofu-Block Taji - Canap\u00e9 pliant \u00e0 double usage Module de style cr\u00e8me Canap\u00e9 paresseux"},"content":{"rendered":"<p>Caract\u00e9ristiques :<\/p>\n<ul>\n<li>Modes convertibles : Passez facilement de la chaise au fauteuil inclinable et au canap\u00e9-lit pour r\u00e9pondre \u00e0 vos besoins et \u00e0 vos pr\u00e9f\u00e9rences.<\/li>\n<li>Housses amovibles et lavables : Les housses amovibles facilitent le nettoyage et l'entretien et garantissent une utilisation durable.<\/li>\n<li>\u00c9ponge \u00e0 haute r\u00e9silience : \u00c9quip\u00e9 d'une \u00e9ponge rebondissante de haute densit\u00e9 pour un confort et un soutien sup\u00e9rieurs, parfait pour s'asseoir, se coucher et dormir.<\/li>\n<li>Design compact et portable : Pliable et l\u00e9ger, il est facile \u00e0 d\u00e9placer et \u00e0 ranger, id\u00e9al pour les petits espaces ou les voyages.<\/li>\n<li>Mat\u00e9riaux de qualit\u00e9 sup\u00e9rieure : Disponible en velours flocon de neige blanc cr\u00e8me respectueux de la peau et en cuir de chat noir durable pour un look \u00e9l\u00e9gant.<\/li>\n<li>Dimensions : Largeur de 85 cm avec longueurs et hauteurs r\u00e9glables pour diff\u00e9rents modes : chaise (85x85x66 cm), fauteuil inclinable (170x85x49,5 cm) et canap\u00e9-lit (203x85x33 cm).<\/li>\n<\/ul>\n<p><img fetchpriority=\"high\" decoding=\"async\" class=\"aligncenter wp-image-22528\" src=\"https:\/\/shuji.ca\/wp-content\/uploads\/2024\/06\/hfgc-5.jpg\" alt=\"\" width=\"748\" height=\"748\" srcset=\"https:\/\/shuji.ca\/wp-content\/uploads\/2024\/06\/hfgc-5.jpg 800w, https:\/\/shuji.ca\/wp-content\/uploads\/2024\/06\/hfgc-5-300x300.jpg 300w, https:\/\/shuji.ca\/wp-content\/uploads\/2024\/06\/hfgc-5-150x150.jpg 150w, https:\/\/shuji.ca\/wp-content\/uploads\/2024\/06\/hfgc-5-768x768.jpg 768w, https:\/\/shuji.ca\/wp-content\/uploads\/2024\/06\/hfgc-5-600x600.jpg 600w, https:\/\/shuji.ca\/wp-content\/uploads\/2024\/06\/hfgc-5-100x100.jpg 100w\" sizes=\"(max-width: 748px) 100vw, 748px\" \/> <img decoding=\"async\" class=\"aligncenter size-full wp-image-22524\" src=\"https:\/\/shuji.ca\/wp-content\/uploads\/2024\/06\/hfgc-1.jpg\" alt=\"\" width=\"750\" height=\"750\" srcset=\"https:\/\/shuji.ca\/wp-content\/uploads\/2024\/06\/hfgc-1.jpg 750w, https:\/\/shuji.ca\/wp-content\/uploads\/2024\/06\/hfgc-1-300x300.jpg 300w, https:\/\/shuji.ca\/wp-content\/uploads\/2024\/06\/hfgc-1-150x150.jpg 150w, https:\/\/shuji.ca\/wp-content\/uploads\/2024\/06\/hfgc-1-600x600.jpg 600w, https:\/\/shuji.ca\/wp-content\/uploads\/2024\/06\/hfgc-1-100x100.jpg 100w\" sizes=\"(max-width: 750px) 100vw, 750px\" \/><\/p>\n<p>&nbsp;<\/p>","protected":false},"excerpt":{"rendered":"<p>Features: Convertible Modes: Easily switch between chair, recliner, and sofa bed to suit different needs and preferences. Removable and Washable Covers: Conveniently removable covers for easy cleaning and maintenance, ensuring long-lasting use. High Resilience Sponge: Equipped with high-density rebound sponge for superior comfort and support, perfect for sitting, lying, and sleeping. Compact and Portable Design: [&hellip;]<\/p>","protected":false},"featured_media":22525,"comment_status":"open","ping_status":"closed","template":"","meta":[],"product_brand":[],"product_cat":[1199,1215],"product_tag":[],"class_list":{"0":"post-22529","1":"product","2":"type-product","3":"status-publish","4":"has-post-thumbnail","6":"product_cat-home-living","7":"product_cat-sofa","8":"product_shipping_class-preorderoversize","9":"product-has-variation-images","11":"first","12":"onbackorder","13":"taxable","14":"shipping-taxable","15":"purchasable","16":"product-type-variable"},"_links":{"self":[{"href":"https:\/\/shuji.ca\/fr\/wp-json\/wp\/v2\/product\/22529","targetHints":{"allow":["GET"]}}],"collection":[{"href":"https:\/\/shuji.ca\/fr\/wp-json\/wp\/v2\/product"}],"about":[{"href":"https:\/\/shuji.ca\/fr\/wp-json\/wp\/v2\/types\/product"}],"replies":[{"embeddable":true,"href":"https:\/\/shuji.ca\/fr\/wp-json\/wp\/v2\/comments?post=22529"}],"wp:featuredmedia":[{"embeddable":true,"href":"https:\/\/shuji.ca\/fr\/wp-json\/wp\/v2\/media\/22525"}],"wp:attachment":[{"href":"https:\/\/shuji.ca\/fr\/wp-json\/wp\/v2\/media?parent=22529"}],"wp:term":[{"taxonomy":"product_brand","embeddable":true,"href":"https:\/\/shuji.ca\/fr\/wp-json\/wp\/v2\/product_brand?post=22529"},{"taxonomy":"product_cat","embeddable":true,"href":"https:\/\/shuji.ca\/fr\/wp-json\/wp\/v2\/product_cat?post=22529"},{"taxonomy":"product_tag","embeddable":true,"href":"https:\/\/shuji.ca\/fr\/wp-json\/wp\/v2\/product_tag?post=22529"}],"curies":[{"name":"wp","href":"https:\/\/api.w.org\/{rel}","templated":true}]}}