{"id":22519,"date":"2024-06-15T18:41:14","date_gmt":"2024-06-15T10:41:14","guid":{"rendered":"https:\/\/shuji.ca\/?post_type=product&#038;p=22519"},"modified":"2024-08-19T08:57:44","modified_gmt":"2024-08-19T12:57:44","slug":"luxury-metal-designs-double-layer-small-net-shoe-stool-organizer-cabinet-rack-bench","status":"publish","type":"product","link":"https:\/\/shuji.ca\/fr\/shop\/home-living\/home-organisation\/luxury-metal-designs-double-layer-small-net-shoe-stool-organizer-cabinet-rack-bench\/","title":{"rendered":"Luxe Metal Designs Double Layer Small Net Shoe Stool Organizer Cabinet Rack Bench"},"content":{"rendered":"<ul>\n<li style=\"text-align: left;\">Nom\uff1aTabouret \u00e0 chaussures pour la maison<\/li>\n<li style=\"text-align: left;\">Sp\u00e9cification : 1 en<\/li>\n<li style=\"text-align: left;\">Taille : longueur 60cm<\/li>\n<li style=\"text-align: left;\">(Des erreurs de mesure manuelle de la taille peuvent exister, peuvent \u00e9galement \u00eatre dues au probl\u00e8me de prise de vue de la diff\u00e9rence de couleur entre la photo et la chose r\u00e9elle, vous \u00eates invit\u00e9s \u00e0 contacter le petit service \u00e0 la client\u00e8le de la photographie ou au magasin pour s\u00e9lectionner, sp\u00e9cifique en nature doit pr\u00e9valoir Oh).<\/li>\n<li style=\"text-align: left;\">Mat\u00e9riau : fer + coussin de si\u00e8ge en cuir<\/li>\n<li style=\"text-align: left;\">La conception humanis\u00e9e peut aider \u00e0 une conception fiable, belle, pratique et commode. Coussin rembourr\u00e9 \u00c0 la bonne hauteur pour changer de chaussures confortablement et profiter de la beaut\u00e9 de la vie. Stockage \u00e0 double couche pour un stockage plus solide. Fonction d'organisation du rangement, dites adieu au placement al\u00e9atoire.<\/li>\n<\/ul>\n<p>&nbsp;<\/p>\n<p><img fetchpriority=\"high\" decoding=\"async\" class=\"aligncenter\" src=\"https:\/\/cbu01.alicdn.com\/img\/ibank\/O1CN01mPpeIV2NWJiNezdkV_!!2217593919970-0-cib.jpg\" width=\"882\" height=\"882\" \/><\/p>\n<p><img decoding=\"async\" class=\"aligncenter\" src=\"https:\/\/cbu01.alicdn.com\/img\/ibank\/O1CN01nPn6Ni2NWJiCRnNBc_!!2217593919970-0-cib.jpg\" width=\"882\" height=\"882\" \/><\/p>","protected":false},"excerpt":{"rendered":"<p>Name\uff1aHousehold Shoe Stool Specification: 1 into Size: length 60cm (Size manual measurement errors may exist, may also be due to the shooting problem of color difference between the picture and the real thing, you are welcome to contact the small customer service photography or to the store to select, specific in kind shall prevail Oh) [&hellip;]<\/p>","protected":false},"featured_media":22511,"comment_status":"open","ping_status":"closed","template":"","meta":[],"product_brand":[],"product_cat":[1199,1234],"product_tag":[],"class_list":{"0":"post-22519","1":"product","2":"type-product","3":"status-publish","4":"has-post-thumbnail","6":"product_cat-home-living","7":"product_cat-home-organisation","8":"product_shipping_class-preorderoversize","9":"product-has-variation-images","11":"first","12":"onbackorder","13":"taxable","14":"shipping-taxable","15":"purchasable","16":"product-type-variable"},"_links":{"self":[{"href":"https:\/\/shuji.ca\/fr\/wp-json\/wp\/v2\/product\/22519","targetHints":{"allow":["GET"]}}],"collection":[{"href":"https:\/\/shuji.ca\/fr\/wp-json\/wp\/v2\/product"}],"about":[{"href":"https:\/\/shuji.ca\/fr\/wp-json\/wp\/v2\/types\/product"}],"replies":[{"embeddable":true,"href":"https:\/\/shuji.ca\/fr\/wp-json\/wp\/v2\/comments?post=22519"}],"wp:featuredmedia":[{"embeddable":true,"href":"https:\/\/shuji.ca\/fr\/wp-json\/wp\/v2\/media\/22511"}],"wp:attachment":[{"href":"https:\/\/shuji.ca\/fr\/wp-json\/wp\/v2\/media?parent=22519"}],"wp:term":[{"taxonomy":"product_brand","embeddable":true,"href":"https:\/\/shuji.ca\/fr\/wp-json\/wp\/v2\/product_brand?post=22519"},{"taxonomy":"product_cat","embeddable":true,"href":"https:\/\/shuji.ca\/fr\/wp-json\/wp\/v2\/product_cat?post=22519"},{"taxonomy":"product_tag","embeddable":true,"href":"https:\/\/shuji.ca\/fr\/wp-json\/wp\/v2\/product_tag?post=22519"}],"curies":[{"name":"wp","href":"https:\/\/api.w.org\/{rel}","templated":true}]}}