{"id":22499,"date":"2024-06-15T17:38:51","date_gmt":"2024-06-15T09:38:51","guid":{"rendered":"https:\/\/shuji.ca\/?post_type=product&#038;p=22499"},"modified":"2024-08-19T09:00:27","modified_gmt":"2024-08-19T13:00:27","slug":"light-luxury-lazy-recliner-sofa-hotel-living-room-leisure-rocking-chair-white-modern-single-couch-with-stool","status":"publish","type":"product","link":"https:\/\/shuji.ca\/fr\/shop\/home-living\/sofa\/light-luxury-lazy-recliner-sofa-hotel-living-room-leisure-rocking-chair-white-modern-single-couch-with-stool\/","title":{"rendered":"Canap\u00e9 de luxe \u00e0 bascule pour l'h\u00f4tellerie et le s\u00e9jour Fauteuil \u00e0 bascule blanc Canap\u00e9 simple moderne avec tabouret"},"content":{"rendered":"<p><strong>Caract\u00e9ristiques :<\/strong><\/p>\n<ul>\n<li>Fauteuil \u00e0 bascule confortable et relaxant<\/li>\n<li>Conception semi-ferm\u00e9e pour plus de confort et de s\u00e9curit\u00e9<\/li>\n<li>Structure innovante du rocking-chair avec un meilleur soutien<\/li>\n<li>Remplie de mousse haute densit\u00e9 pour une assise confortable<\/li>\n<li>Base solide et stable en acier au carbone et en bois v\u00e9ritable<\/li>\n<li>Petite et compacte, elle s'adapte \u00e0 diff\u00e9rents types de pi\u00e8ces<\/li>\n<\/ul>\n<p><strong>Dimensions :<\/strong><\/p>\n<ul>\n<li>Hauteur : 88 cm<\/li>\n<li>Largeur : 75 cm<\/li>\n<li>Profondeur : 98 cm<\/li>\n<\/ul>\n<p><img fetchpriority=\"high\" decoding=\"async\" class=\"aligncenter\" src=\"https:\/\/cbu01.alicdn.com\/img\/ibank\/O1CN01bqpoTi2IIy5j1Iv3V_!!2217581859264-0-cib.jpg\" width=\"1226\" height=\"1226\" \/><img decoding=\"async\" class=\"aligncenter\" src=\"https:\/\/cbu01.alicdn.com\/img\/ibank\/O1CN01HxgwTN2IIy6jmh7lw_!!2217581859264-0-cib.jpg\" width=\"1225\" height=\"1225\" \/><img decoding=\"async\" class=\"aligncenter\" src=\"https:\/\/cbu01.alicdn.com\/img\/ibank\/O1CN013UU1AQ2FZ39XWrA2L_!!2213167778893-0-cib.jpg\" width=\"1226\" height=\"1226\" \/><\/p>\n<p>&nbsp;<\/p>\n<p>&nbsp;<\/p>","protected":false},"excerpt":{"rendered":"<p>Features: Comfortable and relaxing hugging-style rocking chair Half-enclosed design for comfort and safety Innovative rocking chair structure with improved support Filled with high-density foam for comfortable seating Solid and stable base made of carbon steel and real wood Small and compact, suitable for various room settings Dimensions: Height: 88 cm Width: 75 cm Depth: 98 [&hellip;]<\/p>","protected":false},"featured_media":26664,"comment_status":"open","ping_status":"closed","template":"","meta":[],"product_brand":[],"product_cat":[1199,1215],"product_tag":[],"class_list":{"0":"post-22499","1":"product","2":"type-product","3":"status-publish","4":"has-post-thumbnail","6":"product_cat-home-living","7":"product_cat-sofa","8":"product_shipping_class-preorderoversize","9":"product-has-variation-images","11":"first","12":"onbackorder","13":"taxable","14":"shipping-taxable","15":"purchasable","16":"product-type-variable"},"_links":{"self":[{"href":"https:\/\/shuji.ca\/fr\/wp-json\/wp\/v2\/product\/22499","targetHints":{"allow":["GET"]}}],"collection":[{"href":"https:\/\/shuji.ca\/fr\/wp-json\/wp\/v2\/product"}],"about":[{"href":"https:\/\/shuji.ca\/fr\/wp-json\/wp\/v2\/types\/product"}],"replies":[{"embeddable":true,"href":"https:\/\/shuji.ca\/fr\/wp-json\/wp\/v2\/comments?post=22499"}],"wp:featuredmedia":[{"embeddable":true,"href":"https:\/\/shuji.ca\/fr\/wp-json\/wp\/v2\/media\/26664"}],"wp:attachment":[{"href":"https:\/\/shuji.ca\/fr\/wp-json\/wp\/v2\/media?parent=22499"}],"wp:term":[{"taxonomy":"product_brand","embeddable":true,"href":"https:\/\/shuji.ca\/fr\/wp-json\/wp\/v2\/product_brand?post=22499"},{"taxonomy":"product_cat","embeddable":true,"href":"https:\/\/shuji.ca\/fr\/wp-json\/wp\/v2\/product_cat?post=22499"},{"taxonomy":"product_tag","embeddable":true,"href":"https:\/\/shuji.ca\/fr\/wp-json\/wp\/v2\/product_tag?post=22499"}],"curies":[{"name":"wp","href":"https:\/\/api.w.org\/{rel}","templated":true}]}}