{"id":22472,"date":"2024-06-15T16:43:10","date_gmt":"2024-06-15T08:43:10","guid":{"rendered":"https:\/\/shuji.ca\/?post_type=product&#038;p=22472"},"modified":"2024-08-20T01:50:07","modified_gmt":"2024-08-20T05:50:07","slug":"office-chair-computer-chair-extra-comfortable-computer-chair-multi-color-option","status":"publish","type":"product","link":"https:\/\/shuji.ca\/fr\/shop\/home-living\/sofa\/office-chair-computer-chair-extra-comfortable-computer-chair-multi-color-option\/","title":{"rendered":"Fauteuil de bureau ergonomique \u00e0 dossier haut avec dossier et repose-pieds r\u00e9glables, tissu anti-t\u00e2ches et soutien du corps entier pour le travail, les jeux et la relaxation."},"content":{"rendered":"<p>Caract\u00e9ristiques :<\/p>\n<ul>\n<li><strong>Conception ergonomique<\/strong>: Dossier haut pour le soutien de la t\u00eate, \u00e9pousant parfaitement la forme de votre dos, avec un coussin d'assise souple et r\u00e9silient.<\/li>\n<li><strong>Rembourrage confortable<\/strong>: Tissu \u00e0 technologie anti-t\u00e2ches, facile \u00e0 nettoyer et \u00e0 entretenir, avec un toucher lisse et un aspect cuir.<\/li>\n<li><strong>Dossier r\u00e9glable<\/strong>: Trois angles r\u00e9glables pour r\u00e9pondre aux diff\u00e9rents besoins d'assise, parfait pour le bureau, les jeux et la d\u00e9tente.<\/li>\n<li><strong>Rembourrage abondant<\/strong>: Rempli d'un rembourrage \u00e9pais et doux pour un soutien de tout le corps, y compris la t\u00eate, les \u00e9paules, le dos, la taille et les jambes.<\/li>\n<li><strong>Structure stable<\/strong>: La base large et le cadre robuste garantissent la stabilit\u00e9, m\u00eame en cas d'inclinaison importante.<\/li>\n<li><strong>Utilisation polyvalente<\/strong>: Id\u00e9al pour travailler, jouer, lire ou faire la sieste, il offre un confort optimal tout au long de la journ\u00e9e.<\/li>\n<\/ul>\n<p><img fetchpriority=\"high\" decoding=\"async\" class=\"aligncenter wp-image-26672\" src=\"https:\/\/shuji.ca\/wp-content\/uploads\/2024\/06\/JKSJDKLJA.png\" alt=\"\" width=\"988\" height=\"1151\" srcset=\"https:\/\/shuji.ca\/wp-content\/uploads\/2024\/06\/JKSJDKLJA.png 990w, https:\/\/shuji.ca\/wp-content\/uploads\/2024\/06\/JKSJDKLJA-258x300.png 258w, https:\/\/shuji.ca\/wp-content\/uploads\/2024\/06\/JKSJDKLJA-879x1024.png 879w, https:\/\/shuji.ca\/wp-content\/uploads\/2024\/06\/JKSJDKLJA-768x894.png 768w, https:\/\/shuji.ca\/wp-content\/uploads\/2024\/06\/JKSJDKLJA-600x699.png 600w\" sizes=\"(max-width: 988px) 100vw, 988px\" \/> <img decoding=\"async\" class=\"aligncenter wp-image-26671\" src=\"https:\/\/shuji.ca\/wp-content\/uploads\/2024\/06\/ASDASDAS11.jpg\" alt=\"\" width=\"984\" height=\"984\" srcset=\"https:\/\/shuji.ca\/wp-content\/uploads\/2024\/06\/ASDASDAS11.jpg 731w, https:\/\/shuji.ca\/wp-content\/uploads\/2024\/06\/ASDASDAS11-300x300.jpg 300w, https:\/\/shuji.ca\/wp-content\/uploads\/2024\/06\/ASDASDAS11-150x150.jpg 150w, https:\/\/shuji.ca\/wp-content\/uploads\/2024\/06\/ASDASDAS11-600x600.jpg 600w, https:\/\/shuji.ca\/wp-content\/uploads\/2024\/06\/ASDASDAS11-100x100.jpg 100w\" sizes=\"(max-width: 984px) 100vw, 984px\" \/> <img decoding=\"async\" class=\"aligncenter wp-image-26673\" src=\"https:\/\/shuji.ca\/wp-content\/uploads\/2024\/06\/HSJDHAJH1.png\" alt=\"\" width=\"985\" height=\"1157\" srcset=\"https:\/\/shuji.ca\/wp-content\/uploads\/2024\/06\/HSJDHAJH1.png 911w, https:\/\/shuji.ca\/wp-content\/uploads\/2024\/06\/HSJDHAJH1-255x300.png 255w, https:\/\/shuji.ca\/wp-content\/uploads\/2024\/06\/HSJDHAJH1-872x1024.png 872w, https:\/\/shuji.ca\/wp-content\/uploads\/2024\/06\/HSJDHAJH1-768x902.png 768w, https:\/\/shuji.ca\/wp-content\/uploads\/2024\/06\/HSJDHAJH1-600x705.png 600w\" sizes=\"(max-width: 985px) 100vw, 985px\" \/><\/p>\n<p>&nbsp;<\/p>","protected":false},"excerpt":{"rendered":"<p>Features: Ergonomic Design: High backrest for head support, conforms closely to your back, with a soft and resilient seat cushion. Comfortable Upholstery: Anti-stain technology fabric, easy to clean and maintain, with a smooth touch and leather-like appearance. Adjustable Backrest: Three adjustable angles to meet different sitting needs, perfect for office, gaming, and relaxation. Ample Padding: [&hellip;]<\/p>","protected":false},"featured_media":26672,"comment_status":"open","ping_status":"closed","template":"","meta":[],"product_brand":[],"product_cat":[1199,1215],"product_tag":[],"class_list":{"0":"post-22472","1":"product","2":"type-product","3":"status-publish","4":"has-post-thumbnail","6":"product_cat-home-living","7":"product_cat-sofa","8":"product_shipping_class-havestock","9":"product-has-variation-images","11":"first","12":"instock","13":"taxable","14":"shipping-taxable","15":"purchasable","16":"product-type-variable"},"_links":{"self":[{"href":"https:\/\/shuji.ca\/fr\/wp-json\/wp\/v2\/product\/22472","targetHints":{"allow":["GET"]}}],"collection":[{"href":"https:\/\/shuji.ca\/fr\/wp-json\/wp\/v2\/product"}],"about":[{"href":"https:\/\/shuji.ca\/fr\/wp-json\/wp\/v2\/types\/product"}],"replies":[{"embeddable":true,"href":"https:\/\/shuji.ca\/fr\/wp-json\/wp\/v2\/comments?post=22472"}],"wp:featuredmedia":[{"embeddable":true,"href":"https:\/\/shuji.ca\/fr\/wp-json\/wp\/v2\/media\/26672"}],"wp:attachment":[{"href":"https:\/\/shuji.ca\/fr\/wp-json\/wp\/v2\/media?parent=22472"}],"wp:term":[{"taxonomy":"product_brand","embeddable":true,"href":"https:\/\/shuji.ca\/fr\/wp-json\/wp\/v2\/product_brand?post=22472"},{"taxonomy":"product_cat","embeddable":true,"href":"https:\/\/shuji.ca\/fr\/wp-json\/wp\/v2\/product_cat?post=22472"},{"taxonomy":"product_tag","embeddable":true,"href":"https:\/\/shuji.ca\/fr\/wp-json\/wp\/v2\/product_tag?post=22472"}],"curies":[{"name":"wp","href":"https:\/\/api.w.org\/{rel}","templated":true}]}}