{"id":22458,"date":"2024-06-15T12:43:11","date_gmt":"2024-06-15T04:43:11","guid":{"rendered":"https:\/\/shuji.ca\/?post_type=product&#038;p=22458"},"modified":"2024-08-20T02:00:23","modified_gmt":"2024-08-20T06:00:23","slug":"quality-pu-leather-gaming-swivel-adjustable-ergonomic-pc-pink-computer-game-chair-with-footrest","status":"publish","type":"product","link":"https:\/\/shuji.ca\/fr\/shop\/home-living\/sofa\/quality-pu-leather-gaming-swivel-adjustable-ergonomic-pc-pink-computer-game-chair-with-footrest\/","title":{"rendered":"Fauteuil de jeu ergonomique haut de gamme avec inclinaison r\u00e9glable, accoudoirs et coussin de soutien pour un confort accru"},"content":{"rendered":"<p>Caract\u00e9ristiques :<\/p>\n<ul>\n<li>Design adorable : Les couleurs bleu et blanc sont charmantes et les broderies et graphiques mignons, parfaits pour ajouter une touche ludique \u00e0 n'importe quel espace.<\/li>\n<li>Mat\u00e9riaux de haute qualit\u00e9 : Fabriqu\u00e9 en cuir durable et r\u00e9sistant \u00e0 l'usure, il garantit la long\u00e9vit\u00e9 et la facilit\u00e9 d'entretien.<\/li>\n<li>Accoudoirs r\u00e9glables : Les accoudoirs rembourr\u00e9s peuvent \u00eatre facilement r\u00e9gl\u00e9s pour offrir un confort et un soutien optimaux.<\/li>\n<li>Fonction d'inclinaison : L'angle d'inclinaison de 155\u00b0 vous permet de vous d\u00e9tendre confortablement pendant les longues sessions de jeu ou les pauses.<\/li>\n<li>Rembourrage confortable : Le dossier et le coussin d'assise en latex offrent un excellent soutien et un grand confort, \u00e9vitant ainsi la fatigue lors d'une utilisation prolong\u00e9e.<\/li>\n<li>Appui-t\u00eate et coussin lombaire de soutien : Comprend un appui-t\u00eate et un coussin lombaire personnalis\u00e9s con\u00e7us pour soutenir votre cou et le bas de votre dos, am\u00e9liorant le confort g\u00e9n\u00e9ral et r\u00e9duisant les tensions.<\/li>\n<\/ul>\n<p><img fetchpriority=\"high\" decoding=\"async\" class=\"aligncenter wp-image-26678\" src=\"https:\/\/shuji.ca\/wp-content\/uploads\/2024\/06\/TYSAJDHASKH1.jpg\" alt=\"\" width=\"1122\" height=\"1122\" srcset=\"https:\/\/shuji.ca\/wp-content\/uploads\/2024\/06\/TYSAJDHASKH1.jpg 800w, https:\/\/shuji.ca\/wp-content\/uploads\/2024\/06\/TYSAJDHASKH1-300x300.jpg 300w, https:\/\/shuji.ca\/wp-content\/uploads\/2024\/06\/TYSAJDHASKH1-150x150.jpg 150w, https:\/\/shuji.ca\/wp-content\/uploads\/2024\/06\/TYSAJDHASKH1-768x768.jpg 768w, https:\/\/shuji.ca\/wp-content\/uploads\/2024\/06\/TYSAJDHASKH1-600x600.jpg 600w, https:\/\/shuji.ca\/wp-content\/uploads\/2024\/06\/TYSAJDHASKH1-100x100.jpg 100w\" sizes=\"(max-width: 1122px) 100vw, 1122px\" \/> <img decoding=\"async\" class=\"aligncenter wp-image-26677\" src=\"https:\/\/shuji.ca\/wp-content\/uploads\/2024\/06\/HKDJSHADJK1.jpg\" alt=\"\" width=\"1125\" height=\"1125\" srcset=\"https:\/\/shuji.ca\/wp-content\/uploads\/2024\/06\/HKDJSHADJK1.jpg 800w, https:\/\/shuji.ca\/wp-content\/uploads\/2024\/06\/HKDJSHADJK1-300x300.jpg 300w, https:\/\/shuji.ca\/wp-content\/uploads\/2024\/06\/HKDJSHADJK1-150x150.jpg 150w, https:\/\/shuji.ca\/wp-content\/uploads\/2024\/06\/HKDJSHADJK1-768x768.jpg 768w, https:\/\/shuji.ca\/wp-content\/uploads\/2024\/06\/HKDJSHADJK1-600x600.jpg 600w, https:\/\/shuji.ca\/wp-content\/uploads\/2024\/06\/HKDJSHADJK1-100x100.jpg 100w\" sizes=\"(max-width: 1125px) 100vw, 1125px\" \/> <img decoding=\"async\" class=\"aligncenter wp-image-26675\" src=\"https:\/\/shuji.ca\/wp-content\/uploads\/2024\/06\/SJDLJASDHJK1.png\" alt=\"\" width=\"1121\" height=\"1315\" srcset=\"https:\/\/shuji.ca\/wp-content\/uploads\/2024\/06\/SJDLJASDHJK1.png 869w, https:\/\/shuji.ca\/wp-content\/uploads\/2024\/06\/SJDLJASDHJK1-256x300.png 256w, https:\/\/shuji.ca\/wp-content\/uploads\/2024\/06\/SJDLJASDHJK1-768x901.png 768w, https:\/\/shuji.ca\/wp-content\/uploads\/2024\/06\/SJDLJASDHJK1-600x704.png 600w\" sizes=\"(max-width: 1121px) 100vw, 1121px\" \/><\/p>","protected":false},"excerpt":{"rendered":"<p>Features: Adorable Design: Comes in a charming blue and white color scheme with cute embroidery and graphics, perfect for adding a playful touch to any space. High-Quality Materials: Made from durable and wear-resistant leather, ensuring longevity and easy maintenance. Adjustable Armrests: Soft padded armrests that can be easily adjusted to provide optimal comfort and support. [&hellip;]<\/p>","protected":false},"featured_media":26678,"comment_status":"open","ping_status":"closed","template":"","meta":[],"product_brand":[],"product_cat":[1199,1215],"product_tag":[],"class_list":{"0":"post-22458","1":"product","2":"type-product","3":"status-publish","4":"has-post-thumbnail","6":"product_cat-home-living","7":"product_cat-sofa","8":"product_shipping_class-havestock","9":"product-has-variation-images","11":"first","12":"instock","13":"taxable","14":"shipping-taxable","15":"purchasable","16":"product-type-variable"},"_links":{"self":[{"href":"https:\/\/shuji.ca\/fr\/wp-json\/wp\/v2\/product\/22458","targetHints":{"allow":["GET"]}}],"collection":[{"href":"https:\/\/shuji.ca\/fr\/wp-json\/wp\/v2\/product"}],"about":[{"href":"https:\/\/shuji.ca\/fr\/wp-json\/wp\/v2\/types\/product"}],"replies":[{"embeddable":true,"href":"https:\/\/shuji.ca\/fr\/wp-json\/wp\/v2\/comments?post=22458"}],"wp:featuredmedia":[{"embeddable":true,"href":"https:\/\/shuji.ca\/fr\/wp-json\/wp\/v2\/media\/26678"}],"wp:attachment":[{"href":"https:\/\/shuji.ca\/fr\/wp-json\/wp\/v2\/media?parent=22458"}],"wp:term":[{"taxonomy":"product_brand","embeddable":true,"href":"https:\/\/shuji.ca\/fr\/wp-json\/wp\/v2\/product_brand?post=22458"},{"taxonomy":"product_cat","embeddable":true,"href":"https:\/\/shuji.ca\/fr\/wp-json\/wp\/v2\/product_cat?post=22458"},{"taxonomy":"product_tag","embeddable":true,"href":"https:\/\/shuji.ca\/fr\/wp-json\/wp\/v2\/product_tag?post=22458"}],"curies":[{"name":"wp","href":"https:\/\/api.w.org\/{rel}","templated":true}]}}