{"id":22437,"date":"2024-06-15T12:27:12","date_gmt":"2024-06-15T04:27:12","guid":{"rendered":"https:\/\/shuji.ca\/?post_type=product&#038;p=22437"},"modified":"2024-08-20T02:05:57","modified_gmt":"2024-08-20T06:05:57","slug":"foldable-utility-cart-rolling-crate-handcart-110lbs-large-capacity-shopping-cart-with-360rotate-noiseless-wheels-telescoping-handle-for-transports-groceries-office-school-useblack","status":"publish","type":"product","link":"https:\/\/shuji.ca\/fr\/shop\/home-kitchen\/kitchen-storage\/foldable-utility-cart-rolling-crate-handcart-110lbs-large-capacity-shopping-cart-with-360rotate-noiseless-wheels-telescoping-handle-for-transports-groceries-office-school-useblack\/","title":{"rendered":"Chariot utilitaire pliable Chariot \u00e0 main de grande capacit\u00e9 avec roues pivotantes \u00e0 360\u00b0 et poign\u00e9e t\u00e9lescopique pour le transport, l'\u00e9picerie, le bureau et l'\u00e9cole (noir)"},"content":{"rendered":"<h6>Caract\u00e9ristiques :<\/h6>\n<ul>\n<li>Poign\u00e9e r\u00e9glable : Deux options de poign\u00e9e (droite et coud\u00e9e) pour s'adapter aux diff\u00e9rentes pr\u00e9f\u00e9rences et faciliter la traction.<\/li>\n<li>Conception pliable : Se plie rapidement en 5 secondes pour un rangement et un transport pratiques.<\/li>\n<li>Mat\u00e9riaux durables : Fabriqu\u00e9 en PP, ABS, POM, alliage d'aluminium et acier inoxydable de haute qualit\u00e9 pour une meilleure durabilit\u00e9.<\/li>\n<li>Multifonctionnel : Convient \u00e0 diverses utilisations, notamment pour faire des courses, transporter des marchandises et servir de si\u00e8ge temporaire.<\/li>\n<li>Vert et s\u00fbr : Les mat\u00e9riaux \u00e9cologiques garantissent la s\u00e9curit\u00e9 et le respect des normes sanitaires.<\/li>\n<li>Facile \u00e0 nettoyer : Les surfaces lisses et la conception bien pens\u00e9e facilitent l'entretien et le nettoyage.<\/li>\n<\/ul>\n<p><strong>Dimensions :<\/strong><\/p>\n<p>Capacit\u00e9 : 65 litres<\/p>\n<p><img fetchpriority=\"high\" decoding=\"async\" class=\"aligncenter\" src=\"https:\/\/cbu01.alicdn.com\/img\/ibank\/O1CN01qUAVk21yPZK1G4QiC_!!2214061146571-0-cib.jpg\" width=\"1034\" height=\"1034\" \/><img decoding=\"async\" class=\"aligncenter wp-image-26681\" src=\"https:\/\/shuji.ca\/wp-content\/uploads\/2024\/06\/sjdashkjdhkh1.png\" alt=\"\" width=\"1036\" height=\"1299\" srcset=\"https:\/\/shuji.ca\/wp-content\/uploads\/2024\/06\/sjdashkjdhkh1.png 814w, https:\/\/shuji.ca\/wp-content\/uploads\/2024\/06\/sjdashkjdhkh1-239x300.png 239w, https:\/\/shuji.ca\/wp-content\/uploads\/2024\/06\/sjdashkjdhkh1-768x963.png 768w, https:\/\/shuji.ca\/wp-content\/uploads\/2024\/06\/sjdashkjdhkh1-600x753.png 600w\" sizes=\"(max-width: 1036px) 100vw, 1036px\" \/> <img decoding=\"async\" class=\"aligncenter wp-image-26680\" src=\"https:\/\/shuji.ca\/wp-content\/uploads\/2024\/06\/JKLSJDLKAJKL1.png\" alt=\"\" width=\"1037\" height=\"1293\" srcset=\"https:\/\/shuji.ca\/wp-content\/uploads\/2024\/06\/JKLSJDLKAJKL1.png 923w, https:\/\/shuji.ca\/wp-content\/uploads\/2024\/06\/JKLSJDLKAJKL1-241x300.png 241w, https:\/\/shuji.ca\/wp-content\/uploads\/2024\/06\/JKLSJDLKAJKL1-822x1024.png 822w, https:\/\/shuji.ca\/wp-content\/uploads\/2024\/06\/JKLSJDLKAJKL1-768x957.png 768w, https:\/\/shuji.ca\/wp-content\/uploads\/2024\/06\/JKLSJDLKAJKL1-600x748.png 600w\" sizes=\"(max-width: 1037px) 100vw, 1037px\" \/><\/p>\n<p>&nbsp;<\/p>","protected":false},"excerpt":{"rendered":"<p>Features: Adjustable Handle: Two handle options (straight and angled) to suit different preferences and make pulling easier. Foldable Design: Quickly folds in just 5 seconds for convenient storage and transport. Durable Materials: Made from high-quality PP, ABS, POM, aluminum alloy, and stainless steel for enhanced durability. Multi-Functional: Suitable for various uses including shopping, carrying goods, [&hellip;]<\/p>","protected":false},"featured_media":26682,"comment_status":"open","ping_status":"closed","template":"","meta":[],"product_brand":[],"product_cat":[1204,1229],"product_tag":[],"class_list":{"0":"post-22437","1":"product","2":"type-product","3":"status-publish","4":"has-post-thumbnail","6":"product_cat-home-kitchen","7":"product_cat-kitchen-storage","8":"product_shipping_class-havestock","9":"product-has-variation-images","11":"first","12":"instock","13":"taxable","14":"shipping-taxable","15":"purchasable","16":"product-type-variable"},"_links":{"self":[{"href":"https:\/\/shuji.ca\/fr\/wp-json\/wp\/v2\/product\/22437","targetHints":{"allow":["GET"]}}],"collection":[{"href":"https:\/\/shuji.ca\/fr\/wp-json\/wp\/v2\/product"}],"about":[{"href":"https:\/\/shuji.ca\/fr\/wp-json\/wp\/v2\/types\/product"}],"replies":[{"embeddable":true,"href":"https:\/\/shuji.ca\/fr\/wp-json\/wp\/v2\/comments?post=22437"}],"wp:featuredmedia":[{"embeddable":true,"href":"https:\/\/shuji.ca\/fr\/wp-json\/wp\/v2\/media\/26682"}],"wp:attachment":[{"href":"https:\/\/shuji.ca\/fr\/wp-json\/wp\/v2\/media?parent=22437"}],"wp:term":[{"taxonomy":"product_brand","embeddable":true,"href":"https:\/\/shuji.ca\/fr\/wp-json\/wp\/v2\/product_brand?post=22437"},{"taxonomy":"product_cat","embeddable":true,"href":"https:\/\/shuji.ca\/fr\/wp-json\/wp\/v2\/product_cat?post=22437"},{"taxonomy":"product_tag","embeddable":true,"href":"https:\/\/shuji.ca\/fr\/wp-json\/wp\/v2\/product_tag?post=22437"}],"curies":[{"name":"wp","href":"https:\/\/api.w.org\/{rel}","templated":true}]}}