{"id":22416,"date":"2024-06-15T11:03:02","date_gmt":"2024-06-15T03:03:02","guid":{"rendered":"https:\/\/shuji.ca\/?post_type=product&#038;p=22416"},"modified":"2024-10-17T02:21:13","modified_gmt":"2024-10-17T06:21:13","slug":"bear-cute-mugs-kawaii-double-wall-glass-coffee-tea-mill-yogurt-cup-funny","status":"publish","type":"product","link":"https:\/\/shuji.ca\/fr\/shop\/home-kitchen\/kitchen-appliances-home-kitchen\/bear-cute-mugs-kawaii-double-wall-glass-coffee-tea-mill-yogurt-cup-funny\/","title":{"rendered":"Bear Cute Mugs Kawaii Double Wall Glass Coffee Tea Mill Yogurt Cup Funny"},"content":{"rendered":"<p>Caract\u00e9ristiques :<\/p>\n<ul class=\"a-unordered-list a-vertical a-spacing-mini\">\n<li class=\"a-spacing-mini\"><span class=\"a-list-item\">Verres isothermes \u00e0 double paroi, chaque tasse est orn\u00e9e d'un ours ou d'un chat mignon et a une contenance de 230 \u00e0 280 ml.<\/span><\/li>\n<li class=\"a-spacing-mini\"><span class=\"a-list-item\">Fabriqu\u00e9 en verre borosilicat\u00e9 r\u00e9sistant \u00e0 la chaleur et \u00e0 la condensation, plus durable et plus parfait que le verre ordinaire, il offre une finition lisse et un aspect cristallin. Garde votre liquide chaud tout en gardant vos mains au frais.<\/span><\/li>\n<li class=\"a-spacing-mini\"><span class=\"a-list-item\">Ce mug mignon est le cadeau id\u00e9al pour les femmes \u00e0 l'occasion du Nouvel An, de la Saint-Valentin, de P\u00e2ques, de la f\u00eate des p\u00e8res, de la f\u00eate du travail, de la f\u00eate de l'ind\u00e9pendance, du Columbus day, d'Halloween, de No\u00ebl, d'un mariage ou d'un anniversaire.<\/span><\/li>\n<li class=\"a-spacing-mini\"><span class=\"a-list-item\">Offrez \u00e0 la personne qui vous est ch\u00e8re quelque chose qui lui plaira \u00e0 coup s\u00fbr,Meilleur cadeau pour la famille, les amis.<\/span><\/li>\n<li class=\"a-spacing-mini\"><span class=\"a-list-item\">Peut \u00eatre utilis\u00e9 pour les tasses Capucinno, les tasses Lungo, les tasses Macchiato, Latte, Espresso, les tasses Demitasse, le th\u00e9, les smoothies et les jus.<\/span><\/li>\n<\/ul>\n<p><img fetchpriority=\"high\" decoding=\"async\" class=\"aligncenter\" src=\"https:\/\/cbu01.alicdn.com\/img\/ibank\/O1CN01QGBsvS2KJXeqL3uPe_!!2201238989536-0-cib.jpg\" width=\"998\" height=\"998\" \/><img decoding=\"async\" class=\"aligncenter\" src=\"https:\/\/cbu01.alicdn.com\/img\/ibank\/O1CN01JthOmY2KJXbU3UoVW_!!2201238989536-0-cib.jpg\" width=\"997\" height=\"997\" \/><img decoding=\"async\" class=\"aligncenter\" src=\"https:\/\/cbu01.alicdn.com\/img\/ibank\/O1CN01UwSzAS2KJXbR0jSfy_!!2201238989536-0-cib.jpg\" width=\"995\" height=\"995\" \/><\/p>\n<p>&nbsp;<\/p>","protected":false},"excerpt":{"rendered":"<p>Features: Double-wall Insulated Glasses, each mug boasting a cute BEAR or CAT that holds 230-280ml. Made of heat and condensation-resistant borosilicate glass, which is more durable and perfect than common glass that gives a smooth finish and a crystal clear look. Keeps your liquid hot while keeping your hands cool. This cute mug can be [&hellip;]<\/p>","protected":false},"featured_media":26686,"comment_status":"open","ping_status":"closed","template":"","meta":[],"product_brand":[],"product_cat":[1204,1245],"product_tag":[],"class_list":{"0":"post-22416","1":"product","2":"type-product","3":"status-publish","4":"has-post-thumbnail","6":"product_cat-home-kitchen","7":"product_cat-kitchen-appliances-home-kitchen","8":"product_shipping_class-preorder","9":"product-has-variation-images","11":"first","12":"onbackorder","13":"taxable","14":"shipping-taxable","15":"purchasable","16":"product-type-variable"},"_links":{"self":[{"href":"https:\/\/shuji.ca\/fr\/wp-json\/wp\/v2\/product\/22416","targetHints":{"allow":["GET"]}}],"collection":[{"href":"https:\/\/shuji.ca\/fr\/wp-json\/wp\/v2\/product"}],"about":[{"href":"https:\/\/shuji.ca\/fr\/wp-json\/wp\/v2\/types\/product"}],"replies":[{"embeddable":true,"href":"https:\/\/shuji.ca\/fr\/wp-json\/wp\/v2\/comments?post=22416"}],"wp:featuredmedia":[{"embeddable":true,"href":"https:\/\/shuji.ca\/fr\/wp-json\/wp\/v2\/media\/26686"}],"wp:attachment":[{"href":"https:\/\/shuji.ca\/fr\/wp-json\/wp\/v2\/media?parent=22416"}],"wp:term":[{"taxonomy":"product_brand","embeddable":true,"href":"https:\/\/shuji.ca\/fr\/wp-json\/wp\/v2\/product_brand?post=22416"},{"taxonomy":"product_cat","embeddable":true,"href":"https:\/\/shuji.ca\/fr\/wp-json\/wp\/v2\/product_cat?post=22416"},{"taxonomy":"product_tag","embeddable":true,"href":"https:\/\/shuji.ca\/fr\/wp-json\/wp\/v2\/product_tag?post=22416"}],"curies":[{"name":"wp","href":"https:\/\/api.w.org\/{rel}","templated":true}]}}