{"id":22323,"date":"2024-06-15T09:31:45","date_gmt":"2024-06-15T01:31:45","guid":{"rendered":"https:\/\/shuji.ca\/?post_type=product&#038;p=22323"},"modified":"2024-10-17T02:22:57","modified_gmt":"2024-10-17T06:22:57","slug":"round-rug-super-soft-fluffy-shag-circle-area-rugs-for-kids-bedroom-fuzzy-plush-shaggy-circular-rug-for-teens-room-cute-non-slip-home-decor-black-carpet-for-nursery-room","status":"publish","type":"product","link":"https:\/\/shuji.ca\/fr\/shop\/home-living\/home-decor\/round-rug-super-soft-fluffy-shag-circle-area-rugs-for-kids-bedroom-fuzzy-plush-shaggy-circular-rug-for-teens-room-cute-non-slip-home-decor-black-carpet-for-nursery-room\/","title":{"rendered":"Tapis Rond Super Doux Tapis Circulaire Shag pour Chambre d'Enfant, Tapis Circulaire Shaggy Fuzzy Plush pour Chambre d'Adolescent, Mignon Tapis Noir Antid\u00e9rapant pour Chambre d'Enfant"},"content":{"rendered":"<div id=\"featurebullets_feature_div\" class=\"celwidget\" data-feature-name=\"featurebullets\" data-csa-c-type=\"widget\" data-csa-c-content-id=\"featurebullets\" data-csa-c-slot-id=\"featurebullets_feature_div\" data-csa-c-asin=\"B0CPDW9MGK\" data-csa-c-is-in-initial-active-row=\"false\" data-csa-c-id=\"wonw0v-boleee-tb6104-lgve8z\" data-cel-widget=\"featurebullets_feature_div\">\n<div id=\"feature-bullets\" class=\"a-section a-spacing-medium a-spacing-top-small\">\n<p><strong>Caract\u00e9ristiques :<\/strong><\/p>\n<ul class=\"a-unordered-list a-vertical a-spacing-mini\">\n<li class=\"a-spacing-mini\"><span class=\"a-list-item\">Mat\u00e9riau de premi\u00e8re qualit\u00e9 : Notre tapis rond en velours pelucheux est super doux et durable, le tapis rond est en fausse fourrure, doux au toucher, chaud et beau, en m\u00eame temps, il est tr\u00e8s r\u00e9sistant, ne perd pas ses poils, ne se d\u00e9colore pas et ne d\u00e9gage pas d'odeur, cr\u00e9ant un espace douillet pour les enfants et les animaux\uff0c Surface dense qui est douce au toucher et qui s'empile pour donner l'impression d'entrer dans un nuage et prot\u00e9ger les orteils du sol froid.<\/span><\/li>\n<li class=\"a-spacing-mini\"><span class=\"a-list-item\">Design minimaliste : Le tapis shaggy adopte un design minimaliste et un concept de style moderne, utilisant des couleurs unies simples pour ajouter de la chaleur et de l'\u00e9l\u00e9gance \u00e0 la pi\u00e8ce de votre maison, doux et l\u00e9ger mais ne se d\u00e9colorant pas. Le tapis doux et moelleux est disponible en plusieurs couleurs et tailles pour s'adapter \u00e0 vos diff\u00e9rents styles et besoins, c'est un choix id\u00e9al pour la d\u00e9coration de la maison. Convient \u00e0 la chambre d'enfant, au salon, \u00e0 la chambre \u00e0 coucher, \u00e0 la chambre d'adolescent, \u00e0 la chambre de fille, \u00e0 la chambre de gar\u00e7on, \u00e0 la chambre de b\u00e9b\u00e9, \u00e0 la salle de jeux, au jardin d'enfants, etc.<\/span><\/li>\n<li class=\"a-spacing-mini\"><span class=\"a-list-item\">Tapis de sol am\u00e9lior\u00e9 : Version am\u00e9lior\u00e9e du savoir-faire et du design. Le processus de tissage serr\u00e9 garantit que le tapis de cette zone ne se d\u00e9tache pas facilement et que les bords ne se d\u00e9sagr\u00e8gent pas facilement. Les performances antid\u00e9rapantes des moquettes ne peuvent \u00eatre ignor\u00e9es. Nous avons constamment men\u00e9 des recherches et d\u00e9velopp\u00e9 les performances antid\u00e9rapantes des moquettes. Le dessous contient des particules antid\u00e9rapantes denses, qui peuvent maintenir le sol plus fermement.<\/span><\/li>\n<li class=\"a-spacing-mini\"><span class=\"a-list-item\">Facile \u00e0 nettoyer : Nos tapis ronds peuvent \u00eatre nettoy\u00e9s efficacement \u00e0 l'aide d'un aspirateur \u00e0 main ou d'un chiffon humide. De plus, nous recommandons de les laver \u00e0 la main plut\u00f4t qu'en machine, afin de prolonger la dur\u00e9e de vie du tapis.<\/span><\/li>\n<\/ul>\n<p><span class=\"a-list-item\"><img fetchpriority=\"high\" decoding=\"async\" class=\"aligncenter\" src=\"https:\/\/cbu01.alicdn.com\/img\/ibank\/16755943389_1462007516.jpg\" width=\"1192\" height=\"1192\" \/><img decoding=\"async\" class=\"aligncenter\" src=\"https:\/\/cbu01.alicdn.com\/img\/ibank\/16702560971_1462007516.jpg\" width=\"1190\" height=\"1190\" \/><\/span><\/p>\n<\/div>\n<\/div>\n<div id=\"provenanceCertifications_feature_div\" class=\"celwidget\" data-feature-name=\"provenanceCertifications\" data-csa-c-type=\"widget\" data-csa-c-content-id=\"provenanceCertifications\" data-csa-c-slot-id=\"provenanceCertifications_feature_div\" data-csa-c-asin=\"B0CPDW9MGK\" data-csa-c-is-in-initial-active-row=\"false\" data-csa-c-id=\"sk6nib-43qm5w-y562at-8xk6ul\" data-cel-widget=\"provenanceCertifications_feature_div\">\n<div id=\"provenance-certifications\" class=\"a-section a-spacing-medium a-spacing-top-micro\"><img decoding=\"async\" class=\"aligncenter\" src=\"https:\/\/cbu01.alicdn.com\/img\/ibank\/16755967121_1462007516.jpg\" width=\"1189\" height=\"1189\" \/><\/div>\n<\/div>","protected":false},"excerpt":{"rendered":"<p>Features: Premium Material: Our velvet plush area round rug is super soft and durable, the circle rug is made of faux fur, soft to the touch, warm and beautiful, at the same time, it has strong toughness, does not shed, not fade and no smell, creating a cozy area for kids and pets\uff0c Dense surface [&hellip;]<\/p>","protected":false},"featured_media":26700,"comment_status":"open","ping_status":"closed","template":"","meta":[],"product_brand":[],"product_cat":[1199,1226],"product_tag":[],"class_list":{"0":"post-22323","1":"product","2":"type-product","3":"status-publish","4":"has-post-thumbnail","6":"product_cat-home-living","7":"product_cat-home-decor","8":"product_shipping_class-preorder","9":"product-has-variation-images","11":"first","12":"onbackorder","13":"taxable","14":"shipping-taxable","15":"purchasable","16":"product-type-variable"},"_links":{"self":[{"href":"https:\/\/shuji.ca\/fr\/wp-json\/wp\/v2\/product\/22323","targetHints":{"allow":["GET"]}}],"collection":[{"href":"https:\/\/shuji.ca\/fr\/wp-json\/wp\/v2\/product"}],"about":[{"href":"https:\/\/shuji.ca\/fr\/wp-json\/wp\/v2\/types\/product"}],"replies":[{"embeddable":true,"href":"https:\/\/shuji.ca\/fr\/wp-json\/wp\/v2\/comments?post=22323"}],"wp:featuredmedia":[{"embeddable":true,"href":"https:\/\/shuji.ca\/fr\/wp-json\/wp\/v2\/media\/26700"}],"wp:attachment":[{"href":"https:\/\/shuji.ca\/fr\/wp-json\/wp\/v2\/media?parent=22323"}],"wp:term":[{"taxonomy":"product_brand","embeddable":true,"href":"https:\/\/shuji.ca\/fr\/wp-json\/wp\/v2\/product_brand?post=22323"},{"taxonomy":"product_cat","embeddable":true,"href":"https:\/\/shuji.ca\/fr\/wp-json\/wp\/v2\/product_cat?post=22323"},{"taxonomy":"product_tag","embeddable":true,"href":"https:\/\/shuji.ca\/fr\/wp-json\/wp\/v2\/product_tag?post=22323"}],"curies":[{"name":"wp","href":"https:\/\/api.w.org\/{rel}","templated":true}]}}