{"id":22320,"date":"2024-06-15T08:58:16","date_gmt":"2024-06-15T00:58:16","guid":{"rendered":"https:\/\/shuji.ca\/?post_type=product&#038;p=22320"},"modified":"2024-08-20T03:54:14","modified_gmt":"2024-08-20T07:54:14","slug":"akko-7th-anniversary-mod-007-pc-mechanical-office-gaming-hall-effect-magnetic-keyboards","status":"publish","type":"product","link":"https:\/\/shuji.ca\/fr\/shop\/electronics\/computers-peripherals\/akko-7th-anniversary-mod-007-pc-mechanical-office-gaming-hall-effect-magnetic-keyboards\/","title":{"rendered":"AKKO 7th Anniversary MOD 007 PC Mechanical Office Gaming Hall Effect Claviers magn\u00e9tiques"},"content":{"rendered":"<h6>Caract\u00e9ristiques :<\/h6>\n<ul>\n<li>Axe magn\u00e9tique : Technologie avanc\u00e9e d'axe magn\u00e9tique pour des frappes plus rapides et plus pr\u00e9cises.<\/li>\n<li>Frappe personnalis\u00e9e : La frappe des touches est enti\u00e8rement personnalisable pour correspondre \u00e0 vos pr\u00e9f\u00e9rences en mati\u00e8re de dactylographie.<\/li>\n<li>Disposition des 82 touches : La disposition compacte des 82 touches permet de gagner de la place sur le bureau.<\/li>\n<li>\u00c9clairage RVB : \u00c9clairage RVB vibrant avec de nombreuses options de personnalisation.<\/li>\n<li>Interface Type-C : Connexion Type-C pratique pour un branchement facile.<\/li>\n<li>Remplacement \u00e0 chaud : remplacez facilement les commutateurs sans soudure, ce qui permet une personnalisation rapide.<\/li>\n<\/ul>\n<p>&nbsp;<\/p>\n<p><img fetchpriority=\"high\" decoding=\"async\" class=\"aligncenter wp-image-26693\" src=\"https:\/\/shuji.ca\/wp-content\/uploads\/2024\/06\/ASDNASDNSAM.png\" alt=\"\" width=\"1152\" height=\"1097\" srcset=\"https:\/\/shuji.ca\/wp-content\/uploads\/2024\/06\/ASDNASDNSAM.png 1183w, https:\/\/shuji.ca\/wp-content\/uploads\/2024\/06\/ASDNASDNSAM-300x286.png 300w, https:\/\/shuji.ca\/wp-content\/uploads\/2024\/06\/ASDNASDNSAM-1024x976.png 1024w, https:\/\/shuji.ca\/wp-content\/uploads\/2024\/06\/ASDNASDNSAM-768x732.png 768w, https:\/\/shuji.ca\/wp-content\/uploads\/2024\/06\/ASDNASDNSAM-600x572.png 600w\" sizes=\"(max-width: 1152px) 100vw, 1152px\" \/> <img decoding=\"async\" class=\"aligncenter wp-image-26694\" src=\"https:\/\/shuji.ca\/wp-content\/uploads\/2024\/06\/ASJDKSAJLD1.png\" alt=\"\" width=\"1153\" height=\"1088\" srcset=\"https:\/\/shuji.ca\/wp-content\/uploads\/2024\/06\/ASJDKSAJLD1.png 1180w, https:\/\/shuji.ca\/wp-content\/uploads\/2024\/06\/ASJDKSAJLD1-300x283.png 300w, https:\/\/shuji.ca\/wp-content\/uploads\/2024\/06\/ASJDKSAJLD1-1024x967.png 1024w, https:\/\/shuji.ca\/wp-content\/uploads\/2024\/06\/ASJDKSAJLD1-768x725.png 768w, https:\/\/shuji.ca\/wp-content\/uploads\/2024\/06\/ASJDKSAJLD1-600x566.png 600w\" sizes=\"(max-width: 1153px) 100vw, 1153px\" \/> <img decoding=\"async\" class=\"aligncenter wp-image-26695\" src=\"https:\/\/shuji.ca\/wp-content\/uploads\/2024\/06\/ASKDASKDLK1.png\" alt=\"\" width=\"1155\" height=\"1099\" srcset=\"https:\/\/shuji.ca\/wp-content\/uploads\/2024\/06\/ASKDASKDLK1.png 1185w, https:\/\/shuji.ca\/wp-content\/uploads\/2024\/06\/ASKDASKDLK1-300x286.png 300w, https:\/\/shuji.ca\/wp-content\/uploads\/2024\/06\/ASKDASKDLK1-1024x975.png 1024w, https:\/\/shuji.ca\/wp-content\/uploads\/2024\/06\/ASKDASKDLK1-768x731.png 768w, https:\/\/shuji.ca\/wp-content\/uploads\/2024\/06\/ASKDASKDLK1-600x571.png 600w\" sizes=\"(max-width: 1155px) 100vw, 1155px\" \/> <img loading=\"lazy\" decoding=\"async\" class=\"aligncenter wp-image-26696\" src=\"https:\/\/shuji.ca\/wp-content\/uploads\/2024\/06\/SADSAJDKLSAJDLAJLSKDJ1.png\" alt=\"\" width=\"1154\" height=\"1195\" srcset=\"https:\/\/shuji.ca\/wp-content\/uploads\/2024\/06\/SADSAJDKLSAJDLAJLSKDJ1.png 1084w, https:\/\/shuji.ca\/wp-content\/uploads\/2024\/06\/SADSAJDKLSAJDLAJLSKDJ1-290x300.png 290w, https:\/\/shuji.ca\/wp-content\/uploads\/2024\/06\/SADSAJDKLSAJDLAJLSKDJ1-988x1024.png 988w, https:\/\/shuji.ca\/wp-content\/uploads\/2024\/06\/SADSAJDKLSAJDLAJLSKDJ1-768x796.png 768w, https:\/\/shuji.ca\/wp-content\/uploads\/2024\/06\/SADSAJDKLSAJDLAJLSKDJ1-600x622.png 600w\" sizes=\"(max-width: 1154px) 100vw, 1154px\" \/><\/p>","protected":false},"excerpt":{"rendered":"<p>Features: Magnetic Axis: Advanced magnetic axis technology for faster and more precise keystrokes. Custom Key Stroke: Fully customizable keystrokes to match your typing preferences. 82 Key Layout: Compact layout with 82 keys, saving desk space. RGB Lighting: Vibrant RGB lighting with multiple customization options. Type-C Interface: Convenient Type-C connection for easy plug and play. Hot-Swap: [&hellip;]<\/p>","protected":false},"featured_media":26697,"comment_status":"open","ping_status":"closed","template":"","meta":[],"product_brand":[],"product_cat":[1239,1198],"product_tag":[],"class_list":{"0":"post-22320","1":"product","2":"type-product","3":"status-publish","4":"has-post-thumbnail","6":"product_cat-computers-peripherals","7":"product_cat-electronics","8":"product_shipping_class-preorder","10":"first","11":"onbackorder","12":"taxable","13":"shipping-taxable","14":"purchasable","15":"product-type-simple"},"_links":{"self":[{"href":"https:\/\/shuji.ca\/fr\/wp-json\/wp\/v2\/product\/22320","targetHints":{"allow":["GET"]}}],"collection":[{"href":"https:\/\/shuji.ca\/fr\/wp-json\/wp\/v2\/product"}],"about":[{"href":"https:\/\/shuji.ca\/fr\/wp-json\/wp\/v2\/types\/product"}],"replies":[{"embeddable":true,"href":"https:\/\/shuji.ca\/fr\/wp-json\/wp\/v2\/comments?post=22320"}],"wp:featuredmedia":[{"embeddable":true,"href":"https:\/\/shuji.ca\/fr\/wp-json\/wp\/v2\/media\/26697"}],"wp:attachment":[{"href":"https:\/\/shuji.ca\/fr\/wp-json\/wp\/v2\/media?parent=22320"}],"wp:term":[{"taxonomy":"product_brand","embeddable":true,"href":"https:\/\/shuji.ca\/fr\/wp-json\/wp\/v2\/product_brand?post=22320"},{"taxonomy":"product_cat","embeddable":true,"href":"https:\/\/shuji.ca\/fr\/wp-json\/wp\/v2\/product_cat?post=22320"},{"taxonomy":"product_tag","embeddable":true,"href":"https:\/\/shuji.ca\/fr\/wp-json\/wp\/v2\/product_tag?post=22320"}],"curies":[{"name":"wp","href":"https:\/\/api.w.org\/{rel}","templated":true}]}}