{"id":22254,"date":"2024-06-15T07:12:51","date_gmt":"2024-06-14T23:12:51","guid":{"rendered":"https:\/\/shuji.ca\/?post_type=product&#038;p=22254"},"modified":"2024-08-20T04:01:17","modified_gmt":"2024-08-20T08:01:17","slug":"bean-bag-sofa-trendy-plush-ultra-soft-bean-bag-for-adults-teens-and-kids-with-removable-and-washable-cover","status":"publish","type":"product","link":"https:\/\/shuji.ca\/fr\/shop\/home-living\/sofa\/bean-bag-sofa-trendy-plush-ultra-soft-bean-bag-for-adults-teens-and-kids-with-removable-and-washable-cover\/","title":{"rendered":"Bean Bag Sofa - Trendy Plush Ultra Soft Bean Bag for Adults, Teens and Kids - with Removable and Washable Cover, Comes with a FREE footstool (en anglais seulement)"},"content":{"rendered":"<p>Caract\u00e9ristiques :<\/p>\n<p>Une pause douce sur un canap\u00e9 en peluche ne se d\u00e9mode jamais. Livr\u00e9 avec un pouf et un sachet GRATUITS !<\/p>\n<ul class=\"a-unordered-list a-vertical a-spacing-mini\">\n<li class=\"a-spacing-mini\"><span class=\"a-list-item\">Pelucheux et doux au toucher, ce pouf confortable est le compl\u00e9ment id\u00e9al de tout salon, salle familiale, dortoir ou salle d'\u00e9tude. Que vous cherchiez un endroit pour vous d\u00e9tendre, jouer, lire, \u00e9tudier, travailler ou regarder le match, ce super sac \u00e0 fesses est la solution.<\/span><\/li>\n<li class=\"a-spacing-mini\"><span class=\"a-list-item\">Il se compose d'un rev\u00eatement en coton fin enti\u00e8rement respirant et de billes de polystyr\u00e8ne de haute qualit\u00e9, avec 20% de remplissage en plus par rapport \u00e0 des produits similaires sur le march\u00e9.<\/span><\/li>\n<li class=\"a-spacing-mini\"><span class=\"a-list-item\">Housse en coton amovible et 100% lavable en machine<\/span><\/li>\n<li class=\"a-spacing-mini\">Des particules de remplissage de nouvelle g\u00e9n\u00e9ration, tr\u00e8s \u00e9lastiques, assurent un soutien parfait de votre corps.<\/li>\n<li>L\u00e9ger et facile \u00e0 transporter<\/li>\n<\/ul>\n<p><img fetchpriority=\"high\" decoding=\"async\" class=\"alignnone size-full wp-image-23202 aligncenter\" src=\"https:\/\/shuji.ca\/wp-content\/uploads\/2024\/06\/3-3.jpg\" alt=\"\" width=\"790\" height=\"832\" srcset=\"https:\/\/shuji.ca\/wp-content\/uploads\/2024\/06\/3-3.jpg 790w, https:\/\/shuji.ca\/wp-content\/uploads\/2024\/06\/3-3-285x300.jpg 285w, https:\/\/shuji.ca\/wp-content\/uploads\/2024\/06\/3-3-768x809.jpg 768w, https:\/\/shuji.ca\/wp-content\/uploads\/2024\/06\/3-3-600x632.jpg 600w\" sizes=\"(max-width: 790px) 100vw, 790px\" \/> <img decoding=\"async\" class=\"alignnone size-full wp-image-23201 aligncenter\" src=\"https:\/\/shuji.ca\/wp-content\/uploads\/2024\/06\/2-7.jpg\" alt=\"\" width=\"790\" height=\"812\" srcset=\"https:\/\/shuji.ca\/wp-content\/uploads\/2024\/06\/2-7.jpg 790w, https:\/\/shuji.ca\/wp-content\/uploads\/2024\/06\/2-7-292x300.jpg 292w, https:\/\/shuji.ca\/wp-content\/uploads\/2024\/06\/2-7-768x789.jpg 768w, https:\/\/shuji.ca\/wp-content\/uploads\/2024\/06\/2-7-600x617.jpg 600w\" sizes=\"(max-width: 790px) 100vw, 790px\" \/> <img decoding=\"async\" class=\"alignnone size-full wp-image-23200 aligncenter\" src=\"https:\/\/shuji.ca\/wp-content\/uploads\/2024\/06\/1-4.jpg\" alt=\"\" width=\"790\" height=\"829\" srcset=\"https:\/\/shuji.ca\/wp-content\/uploads\/2024\/06\/1-4.jpg 790w, https:\/\/shuji.ca\/wp-content\/uploads\/2024\/06\/1-4-286x300.jpg 286w, https:\/\/shuji.ca\/wp-content\/uploads\/2024\/06\/1-4-768x806.jpg 768w, https:\/\/shuji.ca\/wp-content\/uploads\/2024\/06\/1-4-600x630.jpg 600w\" sizes=\"(max-width: 790px) 100vw, 790px\" \/><\/p>","protected":false},"excerpt":{"rendered":"<p>Features: A sweet break on a plushy bean bag sofa never gets old. Also comes with a FREE footstool and a sachet! Plushy and smooth to the touch, this comfy bean bag is the perfect addition to any living room, family room, dorm, or study room. Whether you are looking for a place to lounge, [&hellip;]<\/p>","protected":false},"featured_media":23201,"comment_status":"open","ping_status":"closed","template":"","meta":[],"product_brand":[],"product_cat":[1199,1215],"product_tag":[],"class_list":{"0":"post-22254","1":"product","2":"type-product","3":"status-publish","4":"has-post-thumbnail","6":"product_cat-home-living","7":"product_cat-sofa","8":"product_shipping_class-havestock","9":"product-has-variation-images","11":"first","12":"instock","13":"taxable","14":"shipping-taxable","15":"purchasable","16":"product-type-variable"},"_links":{"self":[{"href":"https:\/\/shuji.ca\/fr\/wp-json\/wp\/v2\/product\/22254","targetHints":{"allow":["GET"]}}],"collection":[{"href":"https:\/\/shuji.ca\/fr\/wp-json\/wp\/v2\/product"}],"about":[{"href":"https:\/\/shuji.ca\/fr\/wp-json\/wp\/v2\/types\/product"}],"replies":[{"embeddable":true,"href":"https:\/\/shuji.ca\/fr\/wp-json\/wp\/v2\/comments?post=22254"}],"wp:featuredmedia":[{"embeddable":true,"href":"https:\/\/shuji.ca\/fr\/wp-json\/wp\/v2\/media\/23201"}],"wp:attachment":[{"href":"https:\/\/shuji.ca\/fr\/wp-json\/wp\/v2\/media?parent=22254"}],"wp:term":[{"taxonomy":"product_brand","embeddable":true,"href":"https:\/\/shuji.ca\/fr\/wp-json\/wp\/v2\/product_brand?post=22254"},{"taxonomy":"product_cat","embeddable":true,"href":"https:\/\/shuji.ca\/fr\/wp-json\/wp\/v2\/product_cat?post=22254"},{"taxonomy":"product_tag","embeddable":true,"href":"https:\/\/shuji.ca\/fr\/wp-json\/wp\/v2\/product_tag?post=22254"}],"curies":[{"name":"wp","href":"https:\/\/api.w.org\/{rel}","templated":true}]}}