{"id":22101,"date":"2024-06-14T14:07:36","date_gmt":"2024-06-14T06:07:36","guid":{"rendered":"https:\/\/shuji.ca\/?post_type=product&#038;p=22101"},"modified":"2024-08-20T04:23:37","modified_gmt":"2024-08-20T08:23:37","slug":"cute-capybara-night-lights-attivolife-animal-soft-silicone-touch-led-lamp-with-dimmable-timer-portable-rechargeable-nursery-bedside-bedroom-table-decor","status":"publish","type":"product","link":"https:\/\/shuji.ca\/fr\/shop\/home-living\/lighting\/cute-capybara-night-lights-attivolife-animal-soft-silicone-touch-led-lamp-with-dimmable-timer-portable-rechargeable-nursery-bedside-bedroom-table-decor\/","title":{"rendered":"Veilleuse Capybara, Attivolife Animal Soft Silicone Touch LED Lamp with Dimmable &amp; Timer, Portable Rechargeable Nursery Bedside Bedroom Table Decor"},"content":{"rendered":"<p><strong>Caract\u00e9ristiques :<\/strong><\/p>\n<ul class=\"a-unordered-list a-vertical a-spacing-mini\">\n<li class=\"a-spacing-mini\"><span class=\"a-list-item\">ADORABLE DESIGN CAPYBARA : La veilleuse pr\u00e9sente un design attachant en forme de Capybara, \u00e9met une lumi\u00e8re ambiante douce et apaisante, cr\u00e9ant une atmosph\u00e8re douillette et calme, ajoutant un \u00e9l\u00e9ment mignon et ludique \u00e0 votre espace de vie.<\/span><\/li>\n<li class=\"a-spacing-mini\"><span class=\"a-list-item\">CONTR\u00d4LE FACILE : La lampe en silicone Capibala a 2 degr\u00e9s de luminosit\u00e9, 2 simples pressions pour l'\u00e9teindre ou l'allumer selon leur pr\u00e9f\u00e9rence. Equip\u00e9e d'une minuterie d'arr\u00eat automatique de 20 minutes, votre b\u00e9b\u00e9 peut l'utiliser pour lire avant de s'endormir, puis baisser la lumi\u00e8re pour l'utiliser comme veilleuse. Les m\u00e8res peuvent l'utiliser comme lampe d'allaitement la nuit.<\/span><\/li>\n<li class=\"a-spacing-mini\"><span class=\"a-list-item\">PORTABLE ET FACILE \u00c0 CHARGER : La veilleuse animale pour enfants est aliment\u00e9e par des piles rechargeables et est respectueuse de l'environnement pour une utilisation prolong\u00e9e. Cela en fait un compagnon id\u00e9al pour les enfants, les gar\u00e7ons et les filles aimeront transporter leur lumi\u00e8re de la chambre au couloir ou \u00e0 la salle de bain dans l'obscurit\u00e9, c'est aussi parfait pour le camping et les s\u00e9jours d'une nuit.<\/span><\/li>\n<li class=\"a-spacing-mini\"><span class=\"a-list-item\">ATTENTION AUX YEUX ET S\u00c9CURIT\u00c9 : 100% permet \u00e0 votre b\u00e9b\u00e9 d'apprendre et de jouer en toute s\u00e9curit\u00e9 gr\u00e2ce aux mat\u00e9riaux ABS et PC de qualit\u00e9 jouet. Douce et jamais trop chaude, la LED anti-lumi\u00e8re bleue ne scintille pas et ne blesse pas les yeux de votre enfant, lui apportant un sommeil agr\u00e9able.<\/span><\/li>\n<li class=\"a-spacing-mini\"><span class=\"a-list-item\">LUMI\u00c8RE DE NUIT D\u00c9COR et CADEAUX : Convient \u00e0 divers environnements, tels que les chambres \u00e0 coucher, les cr\u00e8ches, les bureaux ou comme un ajout fantaisiste \u00e0 n'importe quelle pi\u00e8ce. Qu'il s'agisse d'un anniversaire, de No\u00ebl, du Nouvel An ou de toute autre occasion, c'est un cadeau cr\u00e9atif et r\u00e9fl\u00e9chi pour votre famille ou vos amis qui aiment les capybara.<\/span><\/li>\n<\/ul>\n<p><img fetchpriority=\"high\" decoding=\"async\" class=\"aligncenter size-full wp-image-28107\" src=\"https:\/\/shuji.ca\/wp-content\/uploads\/2024\/06\/KAKDJASLKDJASLK1.png\" alt=\"\" width=\"1184\" height=\"1127\" srcset=\"https:\/\/shuji.ca\/wp-content\/uploads\/2024\/06\/KAKDJASLKDJASLK1.png 1184w, https:\/\/shuji.ca\/wp-content\/uploads\/2024\/06\/KAKDJASLKDJASLK1-300x286.png 300w, https:\/\/shuji.ca\/wp-content\/uploads\/2024\/06\/KAKDJASLKDJASLK1-1024x975.png 1024w, https:\/\/shuji.ca\/wp-content\/uploads\/2024\/06\/KAKDJASLKDJASLK1-768x731.png 768w, https:\/\/shuji.ca\/wp-content\/uploads\/2024\/06\/KAKDJASLKDJASLK1-600x571.png 600w\" sizes=\"(max-width: 1184px) 100vw, 1184px\" \/> <img decoding=\"async\" class=\"aligncenter size-full wp-image-28106\" src=\"https:\/\/shuji.ca\/wp-content\/uploads\/2024\/06\/DASJDLKJASLDJASLJ.png\" alt=\"\" width=\"1182\" height=\"1126\" srcset=\"https:\/\/shuji.ca\/wp-content\/uploads\/2024\/06\/DASJDLKJASLDJASLJ.png 1182w, https:\/\/shuji.ca\/wp-content\/uploads\/2024\/06\/DASJDLKJASLDJASLJ-300x286.png 300w, https:\/\/shuji.ca\/wp-content\/uploads\/2024\/06\/DASJDLKJASLDJASLJ-1024x975.png 1024w, https:\/\/shuji.ca\/wp-content\/uploads\/2024\/06\/DASJDLKJASLDJASLJ-768x732.png 768w, https:\/\/shuji.ca\/wp-content\/uploads\/2024\/06\/DASJDLKJASLDJASLJ-600x572.png 600w\" sizes=\"(max-width: 1182px) 100vw, 1182px\" \/> <img decoding=\"async\" class=\"aligncenter size-full wp-image-28105\" src=\"https:\/\/shuji.ca\/wp-content\/uploads\/2024\/06\/AKSDHKASJHDASH.png\" alt=\"\" width=\"1184\" height=\"1121\" srcset=\"https:\/\/shuji.ca\/wp-content\/uploads\/2024\/06\/AKSDHKASJHDASH.png 1184w, https:\/\/shuji.ca\/wp-content\/uploads\/2024\/06\/AKSDHKASJHDASH-300x284.png 300w, https:\/\/shuji.ca\/wp-content\/uploads\/2024\/06\/AKSDHKASJHDASH-1024x970.png 1024w, https:\/\/shuji.ca\/wp-content\/uploads\/2024\/06\/AKSDHKASJHDASH-768x727.png 768w, https:\/\/shuji.ca\/wp-content\/uploads\/2024\/06\/AKSDHKASJHDASH-600x568.png 600w\" sizes=\"(max-width: 1184px) 100vw, 1184px\" \/> <img loading=\"lazy\" decoding=\"async\" class=\"aligncenter size-full wp-image-28104\" src=\"https:\/\/shuji.ca\/wp-content\/uploads\/2024\/06\/ASNDHASKJDHASHD.png\" alt=\"\" width=\"1180\" height=\"1114\" srcset=\"https:\/\/shuji.ca\/wp-content\/uploads\/2024\/06\/ASNDHASKJDHASHD.png 1180w, https:\/\/shuji.ca\/wp-content\/uploads\/2024\/06\/ASNDHASKJDHASHD-300x283.png 300w, https:\/\/shuji.ca\/wp-content\/uploads\/2024\/06\/ASNDHASKJDHASHD-1024x967.png 1024w, https:\/\/shuji.ca\/wp-content\/uploads\/2024\/06\/ASNDHASKJDHASHD-768x725.png 768w, https:\/\/shuji.ca\/wp-content\/uploads\/2024\/06\/ASNDHASKJDHASHD-600x566.png 600w\" sizes=\"(max-width: 1180px) 100vw, 1180px\" \/> <img loading=\"lazy\" decoding=\"async\" class=\"aligncenter size-full wp-image-28100\" src=\"https:\/\/shuji.ca\/wp-content\/uploads\/2024\/06\/JALSDJLASJD1.png\" alt=\"\" width=\"1183\" height=\"1120\" srcset=\"https:\/\/shuji.ca\/wp-content\/uploads\/2024\/06\/JALSDJLASJD1.png 1183w, https:\/\/shuji.ca\/wp-content\/uploads\/2024\/06\/JALSDJLASJD1-300x284.png 300w, https:\/\/shuji.ca\/wp-content\/uploads\/2024\/06\/JALSDJLASJD1-1024x969.png 1024w, https:\/\/shuji.ca\/wp-content\/uploads\/2024\/06\/JALSDJLASJD1-768x727.png 768w, https:\/\/shuji.ca\/wp-content\/uploads\/2024\/06\/JALSDJLASJD1-600x568.png 600w\" sizes=\"(max-width: 1183px) 100vw, 1183px\" \/> <img loading=\"lazy\" decoding=\"async\" class=\"aligncenter size-full wp-image-28099\" src=\"https:\/\/shuji.ca\/wp-content\/uploads\/2024\/06\/JASDJLKASJDLASJ.png\" alt=\"\" width=\"1180\" height=\"1127\" srcset=\"https:\/\/shuji.ca\/wp-content\/uploads\/2024\/06\/JASDJLKASJDLASJ.png 1180w, https:\/\/shuji.ca\/wp-content\/uploads\/2024\/06\/JASDJLKASJDLASJ-300x287.png 300w, https:\/\/shuji.ca\/wp-content\/uploads\/2024\/06\/JASDJLKASJDLASJ-1024x978.png 1024w, https:\/\/shuji.ca\/wp-content\/uploads\/2024\/06\/JASDJLKASJDLASJ-768x734.png 768w, https:\/\/shuji.ca\/wp-content\/uploads\/2024\/06\/JASDJLKASJDLASJ-600x573.png 600w\" sizes=\"(max-width: 1180px) 100vw, 1180px\" \/><\/p>","protected":false},"excerpt":{"rendered":"<p>Features: ADORABLE CAPYBARA DESIGN: The Night Light features an endearing Capybara shape design, emits a soft and soothing ambient glow, creating a cozy and calming atmosphere, adding a cute and playful element to your living space EASY CONTROL: The Capibala silicone lamp has 2 degrees brightness, 2 simple touches to turn it off or on [&hellip;]<\/p>","protected":false},"featured_media":28100,"comment_status":"open","ping_status":"closed","template":"","meta":[],"product_brand":[],"product_cat":[1199,1227],"product_tag":[],"class_list":{"0":"post-22101","1":"product","2":"type-product","3":"status-publish","4":"has-post-thumbnail","6":"product_cat-home-living","7":"product_cat-lighting","8":"product_shipping_class-havestock","10":"first","11":"instock","12":"taxable","13":"shipping-taxable","14":"purchasable","15":"product-type-simple"},"_links":{"self":[{"href":"https:\/\/shuji.ca\/fr\/wp-json\/wp\/v2\/product\/22101","targetHints":{"allow":["GET"]}}],"collection":[{"href":"https:\/\/shuji.ca\/fr\/wp-json\/wp\/v2\/product"}],"about":[{"href":"https:\/\/shuji.ca\/fr\/wp-json\/wp\/v2\/types\/product"}],"replies":[{"embeddable":true,"href":"https:\/\/shuji.ca\/fr\/wp-json\/wp\/v2\/comments?post=22101"}],"wp:featuredmedia":[{"embeddable":true,"href":"https:\/\/shuji.ca\/fr\/wp-json\/wp\/v2\/media\/28100"}],"wp:attachment":[{"href":"https:\/\/shuji.ca\/fr\/wp-json\/wp\/v2\/media?parent=22101"}],"wp:term":[{"taxonomy":"product_brand","embeddable":true,"href":"https:\/\/shuji.ca\/fr\/wp-json\/wp\/v2\/product_brand?post=22101"},{"taxonomy":"product_cat","embeddable":true,"href":"https:\/\/shuji.ca\/fr\/wp-json\/wp\/v2\/product_cat?post=22101"},{"taxonomy":"product_tag","embeddable":true,"href":"https:\/\/shuji.ca\/fr\/wp-json\/wp\/v2\/product_tag?post=22101"}],"curies":[{"name":"wp","href":"https:\/\/api.w.org\/{rel}","templated":true}]}}