{"id":22082,"date":"2024-06-14T13:56:45","date_gmt":"2024-06-14T05:56:45","guid":{"rendered":"https:\/\/shuji.ca\/?post_type=product&#038;p=22082"},"modified":"2024-08-20T04:29:53","modified_gmt":"2024-08-20T08:29:53","slug":"transformation-kapybara-plushcute-plush-cartoon-capybara-rodent-plush-toy-capybara-stuffed-animal-realistic-capybara-plush-doll-toy","status":"publish","type":"product","link":"https:\/\/shuji.ca\/fr\/shop\/toys-games\/soft-toy\/transformation-kapybara-plushcute-plush-cartoon-capybara-rodent-plush-toy-capybara-stuffed-animal-realistic-capybara-plush-doll-toy\/","title":{"rendered":"Transformation Kapybara Peluche, Peluche Capybara Jouet peluche rongeur Capybara Animal en peluche Capybara Jouet poup\u00e9e peluche Capybara r\u00e9aliste"},"content":{"rendered":"<p>Caract\u00e9ristiques :<\/p>\n<p>Animal populaire - Capybara : Le capybara est le plus grand rongeur du monde. Le capybara est un herbivore semi-aquatique. Le capybara a un temp\u00e9rament doux et est un bon ami de la plupart des animaux. C'est l'une des raisons pour lesquelles il est appr\u00e9ci\u00e9 de tous. Nos peluches de capybara sont r\u00e9alistes, mignonnes, douces et respectueuses de la peau.<br \/>\nCadeau heureux : Si vous ne savez toujours pas quel cadeau offrir, notre capybara en peluche est un bon choix, qui peut \u00eatre utilis\u00e9 comme cadeau pour les anniversaires, la f\u00eate des enfants, la Saint-Valentin, No\u00ebl, etc. La forme mignonne et r\u00e9aliste est le meilleur cadeau pour les enfants, les petites amies et les amoureux du capybara.<br \/>\nD\u00e9coration de la maison : Placez l'animal en peluche capybara \u00e0 la maison, les amis peuvent se faire des c\u00e2lins sur le canap\u00e9, le lit ou le sol. L'animal en peluche capybara est \u00e9galement bon \u00e0 placer pour d\u00e9corer la maison. Convient \u00e0 la d\u00e9coration de la chambre \u00e0 coucher, du salon, de la maison, du bureau, de la voiture, etc.<\/p>\n<p><img fetchpriority=\"high\" decoding=\"async\" class=\"aligncenter\" src=\"https:\/\/cbu01.alicdn.com\/img\/ibank\/O1CN01n9hlVK23A4B8wUulm_!!2217803857214-0-cib.jpg\" width=\"976\" height=\"976\" \/><img decoding=\"async\" class=\"aligncenter\" src=\"https:\/\/cbu01.alicdn.com\/img\/ibank\/O1CN01SuDrth1DnaKZ4dZjA_!!2210353950261-0-cib.jpg\" width=\"976\" height=\"976\" \/><img decoding=\"async\" class=\"aligncenter\" src=\"https:\/\/cbu01.alicdn.com\/img\/ibank\/O1CN017huFZv1DnaKPdKAp1_!!2210353950261-0-cib.jpg\" width=\"979\" height=\"979\" \/><\/p>\n<p>&nbsp;<\/p>","protected":false},"excerpt":{"rendered":"<p>Features: Popular Animal &#8211; Capybara: The capybara is the largest rodent in the world. Capybara is a semi-aquatic herbivore. The capybara has a gentle temperament and is a good friend with most animals. This is one of the reasons why everyone likes it. Our capybara plush toys are lifelike, cute, soft and skin-friendly. Happy Gift: [&hellip;]<\/p>","protected":false},"featured_media":22080,"comment_status":"open","ping_status":"closed","template":"","meta":[],"product_brand":[],"product_cat":[1213,1203],"product_tag":[],"class_list":{"0":"post-22082","1":"product","2":"type-product","3":"status-publish","4":"has-post-thumbnail","6":"product_cat-soft-toy","7":"product_cat-toys-games","8":"product_shipping_class-havestock","9":"product-has-variation-images","11":"first","12":"instock","13":"taxable","14":"shipping-taxable","15":"purchasable","16":"product-type-variable"},"_links":{"self":[{"href":"https:\/\/shuji.ca\/fr\/wp-json\/wp\/v2\/product\/22082","targetHints":{"allow":["GET"]}}],"collection":[{"href":"https:\/\/shuji.ca\/fr\/wp-json\/wp\/v2\/product"}],"about":[{"href":"https:\/\/shuji.ca\/fr\/wp-json\/wp\/v2\/types\/product"}],"replies":[{"embeddable":true,"href":"https:\/\/shuji.ca\/fr\/wp-json\/wp\/v2\/comments?post=22082"}],"wp:featuredmedia":[{"embeddable":true,"href":"https:\/\/shuji.ca\/fr\/wp-json\/wp\/v2\/media\/22080"}],"wp:attachment":[{"href":"https:\/\/shuji.ca\/fr\/wp-json\/wp\/v2\/media?parent=22082"}],"wp:term":[{"taxonomy":"product_brand","embeddable":true,"href":"https:\/\/shuji.ca\/fr\/wp-json\/wp\/v2\/product_brand?post=22082"},{"taxonomy":"product_cat","embeddable":true,"href":"https:\/\/shuji.ca\/fr\/wp-json\/wp\/v2\/product_cat?post=22082"},{"taxonomy":"product_tag","embeddable":true,"href":"https:\/\/shuji.ca\/fr\/wp-json\/wp\/v2\/product_tag?post=22082"}],"curies":[{"name":"wp","href":"https:\/\/api.w.org\/{rel}","templated":true}]}}