{"id":22065,"date":"2024-06-14T13:35:36","date_gmt":"2024-06-14T05:35:36","guid":{"rendered":"https:\/\/shuji.ca\/?post_type=product&#038;p=22065"},"modified":"2024-08-20T04:35:18","modified_gmt":"2024-08-20T08:35:18","slug":"capybara-plush-cute-plush-cartoon-capybara-rodent-plush-toy-capybara-stuffed-animal-realistic-capybara-plush-doll-toy","status":"publish","type":"product","link":"https:\/\/shuji.ca\/fr\/shop\/toys-games\/soft-toy\/capybara-plush-cute-plush-cartoon-capybara-rodent-plush-toy-capybara-stuffed-animal-realistic-capybara-plush-doll-toy\/","title":{"rendered":"Peluche Capybara, peluche mignonne Capybara Jouet peluche rongeur Capybara Animal en peluche Capybara Jouet poup\u00e9e peluche Capybara r\u00e9aliste"},"content":{"rendered":"<p>Caract\u00e9ristiques :<\/p>\n<ul>\n<li>Le capybara est le plus grand rongeur du monde. Le capybara est un herbivore semi-aquatique. Le capybara a un temp\u00e9rament doux et est un bon ami de la plupart des animaux. C'est l'une des raisons pour lesquelles il est appr\u00e9ci\u00e9 de tous. Nos peluches de capybara sont r\u00e9alistes, mignonnes, douces et respectueuses de la peau.<\/li>\n<li>Si vous ne savez toujours pas quel cadeau offrir, notre peluche capybara est un bon choix. Elle peut \u00eatre utilis\u00e9e comme cadeau pour les anniversaires, la f\u00eate des enfants, la Saint-Valentin, No\u00ebl, etc. La forme mignonne et r\u00e9aliste est le meilleur cadeau pour les enfants, les petites amies et les amoureux du capybara.<\/li>\n<li>L'animal en peluche capybara peut \u00eatre plac\u00e9 \u00e0 la maison, les amis peuvent se faire des c\u00e2lins sur le canap\u00e9, le lit ou le sol. L'animal en peluche capybara peut \u00e9galement \u00eatre plac\u00e9 \u00e0 cet endroit pour d\u00e9corer la maison. Convient \u00e0 la d\u00e9coration de la chambre \u00e0 coucher, du salon, de la maison, du bureau, de la voiture, etc.<\/li>\n<\/ul>\n<p><img fetchpriority=\"high\" decoding=\"async\" class=\"aligncenter\" src=\"https:\/\/cbu01.alicdn.com\/img\/ibank\/O1CN01UWLbMo1oniDhXTCrE_!!2214788145270-0-cib.jpg\" width=\"991\" height=\"991\" \/><img decoding=\"async\" class=\"aligncenter\" src=\"https:\/\/cbu01.alicdn.com\/img\/ibank\/O1CN013rTrXh1oniDfvNdHw_!!2214788145270-0-cib.jpg\" width=\"989\" height=\"989\" \/><img decoding=\"async\" class=\"aligncenter\" src=\"https:\/\/cbu01.alicdn.com\/img\/ibank\/O1CN01b49bBE2ClT3ELMgWJ_!!2216002518514-0-cib.jpg\" width=\"989\" height=\"989\" \/><\/p>","protected":false},"excerpt":{"rendered":"<p>Features: The capybara is the largest rodent in the world. Capybara is a semi-aquatic herbivore. The capybara has a gentle temperament and is a good friend with most animals. This is one of the reasons why everyone likes it. Our capybara plush toys are lifelike, cute, soft and skin-friendly. If you still worry about what [&hellip;]<\/p>","protected":false},"featured_media":22064,"comment_status":"open","ping_status":"closed","template":"","meta":[],"product_brand":[],"product_cat":[1213,1203],"product_tag":[],"class_list":{"0":"post-22065","1":"product","2":"type-product","3":"status-publish","4":"has-post-thumbnail","6":"product_cat-soft-toy","7":"product_cat-toys-games","8":"product_shipping_class-havestock","9":"product-has-variation-images","11":"first","12":"instock","13":"taxable","14":"shipping-taxable","15":"purchasable","16":"product-type-variable"},"_links":{"self":[{"href":"https:\/\/shuji.ca\/fr\/wp-json\/wp\/v2\/product\/22065","targetHints":{"allow":["GET"]}}],"collection":[{"href":"https:\/\/shuji.ca\/fr\/wp-json\/wp\/v2\/product"}],"about":[{"href":"https:\/\/shuji.ca\/fr\/wp-json\/wp\/v2\/types\/product"}],"replies":[{"embeddable":true,"href":"https:\/\/shuji.ca\/fr\/wp-json\/wp\/v2\/comments?post=22065"}],"wp:featuredmedia":[{"embeddable":true,"href":"https:\/\/shuji.ca\/fr\/wp-json\/wp\/v2\/media\/22064"}],"wp:attachment":[{"href":"https:\/\/shuji.ca\/fr\/wp-json\/wp\/v2\/media?parent=22065"}],"wp:term":[{"taxonomy":"product_brand","embeddable":true,"href":"https:\/\/shuji.ca\/fr\/wp-json\/wp\/v2\/product_brand?post=22065"},{"taxonomy":"product_cat","embeddable":true,"href":"https:\/\/shuji.ca\/fr\/wp-json\/wp\/v2\/product_cat?post=22065"},{"taxonomy":"product_tag","embeddable":true,"href":"https:\/\/shuji.ca\/fr\/wp-json\/wp\/v2\/product_tag?post=22065"}],"curies":[{"name":"wp","href":"https:\/\/api.w.org\/{rel}","templated":true}]}}