{"id":22037,"date":"2024-06-14T12:52:20","date_gmt":"2024-06-14T04:52:20","guid":{"rendered":"https:\/\/shuji.ca\/?post_type=product&#038;p=22037"},"modified":"2024-10-26T00:16:31","modified_gmt":"2024-10-26T04:16:31","slug":"dodo-duck-night-light-cute-duck-lamp-silicone-dimmable-nursery-nightlight-rechargeable-led-bedside-lamp-with-20-minutes-timer-tap-control-baby-girls-women-bedrooms-living-room","status":"publish","type":"product","link":"https:\/\/shuji.ca\/fr\/shop\/home-living\/lighting\/dodo-duck-night-light-cute-duck-lamp-silicone-dimmable-nursery-nightlight-rechargeable-led-bedside-lamp-with-20-minutes-timer-tap-control-baby-girls-women-bedrooms-living-room\/","title":{"rendered":"Veilleuse DoDo Duck, lampe canard mignonne, veilleuse de chambre d'enfant \u00e0 intensit\u00e9 variable en silicone, lampe de chevet LED rechargeable avec minuterie de 20 minutes et contr\u00f4le par robinet pour les chambres de b\u00e9b\u00e9, filles et femmes, et le salon"},"content":{"rendered":"<p>Caract\u00e9ristiques :<\/p>\n<ul class=\"a-unordered-list a-vertical a-spacing-mini\">\n<li class=\"a-spacing-mini\"><span class=\"a-list-item\">Pressez-le : Faites glisser l'interrupteur sur la partie inf\u00e9rieure du canard, puis pressez-le, le petit canard brillera pour vous ! Il vous soulage apr\u00e8s une longue journ\u00e9e. Et rend votre b\u00e9b\u00e9 heureux.<\/span><\/li>\n<li class=\"a-spacing-mini\"><span class=\"a-list-item\">Lumi\u00e8re douce et longue dur\u00e9e : La lumi\u00e8re chaude et douce vous permettra de vous endormir plus facilement. La batterie am\u00e9lior\u00e9e de 1200 mAh peut fonctionner jusqu'\u00e0 60 heures, vous n'avez pas besoin de la recharger souvent.<\/span><\/li>\n<li class=\"a-spacing-mini\"><span class=\"a-list-item\">Lampe en silicone sans BPA : Certifi\u00e9e par RoHS et fabriqu\u00e9e en silicone lavable sans BPA, chaque veilleuse canard Amaredom est 100% sans danger pour les enfants. Son design rond sans bords tranchants garantit que votre enfant ne se blesse pas pendant l'utilisation.<\/span><\/li>\n<li class=\"a-spacing-mini\"><span class=\"a-list-item\">Lumi\u00e8re anti-chute en silicone : peut \u00e9galement \u00eatre le jouet de votre chat ou de votre chien. Il sera en s\u00e9curit\u00e9 m\u00eame si votre enfant ou votre animal de compagnie le jette.<\/span><\/li>\n<li class=\"a-spacing-mini\"><span class=\"a-list-item\">Un cadeau id\u00e9al pour vos amis, vos enfants ou vous-m\u00eame, ainsi que pour la Saint-Valentin, les anniversaires, la f\u00eate des enfants, Halloween, No\u00ebl et le Nouvel An. Convient pour le camping en plein air, la chambre \u00e0 coucher, le dortoir de l'universit\u00e9 et la d\u00e9coration de la f\u00eate.<\/span><\/li>\n<\/ul>\n<p><img fetchpriority=\"high\" decoding=\"async\" class=\"aligncenter size-full wp-image-24146\" src=\"https:\/\/shuji.ca\/wp-content\/uploads\/2024\/06\/KJHSDJK1.png\" alt=\"\" width=\"788\" height=\"723\" srcset=\"https:\/\/shuji.ca\/wp-content\/uploads\/2024\/06\/KJHSDJK1.png 788w, https:\/\/shuji.ca\/wp-content\/uploads\/2024\/06\/KJHSDJK1-300x275.png 300w, https:\/\/shuji.ca\/wp-content\/uploads\/2024\/06\/KJHSDJK1-768x705.png 768w, https:\/\/shuji.ca\/wp-content\/uploads\/2024\/06\/KJHSDJK1-600x551.png 600w\" sizes=\"(max-width: 788px) 100vw, 788px\" \/><img decoding=\"async\" class=\"aligncenter\" src=\"https:\/\/cbu01.alicdn.com\/img\/ibank\/O1CN019tBxU929QuJD1nXil_!!2215717288063-0-cib.jpg\" width=\"789\" height=\"789\" \/><img decoding=\"async\" class=\"aligncenter size-full wp-image-24145\" src=\"https:\/\/shuji.ca\/wp-content\/uploads\/2024\/06\/123123111.png\" alt=\"\" width=\"789\" height=\"751\" srcset=\"https:\/\/shuji.ca\/wp-content\/uploads\/2024\/06\/123123111.png 789w, https:\/\/shuji.ca\/wp-content\/uploads\/2024\/06\/123123111-300x286.png 300w, https:\/\/shuji.ca\/wp-content\/uploads\/2024\/06\/123123111-768x731.png 768w, https:\/\/shuji.ca\/wp-content\/uploads\/2024\/06\/123123111-600x571.png 600w\" sizes=\"(max-width: 789px) 100vw, 789px\" \/><\/p>","protected":false},"excerpt":{"rendered":"<p>Features: Squeeze it : Slide the switch on the bottom of the duck, then squeeze it, the little duck will shine for you! Makes you feel relief after a long day. And makes your baby happy. Soft Light &amp; Last Long : The warm soft light will make you fall asleep easier, it\u2019s also dimmable. [&hellip;]<\/p>","protected":false},"featured_media":22030,"comment_status":"open","ping_status":"closed","template":"","meta":[],"product_brand":[],"product_cat":[1199,1227],"product_tag":[],"class_list":{"0":"post-22037","1":"product","2":"type-product","3":"status-publish","4":"has-post-thumbnail","6":"product_cat-home-living","7":"product_cat-lighting","8":"product_shipping_class-preorder","9":"product-has-variation-images","11":"first","12":"onbackorder","13":"taxable","14":"shipping-taxable","15":"purchasable","16":"product-type-variable"},"_links":{"self":[{"href":"https:\/\/shuji.ca\/fr\/wp-json\/wp\/v2\/product\/22037","targetHints":{"allow":["GET"]}}],"collection":[{"href":"https:\/\/shuji.ca\/fr\/wp-json\/wp\/v2\/product"}],"about":[{"href":"https:\/\/shuji.ca\/fr\/wp-json\/wp\/v2\/types\/product"}],"replies":[{"embeddable":true,"href":"https:\/\/shuji.ca\/fr\/wp-json\/wp\/v2\/comments?post=22037"}],"wp:featuredmedia":[{"embeddable":true,"href":"https:\/\/shuji.ca\/fr\/wp-json\/wp\/v2\/media\/22030"}],"wp:attachment":[{"href":"https:\/\/shuji.ca\/fr\/wp-json\/wp\/v2\/media?parent=22037"}],"wp:term":[{"taxonomy":"product_brand","embeddable":true,"href":"https:\/\/shuji.ca\/fr\/wp-json\/wp\/v2\/product_brand?post=22037"},{"taxonomy":"product_cat","embeddable":true,"href":"https:\/\/shuji.ca\/fr\/wp-json\/wp\/v2\/product_cat?post=22037"},{"taxonomy":"product_tag","embeddable":true,"href":"https:\/\/shuji.ca\/fr\/wp-json\/wp\/v2\/product_tag?post=22037"}],"curies":[{"name":"wp","href":"https:\/\/api.w.org\/{rel}","templated":true}]}}