{"id":22008,"date":"2024-06-14T10:18:32","date_gmt":"2024-06-14T02:18:32","guid":{"rendered":"https:\/\/shuji.ca\/?post_type=product&#038;p=22008"},"modified":"2024-08-20T04:50:21","modified_gmt":"2024-08-20T08:50:21","slug":"bathroom-rugs-bath-mat-absorbent-soft-mats-non-slip-carpet-for-shower-room-sink-tub-washable-bath-rug","status":"publish","type":"product","link":"https:\/\/shuji.ca\/fr\/shop\/home-living\/bathroom\/bathroom-rugs-bath-mat-absorbent-soft-mats-non-slip-carpet-for-shower-room-sink-tub-washable-bath-rug\/","title":{"rendered":"Tapis de salle de bain Tapis absorbant et doux Tapis antid\u00e9rapant pour la douche, l'\u00e9vier et la baignoire Tapis de salle de bain lavable"},"content":{"rendered":"<p>Tapis de bain doux : les tapis de bain sont dot\u00e9s de microfibres touffues qui sont douces et confortables, offrant une sensation de chaleur lorsque vous vous tenez sur ce tapis de salle de bain.<br \/>\nExtra absorbant : Le tapis de salle de bain peut absorber l'eau et garder votre sol sec. Il absorbera l'eau lorsque vous sortez de la douche.<br \/>\nCe tapis de sol de salle de bain aide les enfants, les personnes \u00e2g\u00e9es ou les personnes \u00e0 mobilit\u00e9 r\u00e9duite \u00e0 ne pas tomber dans la baignoire.<br \/>\nLavable : Le tapis de bain pour la salle de bain est lavable en machine. Il est facile \u00e0 nettoyer et il est comme neuf apr\u00e8s le lavage.<br \/>\nTapis de douche:Ce tapis de bain bleu est un accessoire \u00e9l\u00e9gant et fonctionnel qui ne manquera pas de rehausser l'aspect et la sensation de votre salle de bain ou de votre salle d'eau.<\/p>\n<p><img fetchpriority=\"high\" decoding=\"async\" class=\"aligncenter\" src=\"https:\/\/shuji.ca\/wp-content\/uploads\/2024\/06\/gxa-12.jpg\" width=\"730\" height=\"730\" \/><img decoding=\"async\" class=\"aligncenter\" src=\"https:\/\/shuji.ca\/wp-content\/uploads\/2024\/06\/gxa-10.jpg\" \/><\/p>","protected":false},"excerpt":{"rendered":"<p>Soft Bath Mat:bath mats has bushy microfibers which are soft and comfortable, offering a warm feelings when you stand on this bathroom carpet Extra Absorbent: The bathroom rug can soak up the water and keep your floor dry.It will absorb the water when your come out of the shower. Non Slip Backing:bathroom floor mat is [&hellip;]<\/p>","protected":false},"featured_media":21989,"comment_status":"open","ping_status":"closed","template":"","meta":[],"product_brand":[],"product_cat":[1237,1199],"product_tag":[],"class_list":{"0":"post-22008","1":"product","2":"type-product","3":"status-publish","4":"has-post-thumbnail","6":"product_cat-bathroom","7":"product_cat-home-living","8":"product_shipping_class-preorder","9":"product-has-variation-images","11":"first","12":"onbackorder","13":"taxable","14":"shipping-taxable","15":"purchasable","16":"product-type-variable","17":"has-default-attributes"},"_links":{"self":[{"href":"https:\/\/shuji.ca\/fr\/wp-json\/wp\/v2\/product\/22008","targetHints":{"allow":["GET"]}}],"collection":[{"href":"https:\/\/shuji.ca\/fr\/wp-json\/wp\/v2\/product"}],"about":[{"href":"https:\/\/shuji.ca\/fr\/wp-json\/wp\/v2\/types\/product"}],"replies":[{"embeddable":true,"href":"https:\/\/shuji.ca\/fr\/wp-json\/wp\/v2\/comments?post=22008"}],"wp:featuredmedia":[{"embeddable":true,"href":"https:\/\/shuji.ca\/fr\/wp-json\/wp\/v2\/media\/21989"}],"wp:attachment":[{"href":"https:\/\/shuji.ca\/fr\/wp-json\/wp\/v2\/media?parent=22008"}],"wp:term":[{"taxonomy":"product_brand","embeddable":true,"href":"https:\/\/shuji.ca\/fr\/wp-json\/wp\/v2\/product_brand?post=22008"},{"taxonomy":"product_cat","embeddable":true,"href":"https:\/\/shuji.ca\/fr\/wp-json\/wp\/v2\/product_cat?post=22008"},{"taxonomy":"product_tag","embeddable":true,"href":"https:\/\/shuji.ca\/fr\/wp-json\/wp\/v2\/product_tag?post=22008"}],"curies":[{"name":"wp","href":"https:\/\/api.w.org\/{rel}","templated":true}]}}