{"id":21980,"date":"2024-06-14T08:35:59","date_gmt":"2024-06-14T00:35:59","guid":{"rendered":"https:\/\/shuji.ca\/?post_type=product&#038;p=21980"},"modified":"2024-10-17T02:05:05","modified_gmt":"2024-10-17T06:05:05","slug":"anime-kawaii-cute-rug-anime-carpet-cute-rugs-for-bedroom-aesthetic-soft-carpet-decorative-rug-for-indoor","status":"publish","type":"product","link":"https:\/\/shuji.ca\/fr\/shop\/home-living\/home-decor\/anime-kawaii-cute-rug-anime-carpet-cute-rugs-for-bedroom-aesthetic-soft-carpet-decorative-rug-for-indoor\/","title":{"rendered":"Tapis Crayon Shin-chan Tapis mignon Anime Tapis mignon pour chambre Tapis doux esth\u00e9tique Tapis d\u00e9coratif pour int\u00e9rieur"},"content":{"rendered":"<p>Caract\u00e9ristiques :<\/p>\n<ul>\n<li>Ce tapis est compos\u00e9 de peluches de qualit\u00e9 sup\u00e9rieure, douces et agr\u00e9ables \u00e0 la peau, r\u00e9sistantes \u00e0 l'usure et aux taches. Lavable ou lavable en machine sans peluche.<\/li>\n<li>La conception unique des particules de latex antid\u00e9rapantes au fond permet d'\u00e9viter les glissades et d'utiliser le produit en toute tranquillit\u00e9 d'esprit. Protection globale de la s\u00e9curit\u00e9 de toute la famille.<\/li>\n<li>La taille du tapis est de 80*200CM. La bonne taille cr\u00e9e une zone de confort que vous pouvez utiliser dans la chambre \u00e0 coucher, l'aire de jeu des enfants, l'aire de yoga des femmes, la salle de cin\u00e9ma, la salle de jeu des enfants, l'aire de yoga, etc.<\/li>\n<li>Le tapis ajoute un style amusant et magnifique de motif anim\u00e9, cr\u00e9ant une atmosph\u00e8re charmante dans votre pi\u00e8ce, rendant la pi\u00e8ce chaleureuse et charmante avec d'autres meubles.<\/li>\n<li>Il n'y aura pas de plis s'il est exp\u00e9di\u00e9 en rouleaux, vous pouvez donc l'acheter en toute confiance. Ce tapis a un style cr\u00e9atif parfait, personne ne peut le refuser. Si vous avez des questions, n'h\u00e9sitez pas \u00e0 nous contacter.<\/li>\n<\/ul>\n<p><img decoding=\"async\" class=\"aligncenter\" src=\"https:\/\/cbu01.alicdn.com\/img\/ibank\/O1CN01ID8f2Y2JhzMhl6Fyh_!!2217891249454-0-cib.jpg?__r__=1716444344267\" \/><img decoding=\"async\" class=\"aligncenter\" src=\"https:\/\/cbu01.alicdn.com\/img\/ibank\/O1CN01sZdAk92JhzMfi3lRr_!!2217891249454-0-cib.jpg?__r__=1716444344267\" \/><\/p>","protected":false},"excerpt":{"rendered":"<p>Features: This carpet is made of premium fluff, which is soft and skin-friendly, wear-resistant and stain-resistant. Washable or machine washable with no fluff. The unique design of anti-skid latex particles at the bottom can prevent slipping and can be used with peace of mind. All-round protection of the safety of the whole family. The carpet [&hellip;]<\/p>","protected":false},"featured_media":21973,"comment_status":"open","ping_status":"closed","template":"","meta":[],"product_brand":[],"product_cat":[1199,1226],"product_tag":[],"class_list":{"0":"post-21980","1":"product","2":"type-product","3":"status-publish","4":"has-post-thumbnail","6":"product_cat-home-living","7":"product_cat-home-decor","8":"product_shipping_class-preorder","9":"product-has-variation-images","11":"first","12":"onbackorder","13":"taxable","14":"shipping-taxable","15":"purchasable","16":"product-type-variable","17":"has-default-attributes"},"_links":{"self":[{"href":"https:\/\/shuji.ca\/fr\/wp-json\/wp\/v2\/product\/21980","targetHints":{"allow":["GET"]}}],"collection":[{"href":"https:\/\/shuji.ca\/fr\/wp-json\/wp\/v2\/product"}],"about":[{"href":"https:\/\/shuji.ca\/fr\/wp-json\/wp\/v2\/types\/product"}],"replies":[{"embeddable":true,"href":"https:\/\/shuji.ca\/fr\/wp-json\/wp\/v2\/comments?post=21980"}],"wp:featuredmedia":[{"embeddable":true,"href":"https:\/\/shuji.ca\/fr\/wp-json\/wp\/v2\/media\/21973"}],"wp:attachment":[{"href":"https:\/\/shuji.ca\/fr\/wp-json\/wp\/v2\/media?parent=21980"}],"wp:term":[{"taxonomy":"product_brand","embeddable":true,"href":"https:\/\/shuji.ca\/fr\/wp-json\/wp\/v2\/product_brand?post=21980"},{"taxonomy":"product_cat","embeddable":true,"href":"https:\/\/shuji.ca\/fr\/wp-json\/wp\/v2\/product_cat?post=21980"},{"taxonomy":"product_tag","embeddable":true,"href":"https:\/\/shuji.ca\/fr\/wp-json\/wp\/v2\/product_tag?post=21980"}],"curies":[{"name":"wp","href":"https:\/\/api.w.org\/{rel}","templated":true}]}}