{"id":21962,"date":"2024-06-14T08:17:49","date_gmt":"2024-06-14T00:17:49","guid":{"rendered":"https:\/\/shuji.ca\/?post_type=product&#038;p=21962"},"modified":"2024-10-17T02:06:23","modified_gmt":"2024-10-17T06:06:23","slug":"area-rugs-soft-fluffy-carpet-for-bedrooms-living-room-boys-room-girls-room-play-room-modern-home-decor-non-slip","status":"publish","type":"product","link":"https:\/\/shuji.ca\/fr\/shop\/home-living\/home-decor\/area-rugs-soft-fluffy-carpet-for-bedrooms-living-room-boys-room-girls-room-play-room-modern-home-decor-non-slip\/","title":{"rendered":"Tapis de sol moelleux et doux pour la chambre \u00e0 coucher, le salon, la chambre de gar\u00e7on, la chambre de fille, la salle de jeux, la d\u00e9coration int\u00e9rieure moderne et antid\u00e9rapante,"},"content":{"rendered":"<p>Caract\u00e9ristiques :<\/p>\n<ul class=\"a-unordered-list a-vertical a-spacing-mini\">\n<li class=\"a-spacing-mini\"><span class=\"a-list-item\">Le tapis est fait de microfibres douces et durables et d'une couche interm\u00e9diaire en \u00e9ponge, pour une sensation agr\u00e9able sous les pieds. La technologie de couture avanc\u00e9e et le tie-dye ajoutent \u00e0 la durabilit\u00e9, minimisent les pertes et la d\u00e9coloration, et ne sont pas facilement contamin\u00e9s par la poussi\u00e8re. Le tapis est emball\u00e9 dans un sac \u00e0 vide, l'\u00e9paisseur se r\u00e9tablit en deux jours, ne vous inqui\u00e9tez pas.<\/span><\/li>\n<li class=\"a-spacing-mini\"><span class=\"a-list-item\">Les petits points antid\u00e9rapants situ\u00e9s en bas du tapis renforcent la friction entre le tapis et le sol, ce qui conf\u00e8re au tapis une certaine fonction antid\u00e9rapante. Des milliers de points antid\u00e9rapants aident \u00e0 maintenir le tapis en place sur les sols en bois ou autres mat\u00e9riaux. Vos enfants ou vos animaux domestiques peuvent ainsi jouer confortablement et en toute s\u00e9r\u00e9nit\u00e9 sur le tapis. Convient aux enfants et aux animaux de compagnie.<\/span><\/li>\n<li class=\"a-spacing-mini\"><span class=\"a-list-item\">La poussi\u00e8re et la salet\u00e9 sur la surface du tapis lavable s'enl\u00e8vent facilement. Il suffit de les essuyer avec un chiffon ou de les tapoter l\u00e9g\u00e8rement. Si vous devez le laver, il vous suffit d'ajouter un peu de d\u00e9tergent doux et de laver d\u00e9licatement le tapis \u00e0 la main. Mettez ensuite le tapis dans la ventilation pour qu'il s\u00e8che. Veuillez noter que le tapis r\u00e9tr\u00e9cit l\u00e9g\u00e8rement apr\u00e8s le lavage.<\/span><\/li>\n<li class=\"a-spacing-mini\"><span class=\"a-list-item\">En raison du processus de production sp\u00e9cial du tapis, sa surface peut pr\u00e9senter un ph\u00e9nom\u00e8ne normal de laine flottante lorsque vous l'utilisez pour la premi\u00e8re fois. Il ne s'agit pas d'un probl\u00e8me de qualit\u00e9 du produit. Une fois nettoy\u00e9, ce ph\u00e9nom\u00e8ne n'appara\u00eetra que rarement.<\/span><\/li>\n<\/ul>\n<p><img decoding=\"async\" class=\"aligncenter\" src=\"https:\/\/cbu01.alicdn.com\/img\/ibank\/O1CN017CZxFL1QAjgQHslmv_!!2214314861936-0-cib.jpg\" \/><\/p>","protected":false},"excerpt":{"rendered":"<p>Features: The area rug is made of soft durable microfiber materials and there is sponge interlayer padding, feels good underneath feet. Area rug tie-dye and advanced stitching tech, add durability, minimal shedding &amp; fading, not easily contaminated by dust. The rug pack with a vacuum bag, the thickness will recover within two days, please don&#8217;t [&hellip;]<\/p>","protected":false},"featured_media":21748,"comment_status":"open","ping_status":"closed","template":"","meta":[],"product_brand":[],"product_cat":[1199,1226],"product_tag":[],"class_list":{"0":"post-21962","1":"product","2":"type-product","3":"status-publish","4":"has-post-thumbnail","6":"product_cat-home-living","7":"product_cat-home-decor","8":"product_shipping_class-havestock","9":"product-has-variation-images","11":"first","12":"instock","13":"featured","14":"taxable","15":"shipping-taxable","16":"purchasable","17":"product-type-variable"},"_links":{"self":[{"href":"https:\/\/shuji.ca\/fr\/wp-json\/wp\/v2\/product\/21962","targetHints":{"allow":["GET"]}}],"collection":[{"href":"https:\/\/shuji.ca\/fr\/wp-json\/wp\/v2\/product"}],"about":[{"href":"https:\/\/shuji.ca\/fr\/wp-json\/wp\/v2\/types\/product"}],"replies":[{"embeddable":true,"href":"https:\/\/shuji.ca\/fr\/wp-json\/wp\/v2\/comments?post=21962"}],"wp:featuredmedia":[{"embeddable":true,"href":"https:\/\/shuji.ca\/fr\/wp-json\/wp\/v2\/media\/21748"}],"wp:attachment":[{"href":"https:\/\/shuji.ca\/fr\/wp-json\/wp\/v2\/media?parent=21962"}],"wp:term":[{"taxonomy":"product_brand","embeddable":true,"href":"https:\/\/shuji.ca\/fr\/wp-json\/wp\/v2\/product_brand?post=21962"},{"taxonomy":"product_cat","embeddable":true,"href":"https:\/\/shuji.ca\/fr\/wp-json\/wp\/v2\/product_cat?post=21962"},{"taxonomy":"product_tag","embeddable":true,"href":"https:\/\/shuji.ca\/fr\/wp-json\/wp\/v2\/product_tag?post=21962"}],"curies":[{"name":"wp","href":"https:\/\/api.w.org\/{rel}","templated":true}]}}