{"id":21953,"date":"2024-06-14T07:38:18","date_gmt":"2024-06-13T23:38:18","guid":{"rendered":"https:\/\/shuji.ca\/?post_type=product&#038;p=21953"},"modified":"2024-08-23T06:05:57","modified_gmt":"2024-08-23T10:05:57","slug":"moon-lamp-2024-upgrade-with-timing-3d-moon-night-light-16-colors-wooden-stand-remote-touch-control-and-usb-rechargeable","status":"publish","type":"product","link":"https:\/\/shuji.ca\/fr\/shop\/home-living\/lighting\/moon-lamp-2024-upgrade-with-timing-3d-moon-night-light-16-colors-wooden-stand-remote-touch-control-and-usb-rechargeable\/","title":{"rendered":"Moon Lamp 2024 Upgrade with Timing 3D Moon Night Light 16 Colors Wooden Stand &amp; Remote\/Touch Control and USB Rechargeable"},"content":{"rendered":"<p>Caract\u00e9ristiques :<\/p>\n<ul class=\"a-unordered-list a-vertical a-spacing-mini\">\n<li class=\"a-spacing-mini\"><span class=\"a-list-item\">\u00a0Il peut vous apporter la magie de la lune - Un processus 3D sp\u00e9cial est utilis\u00e9, son effet 3D ressemble \u00e0 la surface rugueuse de la lune ou de la plan\u00e8te. Les dessins en couleur rendent le globe color\u00e9 et magnifique lorsqu'il est \u00e9clair\u00e9, comme la vraie lune.<\/span><\/li>\n<li class=\"a-spacing-mini\"><span class=\"a-list-item\">\u00a0Aucun assemblage requis, moulage int\u00e9gral - Lampe de lune fabriqu\u00e9e gr\u00e2ce \u00e0 la technologie d'impression 3D, forme r\u00e9aliste de la pleine lune, la surface de la lampe de lune est tr\u00e8s proche de la lune lunaire, nouveaut\u00e9 et charme.<\/span><\/li>\n<li class=\"a-spacing-mini\"><span class=\"a-list-item\">\u00a0\u00c9clairage doux et graduable - Les couleurs douces et graduables peuvent \u00eatre ajust\u00e9es pour plaire aux adultes et aux enfants. Donne aux enfants un sentiment de s\u00e9curit\u00e9 et d'\u00e9merveillement la nuit. La batterie polym\u00e8re-lithium int\u00e9gr\u00e9e de 500mAh permet un \u00e9clairage de 4 \u00e0 12 heures (en fonction de la luminosit\u00e9 r\u00e9gl\u00e9e). Le c\u00e2ble de chargement se connecte \u00e0 l'alimentation pour un \u00e9clairage de longue dur\u00e9e.<\/span><\/li>\n<li class=\"a-spacing-mini\"><span class=\"a-list-item\">Epic Lighting GIfts - L'effet 3D de la lune enchanteresse et color\u00e9e donne aux gens une imagination illimit\u00e9e de l'univers ou de l'espace lointain. Il peut \u00eatre consid\u00e9r\u00e9 comme un excellent cadeau pour les enfants et les adultes. C'est un parfait cadeau d'anniversaire, de No\u00ebl, de Thanksgiving, de f\u00eate, de mariage, de f\u00eate des m\u00e8res et des p\u00e8res ou d'anniversaire pour l'\u00eatre aim\u00e9, ou un excellent cadeau pour les enfants, les familles et les amis, ils en tomberont absolument amoureux.<\/span><\/li>\n<\/ul>\n<p><img fetchpriority=\"high\" decoding=\"async\" class=\"aligncenter\" src=\"https:\/\/m.media-amazon.com\/images\/I\/61wVaDSnSPL._AC_SL1000_.jpg\" width=\"904\" height=\"904\" \/><img decoding=\"async\" class=\"aligncenter\" src=\"https:\/\/m.media-amazon.com\/images\/I\/61IgPWjUJUL._AC_SL1300_.jpg\" width=\"905\" height=\"905\" \/><\/p>","protected":false},"excerpt":{"rendered":"<p>Features: \u00a0It Can Bring The Magic Moon To You &#8211; Special 3D process is used, its 3D effect seems like the rugged surface of moon or planet. Color drawing craft make the globe colorful and gorgeous while it is lighted up, like the real moon. \u00a0No Assembly Required, Integrally Molded &#8211; Moon lamp made with [&hellip;]<\/p>","protected":false},"featured_media":24127,"comment_status":"open","ping_status":"closed","template":"","meta":[],"product_brand":[],"product_cat":[1199,1227],"product_tag":[],"class_list":{"0":"post-21953","1":"product","2":"type-product","3":"status-publish","4":"has-post-thumbnail","6":"product_cat-home-living","7":"product_cat-lighting","8":"product_shipping_class-havestock","10":"first","11":"instock","12":"taxable","13":"shipping-taxable","14":"purchasable","15":"product-type-variable"},"_links":{"self":[{"href":"https:\/\/shuji.ca\/fr\/wp-json\/wp\/v2\/product\/21953","targetHints":{"allow":["GET"]}}],"collection":[{"href":"https:\/\/shuji.ca\/fr\/wp-json\/wp\/v2\/product"}],"about":[{"href":"https:\/\/shuji.ca\/fr\/wp-json\/wp\/v2\/types\/product"}],"replies":[{"embeddable":true,"href":"https:\/\/shuji.ca\/fr\/wp-json\/wp\/v2\/comments?post=21953"}],"wp:featuredmedia":[{"embeddable":true,"href":"https:\/\/shuji.ca\/fr\/wp-json\/wp\/v2\/media\/24127"}],"wp:attachment":[{"href":"https:\/\/shuji.ca\/fr\/wp-json\/wp\/v2\/media?parent=21953"}],"wp:term":[{"taxonomy":"product_brand","embeddable":true,"href":"https:\/\/shuji.ca\/fr\/wp-json\/wp\/v2\/product_brand?post=21953"},{"taxonomy":"product_cat","embeddable":true,"href":"https:\/\/shuji.ca\/fr\/wp-json\/wp\/v2\/product_cat?post=21953"},{"taxonomy":"product_tag","embeddable":true,"href":"https:\/\/shuji.ca\/fr\/wp-json\/wp\/v2\/product_tag?post=21953"}],"curies":[{"name":"wp","href":"https:\/\/api.w.org\/{rel}","templated":true}]}}