{"id":21244,"date":"2024-06-13T12:28:08","date_gmt":"2024-06-13T04:28:08","guid":{"rendered":"https:\/\/shuji.ca\/?post_type=product&#038;p=21244"},"modified":"2025-02-05T22:48:26","modified_gmt":"2025-02-06T02:48:26","slug":"cute-bear-coffee-table-and-bedside-table-available-in-two-colors","status":"publish","type":"product","link":"https:\/\/shuji.ca\/fr\/shop\/home-living\/coffee-side-tables\/cute-bear-coffee-table-and-bedside-table-available-in-two-colors\/","title":{"rendered":"Table basse et table de chevet en forme d'ours mignon, disponible en deux couleurs"},"content":{"rendered":"<p>Apportez \u00e0 la maison cette table de chevet en forme d'ours super mignon !<\/p>\n<ul>\n<li>Fabriqu\u00e9 en r\u00e9sine de fibre de verre, ce produit est solide et r\u00e9sistant \u00e0 l'eau et \u00e0 la poussi\u00e8re.<\/li>\n<li>Il vous donne toujours un grand sourire lorsque vous le voyez pr\u00e8s de votre lit.<\/li>\n<li>Chaque unit\u00e9 est peinte \u00e0 la main et pr\u00e9sente un design original.<\/li>\n<li>Peut \u00eatre utilis\u00e9 comme table de chevet ou table basse<\/li>\n<\/ul>\n<p><img fetchpriority=\"high\" decoding=\"async\" class=\"alignnone size-full wp-image-23183 aligncenter\" src=\"https:\/\/shuji.ca\/wp-content\/uploads\/2024\/06\/21563-sds-6.jpg\" alt=\"\" width=\"800\" height=\"800\" srcset=\"https:\/\/shuji.ca\/wp-content\/uploads\/2024\/06\/21563-sds-6.jpg 800w, https:\/\/shuji.ca\/wp-content\/uploads\/2024\/06\/21563-sds-6-300x300.jpg 300w, https:\/\/shuji.ca\/wp-content\/uploads\/2024\/06\/21563-sds-6-150x150.jpg 150w, https:\/\/shuji.ca\/wp-content\/uploads\/2024\/06\/21563-sds-6-768x768.jpg 768w, https:\/\/shuji.ca\/wp-content\/uploads\/2024\/06\/21563-sds-6-600x600.jpg 600w, https:\/\/shuji.ca\/wp-content\/uploads\/2024\/06\/21563-sds-6-100x100.jpg 100w\" sizes=\"(max-width: 800px) 100vw, 800px\" \/><\/p>","protected":false},"excerpt":{"rendered":"<p>Bring home this solid-made super cute bear bedside table! Made with resin fibreglass, this product is solid built and water\/dust resistant Always brings you a big smile when you see this cutie by your bed Comes with original design and every unit is hand-painted Can be used as a bedside table or coffee table<\/p>","protected":false},"featured_media":23183,"comment_status":"open","ping_status":"closed","template":"","meta":[],"product_brand":[],"product_cat":[1221,1199],"product_tag":[],"class_list":{"0":"post-21244","1":"product","2":"type-product","3":"status-publish","4":"has-post-thumbnail","6":"product_cat-coffee-side-tables","7":"product_cat-home-living","8":"product_shipping_class-preorder","9":"product-has-variation-images","11":"first","12":"instock","13":"taxable","14":"shipping-taxable","15":"purchasable","16":"product-type-variable"},"_links":{"self":[{"href":"https:\/\/shuji.ca\/fr\/wp-json\/wp\/v2\/product\/21244","targetHints":{"allow":["GET"]}}],"collection":[{"href":"https:\/\/shuji.ca\/fr\/wp-json\/wp\/v2\/product"}],"about":[{"href":"https:\/\/shuji.ca\/fr\/wp-json\/wp\/v2\/types\/product"}],"replies":[{"embeddable":true,"href":"https:\/\/shuji.ca\/fr\/wp-json\/wp\/v2\/comments?post=21244"}],"wp:featuredmedia":[{"embeddable":true,"href":"https:\/\/shuji.ca\/fr\/wp-json\/wp\/v2\/media\/23183"}],"wp:attachment":[{"href":"https:\/\/shuji.ca\/fr\/wp-json\/wp\/v2\/media?parent=21244"}],"wp:term":[{"taxonomy":"product_brand","embeddable":true,"href":"https:\/\/shuji.ca\/fr\/wp-json\/wp\/v2\/product_brand?post=21244"},{"taxonomy":"product_cat","embeddable":true,"href":"https:\/\/shuji.ca\/fr\/wp-json\/wp\/v2\/product_cat?post=21244"},{"taxonomy":"product_tag","embeddable":true,"href":"https:\/\/shuji.ca\/fr\/wp-json\/wp\/v2\/product_tag?post=21244"}],"curies":[{"name":"wp","href":"https:\/\/api.w.org\/{rel}","templated":true}]}}