{"id":21166,"date":"2024-06-13T11:53:49","date_gmt":"2024-06-13T03:53:49","guid":{"rendered":"https:\/\/shuji.ca\/?post_type=product&#038;p=21166"},"modified":"2024-08-23T06:19:37","modified_gmt":"2024-08-23T10:19:37","slug":"fashion-bedroom-living-room-home-decoration-bear-sculpture-electroplating-violent-bear-ornament-living-room-light-luxury-high-end-tv-cabinet-decoration","status":"publish","type":"product","link":"https:\/\/shuji.ca\/fr\/shop\/home-living\/home-decor\/fashion-bedroom-living-room-home-decoration-bear-sculpture-electroplating-violent-bear-ornament-living-room-light-luxury-high-end-tv-cabinet-decoration\/","title":{"rendered":"D\u00e9coration de chambre \u00e0 coucher, de salon et de maison Sculpture d'ours en galvanoplastie Ornement d'ours violent Lumi\u00e8re de salon D\u00e9coration d'armoire TV haut de gamme de luxe"},"content":{"rendered":"<ul class=\"a-unordered-list a-vertical a-spacing-mini\">\n<li class=\"a-spacing-mini\"><span class=\"a-list-item\">La sculpture moderne se d\u00e9barrasse des carcans du classique, recherche de nouveaux concepts et valeurs, sensibilit\u00e9, design simple, couleurs vives, pour satisfaire la qu\u00eate de qualit\u00e9 de vie des jeunes.<\/span><\/li>\n<li class=\"a-spacing-mini\"><span class=\"a-list-item\">Le style l\u00e9ger et luxueux est en harmonie avec votre c\u0153ur. La tendance n'est jamais une forme, mais une attitude d\u00e9sinhib\u00e9e. La couleur est simple mais pas monotone, ce qui ajoute une touche d'arri\u00e8re-go\u00fbt \u00e0 la vie.<\/span><\/li>\n<li class=\"a-spacing-mini\"><span class=\"a-list-item\">Meubles de maison pratiques, color\u00e9s, mignons, dans une vari\u00e9t\u00e9 de tons, vous pouvez conduire une vari\u00e9t\u00e9 de styles de meubles de maison, et vous pouvez les placer n'importe o\u00f9 avec cr\u00e9ativit\u00e9.<\/span><\/li>\n<li class=\"a-spacing-mini\"><span class=\"a-list-item\">Diverses utilisations, forme artistique de la vie, rendre la maison pleine d'art, ours mignon et mignon, lignes lisses, stable et \u00e9pais, il sera bien assorti dans le salon, la chambre \u00e0 coucher, bureau de bureau.<\/span><\/li>\n<li class=\"a-spacing-mini\"><span class=\"a-list-item\">Magnifiquement emball\u00e9, il convient pour les cadeaux, qu'il s'agisse d'un anniversaire, de No\u00ebl ou d'autres occasions. C'est un excellent cadeau pour les enfants, la famille, les amoureux, les amis, un cadeau qui en vaut vraiment la peine.<\/span><\/li>\n<\/ul>\n<p><img decoding=\"async\" class=\"aligncenter\" src=\"https:\/\/cbu01.alicdn.com\/img\/ibank\/O1CN01WS3ba11JPCkashagi_!!2207284821020-0-cib.jpg\" \/><img decoding=\"async\" class=\"aligncenter\" src=\"https:\/\/cbu01.alicdn.com\/img\/ibank\/O1CN01GySDKp1JPCkVsGc70_!!2207284821020-0-cib.jpg\" \/><\/p>","protected":false},"excerpt":{"rendered":"<p>Modern sculpture gets rid of the shackles of classical, pursues new concepts and values, sensibility, simple design, full color, to satisfy young people&#8217;s pursuit of quality life. The light luxury style is all-match with your heart. Trend is never a form, but an uninhibited attitude. The color is simple but not monotonous, which adds a [&hellip;]<\/p>","protected":false},"featured_media":21709,"comment_status":"open","ping_status":"closed","template":"","meta":[],"product_brand":[],"product_cat":[1199,1226],"product_tag":[],"class_list":{"0":"post-21166","1":"product","2":"type-product","3":"status-publish","4":"has-post-thumbnail","6":"product_cat-home-living","7":"product_cat-home-decor","8":"product_shipping_class-preorder","9":"product-has-variation-images","11":"first","12":"onbackorder","13":"taxable","14":"shipping-taxable","15":"purchasable","16":"product-type-variable"},"_links":{"self":[{"href":"https:\/\/shuji.ca\/fr\/wp-json\/wp\/v2\/product\/21166","targetHints":{"allow":["GET"]}}],"collection":[{"href":"https:\/\/shuji.ca\/fr\/wp-json\/wp\/v2\/product"}],"about":[{"href":"https:\/\/shuji.ca\/fr\/wp-json\/wp\/v2\/types\/product"}],"replies":[{"embeddable":true,"href":"https:\/\/shuji.ca\/fr\/wp-json\/wp\/v2\/comments?post=21166"}],"wp:featuredmedia":[{"embeddable":true,"href":"https:\/\/shuji.ca\/fr\/wp-json\/wp\/v2\/media\/21709"}],"wp:attachment":[{"href":"https:\/\/shuji.ca\/fr\/wp-json\/wp\/v2\/media?parent=21166"}],"wp:term":[{"taxonomy":"product_brand","embeddable":true,"href":"https:\/\/shuji.ca\/fr\/wp-json\/wp\/v2\/product_brand?post=21166"},{"taxonomy":"product_cat","embeddable":true,"href":"https:\/\/shuji.ca\/fr\/wp-json\/wp\/v2\/product_cat?post=21166"},{"taxonomy":"product_tag","embeddable":true,"href":"https:\/\/shuji.ca\/fr\/wp-json\/wp\/v2\/product_tag?post=21166"}],"curies":[{"name":"wp","href":"https:\/\/api.w.org\/{rel}","templated":true}]}}