{"id":21042,"date":"2024-06-13T06:16:06","date_gmt":"2024-06-12T22:16:06","guid":{"rendered":"https:\/\/shuji.ca\/?post_type=product&#038;p=21042"},"modified":"2024-08-23T06:21:49","modified_gmt":"2024-08-23T10:21:49","slug":"trendy-bear-storage-decor-piece-electroplated-figurine-with-storage-plate","status":"publish","type":"product","link":"https:\/\/shuji.ca\/fr\/shop\/home-living\/home-decor\/trendy-bear-storage-decor-piece-electroplated-figurine-with-storage-plate\/","title":{"rendered":"Trendy Bear Storage Decor Piece Figurine \u00e9lectroplaqu\u00e9e avec plaque de rangement"},"content":{"rendered":"<p><span class=\"a-list-item\">Appr\u00e9ciez cet ours de rangement cr\u00e9atif et branch\u00e9, fabriqu\u00e9 en c\u00e9ramique durable !<\/span><\/p>\n<ul>\n<li><span class=\"a-list-item\">Il se caract\u00e9rise par une fabrication ing\u00e9nieuse et un rangement pratique : vous pouvez l'utiliser comme porte-cl\u00e9s, porte-montre ou tout ce que vous voulez !<\/span><\/li>\n<li>Un cadeau id\u00e9al pour vos proches.<\/li>\n<li>Peut \u00e9galement servir de tirelire !<\/li>\n<li>Pr\u00e9sente des mod\u00e8les de conception originale et des mod\u00e8les fabriqu\u00e9s \u00e0 la main.<\/li>\n<\/ul>\n<p><img fetchpriority=\"high\" decoding=\"async\" class=\"size-full wp-image-22383 aligncenter\" src=\"https:\/\/shuji.ca\/wp-content\/uploads\/2024\/06\/O1CN01ZQScmO2DY0qDk9l91_2209863298620-0-cib-1.jpg\" alt=\"\" width=\"790\" height=\"1575\" srcset=\"https:\/\/shuji.ca\/wp-content\/uploads\/2024\/06\/O1CN01ZQScmO2DY0qDk9l91_2209863298620-0-cib-1.jpg 790w, https:\/\/shuji.ca\/wp-content\/uploads\/2024\/06\/O1CN01ZQScmO2DY0qDk9l91_2209863298620-0-cib-1-150x300.jpg 150w, https:\/\/shuji.ca\/wp-content\/uploads\/2024\/06\/O1CN01ZQScmO2DY0qDk9l91_2209863298620-0-cib-1-514x1024.jpg 514w, https:\/\/shuji.ca\/wp-content\/uploads\/2024\/06\/O1CN01ZQScmO2DY0qDk9l91_2209863298620-0-cib-1-768x1531.jpg 768w, https:\/\/shuji.ca\/wp-content\/uploads\/2024\/06\/O1CN01ZQScmO2DY0qDk9l91_2209863298620-0-cib-1-770x1536.jpg 770w, https:\/\/shuji.ca\/wp-content\/uploads\/2024\/06\/O1CN01ZQScmO2DY0qDk9l91_2209863298620-0-cib-1-600x1196.jpg 600w\" sizes=\"(max-width: 790px) 100vw, 790px\" \/><\/p>","protected":false},"excerpt":{"rendered":"<p>Enjoy this trendy creative storage bear built with durable ceramic material! Features ingenious craftsmanship and practical storage: you could use it as a keys holder, watch holder or anything you want! Great gift option for your beloved ones. Also can be used as a piggy bank! Features original design and handcrafted models.<\/p>","protected":false},"featured_media":22381,"comment_status":"open","ping_status":"closed","template":"","meta":[],"product_brand":[],"product_cat":[1199,1226],"product_tag":[],"class_list":{"0":"post-21042","1":"product","2":"type-product","3":"status-publish","4":"has-post-thumbnail","6":"product_cat-home-living","7":"product_cat-home-decor","8":"product_shipping_class-havestock","9":"product-has-variation-images","11":"first","12":"instock","13":"taxable","14":"shipping-taxable","15":"purchasable","16":"product-type-variable"},"_links":{"self":[{"href":"https:\/\/shuji.ca\/fr\/wp-json\/wp\/v2\/product\/21042","targetHints":{"allow":["GET"]}}],"collection":[{"href":"https:\/\/shuji.ca\/fr\/wp-json\/wp\/v2\/product"}],"about":[{"href":"https:\/\/shuji.ca\/fr\/wp-json\/wp\/v2\/types\/product"}],"replies":[{"embeddable":true,"href":"https:\/\/shuji.ca\/fr\/wp-json\/wp\/v2\/comments?post=21042"}],"wp:featuredmedia":[{"embeddable":true,"href":"https:\/\/shuji.ca\/fr\/wp-json\/wp\/v2\/media\/22381"}],"wp:attachment":[{"href":"https:\/\/shuji.ca\/fr\/wp-json\/wp\/v2\/media?parent=21042"}],"wp:term":[{"taxonomy":"product_brand","embeddable":true,"href":"https:\/\/shuji.ca\/fr\/wp-json\/wp\/v2\/product_brand?post=21042"},{"taxonomy":"product_cat","embeddable":true,"href":"https:\/\/shuji.ca\/fr\/wp-json\/wp\/v2\/product_cat?post=21042"},{"taxonomy":"product_tag","embeddable":true,"href":"https:\/\/shuji.ca\/fr\/wp-json\/wp\/v2\/product_tag?post=21042"}],"curies":[{"name":"wp","href":"https:\/\/api.w.org\/{rel}","templated":true}]}}