{"id":21027,"date":"2024-06-13T04:15:03","date_gmt":"2024-06-12T20:15:03","guid":{"rendered":"https:\/\/shuji.ca\/?post_type=product&#038;p=21027"},"modified":"2024-08-23T06:23:47","modified_gmt":"2024-08-23T10:23:47","slug":"toast-bread-pillow-cushion-with-cute-expression-kawaii-plush-toy-funny-food-plush-cushion-for-office-dorm-bedroom-seat","status":"publish","type":"product","link":"https:\/\/shuji.ca\/fr\/shop\/home-living\/cushion-covers\/toast-bread-pillow-cushion-with-cute-expression-kawaii-plush-toy-funny-food-plush-cushion-for-office-dorm-bedroom-seat\/","title":{"rendered":"Coussin de pain grill\u00e9 avec expression mignonne, jouet en peluche kawaii Coussin en peluche dr\u00f4le de nourriture pour le bureau, la chambre d'\u00e9tudiant et le si\u00e8ge."},"content":{"rendered":"<ul class=\"a-unordered-list a-vertical a-spacing-mini\">\n<li class=\"a-spacing-mini\"><span class=\"a-list-item\">Mignonne forme de toast : Il y a quatre expressions diff\u00e9rentes \u00e0 choisir - heureux, en col\u00e8re, timide, satisfait, je pense que ce sera un cadeau doux pour No\u00ebl, Thanksgiving et les anniversaires. Un excellent coussin en peluche pour lire, regarder la t\u00e9l\u00e9vision, jouer \u00e0 des jeux, manger, faire du yoga ou de la m\u00e9ditation.<\/span><\/li>\n<li class=\"a-spacing-mini\"><span class=\"a-list-item\">D\u00e9tendez-vous et soulagez le stress : Le coussin de chaise kawaii ultra-doux offre un grand confort, vous permettant d'oublier les probl\u00e8mes de la journ\u00e9e, de profiter de la paix et du confort d'une personne, et de d\u00e9tendre le corps fatigu\u00e9 apr\u00e8s une journ\u00e9e de travail.<\/span><\/li>\n<li class=\"a-spacing-mini\"><span class=\"a-list-item\">Mat\u00e9riau et conception de haute qualit\u00e9 : La surface du coussin \u00e0 pain est en velours de cristal, lisse et d\u00e9licat au toucher, et l'int\u00e9rieur est rempli de polyester de haute qualit\u00e9, doux et confortable, avec un toucher r\u00e9el. Le fond du coussin \u00e0 toasts est antid\u00e9rapant et peut \u00eatre utilis\u00e9 sur le sol du salon, les si\u00e8ges de balcon, les voitures et les fauteuils inclinables. Le toast est muni d'une corde pour vous aider \u00e0 le fixer.<\/span><\/li>\n<li class=\"a-spacing-mini\"><span class=\"a-list-item\">Taille du produit : deux formes sont disponibles (ronde, carr\u00e9e), taille : 40*40*10cm\/15.74*15.74*3.94inch, taille mod\u00e9r\u00e9e, convient \u00e0 la plupart des si\u00e8ges.<\/span><\/li>\n<li class=\"a-spacing-mini\"><span class=\"a-list-item\">Service client\u00e8le : Si vous avez des questions sur nos produits, veuillez nous contacter \u00e0 temps. Nous r\u00e9pondrons \u00e0 vos questions dans les 24 heures.<\/span><\/li>\n<\/ul>\n<p><img fetchpriority=\"high\" decoding=\"async\" class=\"size-full wp-image-21739 aligncenter\" src=\"https:\/\/shuji.ca\/wp-content\/uploads\/2024\/06\/O1CN01gPSuLA216jsx2W6D2_3921226936-0-cib.jpg\" alt=\"\" width=\"800\" height=\"800\" srcset=\"https:\/\/shuji.ca\/wp-content\/uploads\/2024\/06\/O1CN01gPSuLA216jsx2W6D2_3921226936-0-cib.jpg 800w, https:\/\/shuji.ca\/wp-content\/uploads\/2024\/06\/O1CN01gPSuLA216jsx2W6D2_3921226936-0-cib-300x300.jpg 300w, https:\/\/shuji.ca\/wp-content\/uploads\/2024\/06\/O1CN01gPSuLA216jsx2W6D2_3921226936-0-cib-150x150.jpg 150w, https:\/\/shuji.ca\/wp-content\/uploads\/2024\/06\/O1CN01gPSuLA216jsx2W6D2_3921226936-0-cib-768x768.jpg 768w, https:\/\/shuji.ca\/wp-content\/uploads\/2024\/06\/O1CN01gPSuLA216jsx2W6D2_3921226936-0-cib-600x600.jpg 600w, https:\/\/shuji.ca\/wp-content\/uploads\/2024\/06\/O1CN01gPSuLA216jsx2W6D2_3921226936-0-cib-100x100.jpg 100w\" sizes=\"(max-width: 800px) 100vw, 800px\" \/><\/p>","protected":false},"excerpt":{"rendered":"<p>Cute Toast Shape: There are four different expression to choose from &#8211; happy, angry, shy, content, I believe this will be a sweet gift for Christmas, Thanksgiving and birthdays. An excellent companion plush cushion for your reading, watching TV, playing games, eating, yoga, meditation. Relax &amp; Relieve Stress: The ultra-soft kawaii chair cushion provides great [&hellip;]<\/p>","protected":false},"featured_media":21741,"comment_status":"open","ping_status":"closed","template":"","meta":[],"product_brand":[],"product_cat":[1240,1199],"product_tag":[],"class_list":{"0":"post-21027","1":"product","2":"type-product","3":"status-publish","4":"has-post-thumbnail","6":"product_cat-cushion-covers","7":"product_cat-home-living","8":"product_shipping_class-havestock","9":"product-has-variation-images","11":"first","12":"instock","13":"taxable","14":"shipping-taxable","15":"purchasable","16":"product-type-variable"},"_links":{"self":[{"href":"https:\/\/shuji.ca\/fr\/wp-json\/wp\/v2\/product\/21027","targetHints":{"allow":["GET"]}}],"collection":[{"href":"https:\/\/shuji.ca\/fr\/wp-json\/wp\/v2\/product"}],"about":[{"href":"https:\/\/shuji.ca\/fr\/wp-json\/wp\/v2\/types\/product"}],"replies":[{"embeddable":true,"href":"https:\/\/shuji.ca\/fr\/wp-json\/wp\/v2\/comments?post=21027"}],"wp:featuredmedia":[{"embeddable":true,"href":"https:\/\/shuji.ca\/fr\/wp-json\/wp\/v2\/media\/21741"}],"wp:attachment":[{"href":"https:\/\/shuji.ca\/fr\/wp-json\/wp\/v2\/media?parent=21027"}],"wp:term":[{"taxonomy":"product_brand","embeddable":true,"href":"https:\/\/shuji.ca\/fr\/wp-json\/wp\/v2\/product_brand?post=21027"},{"taxonomy":"product_cat","embeddable":true,"href":"https:\/\/shuji.ca\/fr\/wp-json\/wp\/v2\/product_cat?post=21027"},{"taxonomy":"product_tag","embeddable":true,"href":"https:\/\/shuji.ca\/fr\/wp-json\/wp\/v2\/product_tag?post=21027"}],"curies":[{"name":"wp","href":"https:\/\/api.w.org\/{rel}","templated":true}]}}