{"id":21017,"date":"2024-06-13T03:17:16","date_gmt":"2024-06-12T19:17:16","guid":{"rendered":"https:\/\/shuji.ca\/?post_type=product&#038;p=21017"},"modified":"2024-10-26T00:17:25","modified_gmt":"2024-10-26T04:17:25","slug":"peachkittenplush","status":"publish","type":"product","link":"https:\/\/shuji.ca\/fr\/shop\/toys-games\/soft-toy\/peachkittenplush\/","title":{"rendered":"Cute Peach Kitten Peluche Toy Stuffed Animal Pet Kitty Soft Anime Cat Plush Pillow"},"content":{"rendered":"<ul class=\"a-unordered-list a-vertical a-spacing-mini\">\n<li class=\"a-spacing-mini\"><span class=\"a-list-item\">Mati\u00e8re : La peluche Kitty est remplie de coton \u00e9lastique qui est plus doux que les tissus ordinaires. Les tissus doux pour la peau vous donnent une meilleure sensation de toucher, ce qui rend l'oreiller doux et confortable.<\/span><\/li>\n<li class=\"a-spacing-mini\"><span class=\"a-list-item\">Taille : 25,5 pouces (la mesure manuelle peut comporter une erreur de 0,5 \u00e0 1,5 pouce). La taille de l'oreiller est adapt\u00e9e \u00e0 la sensation d'\u00e9treinte qu'il procure.<\/span><\/li>\n<li class=\"a-spacing-mini\"><span class=\"a-list-item\">Convient aux enfants, \u00e0 la famille, aux amis et aux proches : Enfants\/Famille\/Amis \/Relations ne peuvent pas le manquer ! C'est un excellent choix d'oreiller de lit pour les adultes et les enfants. Convient \u00e0 la chambre \u00e0 coucher, au salon, \u00e0 la famille, au bureau, etc.<\/span><\/li>\n<li class=\"a-spacing-mini\"><span class=\"a-list-item\">Meilleur cadeau : Surprenez vos amis avec cet adorable, unique et doux oreiller en peluche.<\/span><\/li>\n<li class=\"a-spacing-mini\"><span class=\"a-list-item\">Note importante : Le chaton en peluche est emball\u00e9 sous vide, il est donc plat, apr\u00e8s le d\u00e9ballage, veuillez faire quelque chose pour que le coton se d\u00e9tache. Il se r\u00e9tablira compl\u00e8tement dans les 1-2 jours, mettez-le au soleil ou au s\u00e8che-linge, il se r\u00e9tablira mieux, merci de votre compr\u00e9hension.<\/span><\/li>\n<\/ul>\n<p>&nbsp;<\/p>\n<p><img fetchpriority=\"high\" decoding=\"async\" class=\"alignnone size-full wp-image-21733 aligncenter\" src=\"https:\/\/shuji.ca\/wp-content\/uploads\/2024\/06\/O1CN01T9z4oj1SU5autM8ON_2215793602249-0-cib.jpg\" alt=\"\" width=\"800\" height=\"800\" srcset=\"https:\/\/shuji.ca\/wp-content\/uploads\/2024\/06\/O1CN01T9z4oj1SU5autM8ON_2215793602249-0-cib.jpg 800w, https:\/\/shuji.ca\/wp-content\/uploads\/2024\/06\/O1CN01T9z4oj1SU5autM8ON_2215793602249-0-cib-300x300.jpg 300w, https:\/\/shuji.ca\/wp-content\/uploads\/2024\/06\/O1CN01T9z4oj1SU5autM8ON_2215793602249-0-cib-150x150.jpg 150w, https:\/\/shuji.ca\/wp-content\/uploads\/2024\/06\/O1CN01T9z4oj1SU5autM8ON_2215793602249-0-cib-768x768.jpg 768w, https:\/\/shuji.ca\/wp-content\/uploads\/2024\/06\/O1CN01T9z4oj1SU5autM8ON_2215793602249-0-cib-600x600.jpg 600w, https:\/\/shuji.ca\/wp-content\/uploads\/2024\/06\/O1CN01T9z4oj1SU5autM8ON_2215793602249-0-cib-100x100.jpg 100w\" sizes=\"(max-width: 800px) 100vw, 800px\" \/> <img decoding=\"async\" class=\"alignnone size-full wp-image-21734 aligncenter\" src=\"https:\/\/shuji.ca\/wp-content\/uploads\/2024\/06\/O1CN01YqWk7H1SU5aqrW01m_2215793602249-0-cib.jpg\" alt=\"\" width=\"800\" height=\"800\" srcset=\"https:\/\/shuji.ca\/wp-content\/uploads\/2024\/06\/O1CN01YqWk7H1SU5aqrW01m_2215793602249-0-cib.jpg 800w, https:\/\/shuji.ca\/wp-content\/uploads\/2024\/06\/O1CN01YqWk7H1SU5aqrW01m_2215793602249-0-cib-300x300.jpg 300w, https:\/\/shuji.ca\/wp-content\/uploads\/2024\/06\/O1CN01YqWk7H1SU5aqrW01m_2215793602249-0-cib-150x150.jpg 150w, https:\/\/shuji.ca\/wp-content\/uploads\/2024\/06\/O1CN01YqWk7H1SU5aqrW01m_2215793602249-0-cib-768x768.jpg 768w, https:\/\/shuji.ca\/wp-content\/uploads\/2024\/06\/O1CN01YqWk7H1SU5aqrW01m_2215793602249-0-cib-600x600.jpg 600w, https:\/\/shuji.ca\/wp-content\/uploads\/2024\/06\/O1CN01YqWk7H1SU5aqrW01m_2215793602249-0-cib-100x100.jpg 100w\" sizes=\"(max-width: 800px) 100vw, 800px\" \/><\/p>","protected":false},"excerpt":{"rendered":"<ul class=\"a-unordered-list a-vertical a-spacing-mini\">\n<li class=\"a-spacing-mini\">Mati\u00e8re : La peluche Kitty est remplie de coton \u00e9lastique qui est plus doux que les tissus ordinaires. Les tissus doux pour la peau vous donnent une meilleure sensation de toucher, ce qui rend l'oreiller doux et confortable.<br \/>\nSize: 50cm-70cm. The pillow has a suitable size which is a perfect feeling to hug.<br \/>\nConvient aux enfants, \u00e0 la famille, aux amis et aux proches : Enfants\/Famille\/Amis \/Relations ne peuvent pas le manquer ! C'est un excellent choix d'oreiller de lit pour les adultes et les enfants. Convient \u00e0 la chambre \u00e0 coucher, au salon, \u00e0 la famille, au bureau, etc.<br \/>\nMeilleur cadeau : Surprenez vos amis avec cet adorable, unique et doux oreiller en peluche.<br \/>\nNote importante : Le chaton en peluche est emball\u00e9 sous vide, il est donc plat, apr\u00e8s le d\u00e9ballage, veuillez faire quelque chose pour que le coton se d\u00e9tache. Il se r\u00e9tablira compl\u00e8tement dans les 1-2 jours, mettez-le au soleil ou au s\u00e8che-linge, il se r\u00e9tablira mieux, merci de votre compr\u00e9hension.<\/li>\n<\/ul>","protected":false},"featured_media":21733,"comment_status":"open","ping_status":"closed","template":"","meta":[],"product_brand":[],"product_cat":[1213,1203],"product_tag":[],"class_list":{"0":"post-21017","1":"product","2":"type-product","3":"status-publish","4":"has-post-thumbnail","6":"product_cat-soft-toy","7":"product_cat-toys-games","8":"product_shipping_class-havestock","9":"product-has-variation-images","11":"first","12":"instock","13":"taxable","14":"shipping-taxable","15":"purchasable","16":"product-type-variable"},"_links":{"self":[{"href":"https:\/\/shuji.ca\/fr\/wp-json\/wp\/v2\/product\/21017","targetHints":{"allow":["GET"]}}],"collection":[{"href":"https:\/\/shuji.ca\/fr\/wp-json\/wp\/v2\/product"}],"about":[{"href":"https:\/\/shuji.ca\/fr\/wp-json\/wp\/v2\/types\/product"}],"replies":[{"embeddable":true,"href":"https:\/\/shuji.ca\/fr\/wp-json\/wp\/v2\/comments?post=21017"}],"wp:featuredmedia":[{"embeddable":true,"href":"https:\/\/shuji.ca\/fr\/wp-json\/wp\/v2\/media\/21733"}],"wp:attachment":[{"href":"https:\/\/shuji.ca\/fr\/wp-json\/wp\/v2\/media?parent=21017"}],"wp:term":[{"taxonomy":"product_brand","embeddable":true,"href":"https:\/\/shuji.ca\/fr\/wp-json\/wp\/v2\/product_brand?post=21017"},{"taxonomy":"product_cat","embeddable":true,"href":"https:\/\/shuji.ca\/fr\/wp-json\/wp\/v2\/product_cat?post=21017"},{"taxonomy":"product_tag","embeddable":true,"href":"https:\/\/shuji.ca\/fr\/wp-json\/wp\/v2\/product_tag?post=21017"}],"curies":[{"name":"wp","href":"https:\/\/api.w.org\/{rel}","templated":true}]}}