{"id":19874,"date":"2023-05-11T09:45:12","date_gmt":"2023-05-11T09:45:12","guid":{"rendered":"https:\/\/motta.uix.store\/?page_id=19874"},"modified":"2024-08-10T23:15:09","modified_gmt":"2024-08-11T03:15:09","slug":"return-refund-policy","status":"publish","type":"page","link":"https:\/\/shuji.ca\/fr\/legal\/return-refund-policy\/","title":{"rendered":"Money Back Policy"},"content":{"rendered":"<div data-elementor-type=\"wp-page\" data-elementor-id=\"19874\" class=\"elementor elementor-19874\" data-elementor-post-type=\"page\">\n\t\t\t\t\t\t<section class=\"elementor-section elementor-top-section elementor-element elementor-element-37593535 elementor-section-boxed elementor-section-height-default elementor-section-height-default motta-responsive-column motta-tablet-column--default motta-responsive-column motta-mobile-column--default\" data-id=\"37593535\" data-element_type=\"section\">\n\t\t\t\t\t\t<div class=\"elementor-container elementor-column-gap-default\">\n\t\t\t\t\t<div class=\"elementor-column elementor-col-100 elementor-top-column elementor-element elementor-element-696a45aa\" data-id=\"696a45aa\" data-element_type=\"column\">\n\t\t\t<div class=\"elementor-widget-wrap elementor-element-populated\">\n\t\t\t\t\t\t<div class=\"elementor-element elementor-element-1119659c elementor-widget elementor-widget-motta-heading\" data-id=\"1119659c\" data-element_type=\"widget\" data-widget_type=\"motta-heading.default\">\n\t\t\t\t<div class=\"elementor-widget-container\">\n\t\t\t\t\t\t\t<div class=\"motta-heading-elementor motta-heading__button-on\">\r\n\t\t\t\t<h1 class=\"motta-heading motta-heading--default\">\r\n\t\t\t\t\tJuridique\t\t\t\t<\/h1>\r\n\t\t\t\t\t\t\t<\/div>\r\n\t\t\t\t\t\t<\/div>\n\t\t\t\t<\/div>\n\t\t\t\t\t<\/div>\n\t\t<\/div>\n\t\t\t\t\t<\/div>\n\t\t<\/section>\n\t\t\t\t<section class=\"elementor-section elementor-top-section elementor-element elementor-element-33bc509b elementor-section-boxed elementor-section-height-default elementor-section-height-default motta-responsive-column motta-tablet-column--default motta-responsive-column motta-mobile-column--default\" data-id=\"33bc509b\" data-element_type=\"section\">\n\t\t\t\t\t\t<div class=\"elementor-container elementor-column-gap-default\">\n\t\t\t\t\t<div class=\"elementor-column elementor-col-25 elementor-top-column elementor-element elementor-element-7cd4455b\" data-id=\"7cd4455b\" data-element_type=\"column\">\n\t\t\t<div class=\"elementor-widget-wrap elementor-element-populated\">\n\t\t\t\t\t\t<div class=\"elementor-element elementor-element-6d5c562 elementor-widget elementor-widget-motta-navigation-bar\" data-id=\"6d5c562\" data-element_type=\"widget\" data-widget_type=\"motta-navigation-bar.default\">\n\t\t\t\t<div class=\"elementor-widget-container\">\n\t\t\t\t\t<div class=\"motta-navigation-bar\"><div class=\"motta-navigation-bar__title motta-navigation-bar__title-item--9d3b048\"><a href=\"https:\/\/shuji.ca\/legal\/terms-of-use\/\">Conditions d'utilisation<\/a> <\/div><div class=\"motta-navigation-bar__title motta-navigation-bar__title-item--f09a0c4 active\"><a href=\"https:\/\/shuji.ca\/legal\/return-refund-policy\">Politique de retour et de remboursement<\/a> <\/div><div class=\"motta-navigation-bar__title motta-navigation-bar__title-item--a93a3a7\"><a href=\"https:\/\/shuji.ca\/legal\/privacy-policy-2\/\">Politique de confidentialit\u00e9<\/a> <\/div><div class=\"motta-navigation-bar__title motta-navigation-bar__title-item--c71b541\"><a href=\"https:\/\/shuji.ca\/legal\/cookie-policy\/\">Politique en mati\u00e8re de cookies<\/a> <\/div><\/div>\t\t\t\t<\/div>\n\t\t\t\t<\/div>\n\t\t\t\t\t<\/div>\n\t\t<\/div>\n\t\t\t\t<div class=\"elementor-column elementor-col-50 elementor-top-column elementor-element elementor-element-4f04f10b\" data-id=\"4f04f10b\" data-element_type=\"column\">\n\t\t\t<div class=\"elementor-widget-wrap elementor-element-populated\">\n\t\t\t\t\t\t<div class=\"elementor-element elementor-element-b15298c elementor-widget elementor-widget-motta-heading\" data-id=\"b15298c\" data-element_type=\"widget\" data-widget_type=\"motta-heading.default\">\n\t\t\t\t<div class=\"elementor-widget-container\">\n\t\t\t\t\t\t\t<div class=\"motta-heading-elementor motta-heading__button-on\">\r\n\t\t\t\t<h2 class=\"motta-heading motta-heading--default\">\r\n\t\t\t\t\tPolitique de retour et de remboursement\t\t\t\t<\/h2>\r\n\t\t\t\t\t\t\t<\/div>\r\n\t\t\t\t\t\t<\/div>\n\t\t\t\t<\/div>\n\t\t\t\t<div class=\"elementor-element elementor-element-5e0e5ef elementor-widget elementor-widget-motta-heading\" data-id=\"5e0e5ef\" data-element_type=\"widget\" data-widget_type=\"motta-heading.default\">\n\t\t\t\t<div class=\"elementor-widget-container\">\n\t\t\t\t\t\t\t<div class=\"motta-heading-elementor motta-heading__button-on\">\r\n\t\t\t\t<h6 class=\"motta-heading motta-heading--default\">\r\n\t\t\t\t\tDerni\u00e8re mise \u00e0 jour : 10 ao\u00fbt 2024\t\t\t\t<\/h6>\r\n\t\t\t\t\t\t\t<\/div>\r\n\t\t\t\t\t\t<\/div>\n\t\t\t\t<\/div>\n\t\t\t\t<div class=\"elementor-element elementor-element-5b1c405 elementor-widget-divider--view-line elementor-widget elementor-widget-divider\" data-id=\"5b1c405\" data-element_type=\"widget\" data-widget_type=\"divider.default\">\n\t\t\t\t<div class=\"elementor-widget-container\">\n\t\t\t\t\t\t\t<div class=\"elementor-divider\">\n\t\t\t<span class=\"elementor-divider-separator\">\n\t\t\t\t\t\t<\/span>\n\t\t<\/div>\n\t\t\t\t\t\t<\/div>\n\t\t\t\t<\/div>\n\t\t\t\t<div class=\"elementor-element elementor-element-9943517 elementor-widget elementor-widget-spacer\" data-id=\"9943517\" data-element_type=\"widget\" data-widget_type=\"spacer.default\">\n\t\t\t\t<div class=\"elementor-widget-container\">\n\t\t\t\t\t\t\t<div class=\"elementor-spacer\">\n\t\t\t<div class=\"elementor-spacer-inner\"><\/div>\n\t\t<\/div>\n\t\t\t\t\t\t<\/div>\n\t\t\t\t<\/div>\n\t\t\t\t<div class=\"elementor-element elementor-element-5dd5df3 elementor-widget elementor-widget-text-editor\" data-id=\"5dd5df3\" data-element_type=\"widget\" data-widget_type=\"text-editor.default\">\n\t\t\t\t<div class=\"elementor-widget-container\">\n\t\t\t\t\t\t\t\t\t<ul><li><strong>Defective items<\/strong>: If the whole order is returned, you will receive a full refund. If only a part of the order is returned, you will receive a refund for the items being returned only.<\/li><\/ul>\t\t\t\t\t\t\t\t<\/div>\n\t\t\t\t<\/div>\n\t\t\t\t<div class=\"elementor-element elementor-element-6e4628f elementor-widget elementor-widget-text-editor\" data-id=\"6e4628f\" data-element_type=\"widget\" data-widget_type=\"text-editor.default\">\n\t\t\t\t<div class=\"elementor-widget-container\">\n\t\t\t\t\t\t\t\t\t<ul><li><strong>Non-defective closed items<\/strong>: Please be advised that the cost of shipping will not be refunded. The total amount refunded will be the item amount only. *There will also be a mandatory restocking fee of between 10 and 30% for non-defective items, depending on the item.<\/li><\/ul>\t\t\t\t\t\t\t\t<\/div>\n\t\t\t\t<\/div>\n\t\t\t\t<div class=\"elementor-element elementor-element-df117b1 elementor-widget elementor-widget-text-editor\" data-id=\"df117b1\" data-element_type=\"widget\" data-widget_type=\"text-editor.default\">\n\t\t\t\t<div class=\"elementor-widget-container\">\n\t\t\t\t\t\t\t\t\t<ul><li><strong>Non-defective opened items<\/strong>: Please be advised that the cost of shipping will not be refunded. If you are not happy with the item you received, you can return it for a refund minus a restocking fee. *Some products cannot be returned such as personal items etc. Please refer to the product description when in doubt.<\/li><\/ul>\t\t\t\t\t\t\t\t<\/div>\n\t\t\t\t<\/div>\n\t\t\t\t<div class=\"elementor-element elementor-element-7207baa elementor-widget elementor-widget-text-editor\" data-id=\"7207baa\" data-element_type=\"widget\" data-widget_type=\"text-editor.default\">\n\t\t\t\t<div class=\"elementor-widget-container\">\n\t\t\t\t\t\t\t\t\t<ul><li>Our customer service team will be happy to assist you with any of your returns. In some cases, picture proof will be required to be able to complete the return process. *Please note all orders are recorded by our system.<\/li><\/ul>\t\t\t\t\t\t\t\t<\/div>\n\t\t\t\t<\/div>\n\t\t\t\t<div class=\"elementor-element elementor-element-a01f409 elementor-widget elementor-widget-text-editor\" data-id=\"a01f409\" data-element_type=\"widget\" data-widget_type=\"text-editor.default\">\n\t\t\t\t<div class=\"elementor-widget-container\">\n\t\t\t\t\t\t\t\t\t<ul><li>When issued a prepaid return shipping label by our customer service agent, please make sure to use this label as soon as possible. Shuji Select limits these labels to be used within 14 days. Items returned the 14 days may be refused and returned to you.<\/li><\/ul>\t\t\t\t\t\t\t\t<\/div>\n\t\t\t\t<\/div>\n\t\t\t\t<div class=\"elementor-element elementor-element-95a29fa elementor-widget elementor-widget-text-editor\" data-id=\"95a29fa\" data-element_type=\"widget\" data-widget_type=\"text-editor.default\">\n\t\t\t\t<div class=\"elementor-widget-container\">\n\t\t\t\t\t\t\t\t\t<ul><li>We are unfortunately not able to provide Return Shipping Labels to Metro pickup orders and orders placed outside of Canada; such will need an authorization from our customer service department to return the product back to our warehouse for either a replacement or a refund.<\/li><\/ul>\t\t\t\t\t\t\t\t<\/div>\n\t\t\t\t<\/div>\n\t\t\t\t<div class=\"elementor-element elementor-element-ef9c3bf elementor-widget elementor-widget-text-editor\" data-id=\"ef9c3bf\" data-element_type=\"widget\" data-widget_type=\"text-editor.default\">\n\t\t\t\t<div class=\"elementor-widget-container\">\n\t\t\t\t\t\t\t\t\t<ul><li>Any discrepancies between items received and ordered must be claimed within 14 days after delivery. Please contact our customer service by email with pictures of the items received and shipping label. Any items received by mistake may be required to be returned.<\/li><\/ul>\t\t\t\t\t\t\t\t<\/div>\n\t\t\t\t<\/div>\n\t\t\t\t<div class=\"elementor-element elementor-element-4f278da elementor-widget elementor-widget-text-editor\" data-id=\"4f278da\" data-element_type=\"widget\" data-widget_type=\"text-editor.default\">\n\t\t\t\t<div class=\"elementor-widget-container\">\n\t\t\t\t\t\t\t\t\t<ul><li>If an item becomes discontinued after purchase, we reserve the right to refund the product instead of shipping a replacement.<\/li><\/ul>\t\t\t\t\t\t\t\t<\/div>\n\t\t\t\t<\/div>\n\t\t\t\t<div class=\"elementor-element elementor-element-c75d51e elementor-widget elementor-widget-spacer\" data-id=\"c75d51e\" data-element_type=\"widget\" data-widget_type=\"spacer.default\">\n\t\t\t\t<div class=\"elementor-widget-container\">\n\t\t\t\t\t\t\t<div class=\"elementor-spacer\">\n\t\t\t<div class=\"elementor-spacer-inner\"><\/div>\n\t\t<\/div>\n\t\t\t\t\t\t<\/div>\n\t\t\t\t<\/div>\n\t\t\t\t<div class=\"elementor-element elementor-element-dd55169 elementor-widget elementor-widget-motta-heading\" data-id=\"dd55169\" data-element_type=\"widget\" data-widget_type=\"motta-heading.default\">\n\t\t\t\t<div class=\"elementor-widget-container\">\n\t\t\t\t\t\t\t<div class=\"motta-heading-elementor motta-heading__button-on\">\r\n\t\t\t\t<h3 class=\"motta-heading motta-heading--default\">\r\n\t\t\t\t\tPROMOTIONS \/ COUPONS \/ GIFTS\t\t\t\t<\/h3>\r\n\t\t\t\t\t\t\t<\/div>\r\n\t\t\t\t\t\t<\/div>\n\t\t\t\t<\/div>\n\t\t\t\t<div class=\"elementor-element elementor-element-be61ce4 elementor-widget elementor-widget-spacer\" data-id=\"be61ce4\" data-element_type=\"widget\" data-widget_type=\"spacer.default\">\n\t\t\t\t<div class=\"elementor-widget-container\">\n\t\t\t\t\t\t\t<div class=\"elementor-spacer\">\n\t\t\t<div class=\"elementor-spacer-inner\"><\/div>\n\t\t<\/div>\n\t\t\t\t\t\t<\/div>\n\t\t\t\t<\/div>\n\t\t\t\t<div class=\"elementor-element elementor-element-008f701 elementor-widget elementor-widget-text-editor\" data-id=\"008f701\" data-element_type=\"widget\" data-widget_type=\"text-editor.default\">\n\t\t\t\t<div class=\"elementor-widget-container\">\n\t\t\t\t\t\t\t\t\t<p>All free gifts\/promotional products cannot be exchanged or refunded and must be returned if the associated item is being returned.<\/p>\t\t\t\t\t\t\t\t<\/div>\n\t\t\t\t<\/div>\n\t\t\t\t<div class=\"elementor-element elementor-element-7b8b41c elementor-widget elementor-widget-text-editor\" data-id=\"7b8b41c\" data-element_type=\"widget\" data-widget_type=\"text-editor.default\">\n\t\t\t\t<div class=\"elementor-widget-container\">\n\t\t\t\t\t\t\t\t\t<p>Limited quantity: all free items will be on a first come first served basis. No substitutes will be offered.<\/p>\t\t\t\t\t\t\t\t<\/div>\n\t\t\t\t<\/div>\n\t\t\t\t<div class=\"elementor-element elementor-element-d919015 elementor-widget elementor-widget-text-editor\" data-id=\"d919015\" data-element_type=\"widget\" data-widget_type=\"text-editor.default\">\n\t\t\t\t<div class=\"elementor-widget-container\">\n\t\t\t\t\t\t\t\t\t<p>Dollar value coupons do not carry cash value, and must be used in one transaction, the remaining amount will not carry over. Dollar value coupons cannot be redeemed as cash.<\/p>\t\t\t\t\t\t\t\t<\/div>\n\t\t\t\t<\/div>\n\t\t\t\t<div class=\"elementor-element elementor-element-9b82589 elementor-widget elementor-widget-spacer\" data-id=\"9b82589\" data-element_type=\"widget\" data-widget_type=\"spacer.default\">\n\t\t\t\t<div class=\"elementor-widget-container\">\n\t\t\t\t\t\t\t<div class=\"elementor-spacer\">\n\t\t\t<div class=\"elementor-spacer-inner\"><\/div>\n\t\t<\/div>\n\t\t\t\t\t\t<\/div>\n\t\t\t\t<\/div>\n\t\t\t\t<div class=\"elementor-element elementor-element-80f84c3 elementor-widget elementor-widget-motta-heading\" data-id=\"80f84c3\" data-element_type=\"widget\" data-widget_type=\"motta-heading.default\">\n\t\t\t\t<div class=\"elementor-widget-container\">\n\t\t\t\t\t\t\t<div class=\"motta-heading-elementor motta-heading__button-on\">\r\n\t\t\t\t<h3 class=\"motta-heading motta-heading--default\">\r\n\t\t\t\t\tReturns, Exchanges and Refunds for Purchases with Free Gifts or Bonus Items\t\t\t\t<\/h3>\r\n\t\t\t\t\t\t\t<\/div>\r\n\t\t\t\t\t\t<\/div>\n\t\t\t\t<\/div>\n\t\t\t\t<div class=\"elementor-element elementor-element-36181cd elementor-widget elementor-widget-spacer\" data-id=\"36181cd\" data-element_type=\"widget\" data-widget_type=\"spacer.default\">\n\t\t\t\t<div class=\"elementor-widget-container\">\n\t\t\t\t\t\t\t<div class=\"elementor-spacer\">\n\t\t\t<div class=\"elementor-spacer-inner\"><\/div>\n\t\t<\/div>\n\t\t\t\t\t\t<\/div>\n\t\t\t\t<\/div>\n\t\t\t\t<div class=\"elementor-element elementor-element-3932844 elementor-widget elementor-widget-text-editor\" data-id=\"3932844\" data-element_type=\"widget\" data-widget_type=\"text-editor.default\">\n\t\t\t\t<div class=\"elementor-widget-container\">\n\t\t\t\t\t\t\t\t\t<p>All products (defective or non-defective) must be returned in their original purchase condition, with the original packing material, intact warranty cards, manuals, instructions and any other items or accessories provided by the manufacturer. If the purchase includes a gift, included or bonus items, the gift\/items must be returned as well for the purchase to qualify for a refund.<\/p>\t\t\t\t\t\t\t\t<\/div>\n\t\t\t\t<\/div>\n\t\t\t\t<div class=\"elementor-element elementor-element-48f6dee elementor-widget elementor-widget-text-editor\" data-id=\"48f6dee\" data-element_type=\"widget\" data-widget_type=\"text-editor.default\">\n\t\t\t\t<div class=\"elementor-widget-container\">\n\t\t\t\t\t\t\t\t\t<p>For audit and fraud prevention purposes, returns and exchanges of defective or non-defective products require your name, address and phone number. A valid (or a scan of) photo ID may also be requested for further confirmation. Returns with the original receipt will be made to the original method of payment or store credit.<\/p>\t\t\t\t\t\t\t\t<\/div>\n\t\t\t\t<\/div>\n\t\t\t\t<div class=\"elementor-element elementor-element-48f4bd9 elementor-widget elementor-widget-spacer\" data-id=\"48f4bd9\" data-element_type=\"widget\" data-widget_type=\"spacer.default\">\n\t\t\t\t<div class=\"elementor-widget-container\">\n\t\t\t\t\t\t\t<div class=\"elementor-spacer\">\n\t\t\t<div class=\"elementor-spacer-inner\"><\/div>\n\t\t<\/div>\n\t\t\t\t\t\t<\/div>\n\t\t\t\t<\/div>\n\t\t\t\t<div class=\"elementor-element elementor-element-491418c elementor-widget elementor-widget-motta-heading\" data-id=\"491418c\" data-element_type=\"widget\" data-widget_type=\"motta-heading.default\">\n\t\t\t\t<div class=\"elementor-widget-container\">\n\t\t\t\t\t\t\t<div class=\"motta-heading-elementor motta-heading__button-on\">\r\n\t\t\t\t<h3 class=\"motta-heading motta-heading--default\">\r\n\t\t\t\t\tReturns, Exchanges and Refunds for Purchases with Earned Store Credit\t\t\t\t<\/h3>\r\n\t\t\t\t\t\t\t<\/div>\r\n\t\t\t\t\t\t<\/div>\n\t\t\t\t<\/div>\n\t\t\t\t<div class=\"elementor-element elementor-element-836ab80 elementor-widget elementor-widget-spacer\" data-id=\"836ab80\" data-element_type=\"widget\" data-widget_type=\"spacer.default\">\n\t\t\t\t<div class=\"elementor-widget-container\">\n\t\t\t\t\t\t\t<div class=\"elementor-spacer\">\n\t\t\t<div class=\"elementor-spacer-inner\"><\/div>\n\t\t<\/div>\n\t\t\t\t\t\t<\/div>\n\t\t\t\t<\/div>\n\t\t\t\t<div class=\"elementor-element elementor-element-9853b51 elementor-widget elementor-widget-text-editor\" data-id=\"9853b51\" data-element_type=\"widget\" data-widget_type=\"text-editor.default\">\n\t\t\t\t<div class=\"elementor-widget-container\">\n\t\t\t\t\t\t\t\t\t<p>All product refunds are subject to store credit deduction corresponding to the product and\/or the order&#8217;s subtotal. Any store credits earned via special promotions or events requiring a minimum subtotal from either the order or specific items will be deducted if said minimum required is no longer reached after any related refund. Such store credit deductions may result in a negative total of credit rewards.<\/p>\t\t\t\t\t\t\t\t<\/div>\n\t\t\t\t<\/div>\n\t\t\t\t\t<\/div>\n\t\t<\/div>\n\t\t\t\t<div class=\"elementor-column elementor-col-25 elementor-top-column elementor-element elementor-element-11a6f7ec elementor-hidden-tablet elementor-hidden-mobile\" data-id=\"11a6f7ec\" data-element_type=\"column\">\n\t\t\t<div class=\"elementor-widget-wrap\">\n\t\t\t\t\t\t\t<\/div>\n\t\t<\/div>\n\t\t\t\t\t<\/div>\n\t\t<\/section>\n\t\t\t\t<\/div>","protected":false},"excerpt":{"rendered":"<p>Legal Terms of Use Return &#038; Refund Policy Privacy Policy Cookie policy Return &amp; Refund Policy Last updated: August 10, 2024 Defective items: If the whole order is returned, you will receive a full refund. If only a part of the order is returned, you will receive a refund for the items being returned only. [&hellip;]<\/p>","protected":false},"author":1,"featured_media":0,"parent":19870,"menu_order":0,"comment_status":"closed","ping_status":"closed","template":"","meta":{"footnotes":""},"class_list":["post-19874","page","type-page","status-publish","hentry"],"_links":{"self":[{"href":"https:\/\/shuji.ca\/fr\/wp-json\/wp\/v2\/pages\/19874","targetHints":{"allow":["GET"]}}],"collection":[{"href":"https:\/\/shuji.ca\/fr\/wp-json\/wp\/v2\/pages"}],"about":[{"href":"https:\/\/shuji.ca\/fr\/wp-json\/wp\/v2\/types\/page"}],"author":[{"embeddable":true,"href":"https:\/\/shuji.ca\/fr\/wp-json\/wp\/v2\/users\/1"}],"replies":[{"embeddable":true,"href":"https:\/\/shuji.ca\/fr\/wp-json\/wp\/v2\/comments?post=19874"}],"version-history":[{"count":18,"href":"https:\/\/shuji.ca\/fr\/wp-json\/wp\/v2\/pages\/19874\/revisions"}],"predecessor-version":[{"id":29773,"href":"https:\/\/shuji.ca\/fr\/wp-json\/wp\/v2\/pages\/19874\/revisions\/29773"}],"up":[{"embeddable":true,"href":"https:\/\/shuji.ca\/fr\/wp-json\/wp\/v2\/pages\/19870"}],"wp:attachment":[{"href":"https:\/\/shuji.ca\/fr\/wp-json\/wp\/v2\/media?parent=19874"}],"curies":[{"name":"wp","href":"https:\/\/api.w.org\/{rel}","templated":true}]}}